{"id":52185,"date":"2022-06-29T12:59:18","date_gmt":"2022-06-29T10:59:18","guid":{"rendered":"https:\/\/secureus.se\/produkt\/larmbox-16-pol-10-kohm\/"},"modified":"2026-04-23T10:46:03","modified_gmt":"2026-04-23T08:46:03","slug":"larmbox-16-pol-10-kohm","status":"publish","type":"product","link":"https:\/\/secureus.se\/pl\/larmbox-16-pol-10-kohm\/","title":{"rendered":"Skrzynka alarmowa 16-biegunowa 1,0 Kohm"},"content":{"rendered":"<p>Przy\u0142\u0105cze przewodu dla drutu o \u015brednicy 0,4-0,7 mm. Oddzielna listwa zaciskowa dla kabli przychodz\u0105cych i wychodz\u0105cych. Kompletny produkt w ma\u0142ym bia\u0142ym pude\u0142ku wykonanym z tworzywa sztucznego UL94-V0 (ognioszczelnego i bezhalogenowego) o stabilnej grubo\u015bci. Skrzyni\u0119 przy\u0142\u0105czeniow\u0105 mo\u017cna uzupe\u0142ni\u0107 o elementy dystansowe \u015bcienne o d\u0142ugo\u015bci 6 mm lub 13 mm, kt\u00f3re mo\u017cna ustawia\u0107 jeden na drugim, patrz 2581.06 (Enr. 5015236) lub 2581.13 (Enr. 5015238) i ma\u0142\u0105 tabliczk\u0119 \u015bcienn\u0105, patrz 3132.01 (Enr. 5015560).<\/p>","protected":false},"excerpt":{"rendered":"<p>Przy\u0142\u0105cze przewodu dla drutu o \u015brednicy 0,4-0,7 mm. Oddzielna listwa zaciskowa dla kabli przychodz\u0105cych i wychodz\u0105cych. Kompletny produkt w ma\u0142ym bia\u0142ym pude\u0142ku wykonanym z tworzywa sztucznego UL94-V0 (ognioszczelnego i bezhalogenowego) o stabilnej grubo\u015bci. Skrzynka przy\u0142\u0105czeniowa mo\u017ce zosta\u0107 uzupe\u0142niona<\/p>","protected":false},"featured_media":142395,"template":"","meta":{"_acf_changed":false},"product_brand":[],"product_cat":[1545],"product_tag":[2216],"class_list":{"0":"post-52185","1":"product","2":"type-product","3":"status-publish","4":"has-post-thumbnail","6":"product_cat-kopplingsdosa-larmdosa","7":"product_tag-dosa-16-polig","8":"product_shipping_class-postnord-varubrev","9":"pa_brands-alarmtech","10":"pa_farg-vit","11":"tm-no-options","13":"first","14":"outofstock","15":"sale","16":"taxable","17":"shipping-taxable","18":"purchasable","19":"product-type-simple"},"acf":[],"_links":{"self":[{"href":"https:\/\/secureus.se\/pl\/wp-json\/wp\/v2\/product\/52185","targetHints":{"allow":["GET"]}}],"collection":[{"href":"https:\/\/secureus.se\/pl\/wp-json\/wp\/v2\/product"}],"about":[{"href":"https:\/\/secureus.se\/pl\/wp-json\/wp\/v2\/types\/product"}],"wp:featuredmedia":[{"embeddable":true,"href":"https:\/\/secureus.se\/pl\/wp-json\/wp\/v2\/media\/142395"}],"wp:attachment":[{"href":"https:\/\/secureus.se\/pl\/wp-json\/wp\/v2\/media?parent=52185"}],"wp:term":[{"taxonomy":"product_brand","embeddable":true,"href":"https:\/\/secureus.se\/pl\/wp-json\/wp\/v2\/product_brand?post=52185"},{"taxonomy":"product_cat","embeddable":true,"href":"https:\/\/secureus.se\/pl\/wp-json\/wp\/v2\/product_cat?post=52185"},{"taxonomy":"product_tag","embeddable":true,"href":"https:\/\/secureus.se\/pl\/wp-json\/wp\/v2\/product_tag?post=52185"}],"curies":[{"name":"wp","href":"https:\/\/api.w.org\/{rel}","templated":true}]}}