{"id":52195,"date":"2022-06-29T12:56:21","date_gmt":"2022-06-29T10:56:21","guid":{"rendered":"https:\/\/secureus.se\/produkt\/sakringsbox-10-30v-dc-ac-skruv\/"},"modified":"2026-03-26T11:41:17","modified_gmt":"2026-03-26T10:41:17","slug":"sakringsbox-10-30v-dc-ac-skruv","status":"publish","type":"product","link":"https:\/\/secureus.se\/pl\/sakringsbox-10-30v-dc-ac-skruv\/","title":{"rendered":"Skrzynka bezpiecznik\u00f3w 10-30 V DC\/Ac \u015aruba"},"content":{"rendered":"<p>Do rozdzielania zasilania 10A na 5 sekcji. 2-biegunowy z bezpiecznikiem maks. 2A. Przeka\u017anik po\u0142\u0105czony szeregowo z diod\u0105 LED wskazuj\u0105c\u0105 pe\u0142ny bezpiecznik, dotyczy zar\u00f3wno +, jak i -. Ca\u0142kowity alarm zamkni\u0119cia lub zerwania. W pokrywie znajduje si\u0119 otw\u00f3r do podpisu (terminal do podpisu znajduje si\u0119 w zestawie). Pude\u0142ko mo\u017cna uzupe\u0142ni\u0107 o elementy dystansowe \u015bcienne o d\u0142ugo\u015bci 6 mm lub 13 mm 2581.06 (5015236), 2581.13 (5015238), a tak\u017ce tabliczk\u0119\/tabliczk\u0119 znakuj\u0105c\u0105 3132.01 (5015560).<\/p>","protected":false},"excerpt":{"rendered":"<p>Do rozdzielania zasilania 10A na 5 sekcji. 2-biegunowy z bezpiecznikiem maks. 2A. Przeka\u017anik po\u0142\u0105czony szeregowo z diod\u0105 LED wskazuj\u0105c\u0105 pe\u0142ny bezpiecznik, dotyczy zar\u00f3wno +, jak i -. Ca\u0142kowity alarm wy\u0142\u0105czony<\/p>","protected":false},"featured_media":142955,"template":"","meta":{"_acf_changed":false},"product_brand":[],"product_cat":[1545],"product_tag":[2223],"class_list":{"0":"post-52195","1":"product","2":"type-product","3":"status-publish","4":"has-post-thumbnail","6":"product_cat-kopplingsdosa-larmdosa","7":"product_tag-dosa-med-rela-sokring","8":"product_shipping_class-postnord-varubrev","9":"pa_brands-alarmtech","10":"pa_farg-ovrigt","11":"tm-no-options","13":"first","14":"outofstock","15":"sale","16":"taxable","17":"shipping-taxable","18":"purchasable","19":"product-type-simple"},"acf":[],"_links":{"self":[{"href":"https:\/\/secureus.se\/pl\/wp-json\/wp\/v2\/product\/52195","targetHints":{"allow":["GET"]}}],"collection":[{"href":"https:\/\/secureus.se\/pl\/wp-json\/wp\/v2\/product"}],"about":[{"href":"https:\/\/secureus.se\/pl\/wp-json\/wp\/v2\/types\/product"}],"wp:featuredmedia":[{"embeddable":true,"href":"https:\/\/secureus.se\/pl\/wp-json\/wp\/v2\/media\/142955"}],"wp:attachment":[{"href":"https:\/\/secureus.se\/pl\/wp-json\/wp\/v2\/media?parent=52195"}],"wp:term":[{"taxonomy":"product_brand","embeddable":true,"href":"https:\/\/secureus.se\/pl\/wp-json\/wp\/v2\/product_brand?post=52195"},{"taxonomy":"product_cat","embeddable":true,"href":"https:\/\/secureus.se\/pl\/wp-json\/wp\/v2\/product_cat?post=52195"},{"taxonomy":"product_tag","embeddable":true,"href":"https:\/\/secureus.se\/pl\/wp-json\/wp\/v2\/product_tag?post=52195"}],"curies":[{"name":"wp","href":"https:\/\/api.w.org\/{rel}","templated":true}]}}