{"id":52198,"date":"2022-06-29T12:55:34","date_gmt":"2022-06-29T10:55:34","guid":{"rendered":"https:\/\/secureus.se\/produkt\/box-19-2x-lnl-2-modul\/"},"modified":"2026-03-26T11:41:34","modified_gmt":"2026-03-26T10:41:34","slug":"box-19-2x-lnl-2-modul","status":"publish","type":"product","link":"https:\/\/secureus.se\/pl\/box-19-2x-lnl-2-modul\/","title":{"rendered":"Pude\u0142ko 19\u2033 2X Lnl + 2 modu\u0142y"},"content":{"rendered":"<p>Umo\u017cliwia wygodn\u0105 instalacj\u0119 listew zaciskowych i kart Lenel w poziomie, z miejscem na maksymalnie 2 du\u017ce karty Lenel. Elementy dystansowe terminali s\u0105 umieszczone tak, aby pasowa\u0142y do kart Lenel i s\u0105 do\u0142\u0105czone do produktu. Wymiary metalowej skrzynki 44x485x220mm (wys.xszer.xg\u0142.), pokrywa malowana proszkowo w kolorze bia\u0142ym. Wyj\u015bcia kablowe z ty\u0142u. Dostarczane z przek\u0142adkami zacisk\u00f3w i ochron\u0105 kabla. Opcjonalnie w komplecie z p\u0142ytk\u0105 sygnaturow\u0105 na\u015bcienn\u0105 3132.01 (5015560) lub innymi elementami dystansowymi zacisk\u00f3w, np. nr art. 2591.12 lub 2591.15 (nr 5015374, 5015376)<\/p>","protected":false},"excerpt":{"rendered":"<p>Umo\u017cliwia wygodn\u0105 instalacj\u0119 listew zaciskowych i kart Lenel w poziomie, z miejscem na maksymalnie 2 du\u017ce karty Lenel. Elementy dystansowe terminali s\u0105 umieszczone tak, aby pasowa\u0142y do kart Lenel i s\u0105 do\u0142\u0105czone do produktu. Rozmiar<\/p>","protected":false},"featured_media":142578,"template":"","meta":{"_acf_changed":false},"product_brand":[],"product_cat":[1547],"product_tag":[2213],"class_list":{"0":"post-52198","1":"product","2":"type-product","3":"status-publish","4":"has-post-thumbnail","6":"product_cat-plint-larm-telebox","7":"product_tag-box-19-med-tillbehor","8":"product_shipping_class-postnord-varubrev","9":"pa_brands-alarmtech","10":"tm-no-options","12":"first","13":"instock","14":"sale","15":"taxable","16":"shipping-taxable","17":"purchasable","18":"product-type-simple"},"acf":[],"_links":{"self":[{"href":"https:\/\/secureus.se\/pl\/wp-json\/wp\/v2\/product\/52198","targetHints":{"allow":["GET"]}}],"collection":[{"href":"https:\/\/secureus.se\/pl\/wp-json\/wp\/v2\/product"}],"about":[{"href":"https:\/\/secureus.se\/pl\/wp-json\/wp\/v2\/types\/product"}],"wp:featuredmedia":[{"embeddable":true,"href":"https:\/\/secureus.se\/pl\/wp-json\/wp\/v2\/media\/142578"}],"wp:attachment":[{"href":"https:\/\/secureus.se\/pl\/wp-json\/wp\/v2\/media?parent=52198"}],"wp:term":[{"taxonomy":"product_brand","embeddable":true,"href":"https:\/\/secureus.se\/pl\/wp-json\/wp\/v2\/product_brand?post=52198"},{"taxonomy":"product_cat","embeddable":true,"href":"https:\/\/secureus.se\/pl\/wp-json\/wp\/v2\/product_cat?post=52198"},{"taxonomy":"product_tag","embeddable":true,"href":"https:\/\/secureus.se\/pl\/wp-json\/wp\/v2\/product_tag?post=52198"}],"curies":[{"name":"wp","href":"https:\/\/api.w.org\/{rel}","templated":true}]}}