{"id":52203,"date":"2022-06-29T12:54:14","date_gmt":"2022-06-29T10:54:14","guid":{"rendered":"https:\/\/secureus.se\/produkt\/larmbox-k-dosa-20-pol-skr\/"},"modified":"2026-03-26T11:44:08","modified_gmt":"2026-03-26T10:44:08","slug":"larmbox-k-dosa-20-pol-skr","status":"publish","type":"product","link":"https:\/\/secureus.se\/pl\/larmbox-k-dosa-20-pol-skr\/","title":{"rendered":"Skrzynka alarmowa K-Dosa 20 Pol Skr"},"content":{"rendered":"<p>Zacisk przy\u0142\u0105czeniowy do monta\u017cu w puszce przy\u0142\u0105czeniowej (wymiary zewn\u0119trzne ok. 82 mm i rozstaw otwor\u00f3w c\/c 67 mm). Przystosowany jest do \u0142atwego pod\u0142\u0105czenia urz\u0105dze\u0144 peryferyjnych takich jak styki magnetyczne, czujniki st\u0142uczenia szyby itp. W zestawie listwa zaciskowa, uchwyt zaciskowy i kwadratowa os\u0142ona 92 x 92 mm z bia\u0142ego tworzywa sztucznego UL94-V0.<\/p>","protected":false},"excerpt":{"rendered":"<p>Zacisk przy\u0142\u0105czeniowy do monta\u017cu w puszce przy\u0142\u0105czeniowej (wymiary zewn\u0119trzne ok. 82 mm i rozstaw otwor\u00f3w c\/c 67 mm). Przystosowany jest do \u0142atwego pod\u0142\u0105czenia urz\u0105dze\u0144 peryferyjnych takich jak styki magnetyczne, czujniki st\u0142uczenia szyby itp. Dostarczane z listw\u0105 zaciskow\u0105 i uchwytem zaciskowym<\/p>","protected":false},"featured_media":142590,"template":"","meta":{"_acf_changed":false},"product_brand":[],"product_cat":[1545],"product_tag":[2217],"class_list":{"0":"post-52203","1":"product","2":"type-product","3":"status-publish","4":"has-post-thumbnail","6":"product_cat-kopplingsdosa-larmdosa","7":"product_tag-dosa-20-polig","8":"product_shipping_class-postnord-varubrev","9":"pa_brands-alarmtech","10":"pa_farg-ovrigt","11":"tm-no-options","13":"first","14":"instock","15":"sale","16":"taxable","17":"shipping-taxable","18":"purchasable","19":"product-type-simple"},"acf":[],"_links":{"self":[{"href":"https:\/\/secureus.se\/pl\/wp-json\/wp\/v2\/product\/52203","targetHints":{"allow":["GET"]}}],"collection":[{"href":"https:\/\/secureus.se\/pl\/wp-json\/wp\/v2\/product"}],"about":[{"href":"https:\/\/secureus.se\/pl\/wp-json\/wp\/v2\/types\/product"}],"wp:featuredmedia":[{"embeddable":true,"href":"https:\/\/secureus.se\/pl\/wp-json\/wp\/v2\/media\/142590"}],"wp:attachment":[{"href":"https:\/\/secureus.se\/pl\/wp-json\/wp\/v2\/media?parent=52203"}],"wp:term":[{"taxonomy":"product_brand","embeddable":true,"href":"https:\/\/secureus.se\/pl\/wp-json\/wp\/v2\/product_brand?post=52203"},{"taxonomy":"product_cat","embeddable":true,"href":"https:\/\/secureus.se\/pl\/wp-json\/wp\/v2\/product_cat?post=52203"},{"taxonomy":"product_tag","embeddable":true,"href":"https:\/\/secureus.se\/pl\/wp-json\/wp\/v2\/product_tag?post=52203"}],"curies":[{"name":"wp","href":"https:\/\/api.w.org\/{rel}","templated":true}]}}