{"id":52204,"date":"2022-06-29T12:53:47","date_gmt":"2022-06-29T10:53:47","guid":{"rendered":"https:\/\/secureus.se\/produkt\/larmbox-20pol-apparatdosa\/"},"modified":"2026-03-26T11:44:15","modified_gmt":"2026-03-26T10:44:15","slug":"larmbox-20pol-apparatdosa","status":"publish","type":"product","link":"https:\/\/secureus.se\/pl\/larmbox-20pol-apparatdosa\/","title":{"rendered":"Skrzynka alarmowa 20Pol Skrzynka urz\u0105dzenia"},"content":{"rendered":"<p>Listwa zaciskowa do monta\u017cu podtynkowego w puszce aparaturowej z rozstawem otwor\u00f3w 60mm. Przystosowany jest do \u0142atwego pod\u0142\u0105czenia urz\u0105dze\u0144 peryferyjnych takich jak styki magnetyczne, czujniki st\u0142uczenia szyby itp. Dost\u0119pny tak\u017ce jako zewn\u0119trzny minibox, patrz 28120.03 (Enr 5015216). W zestawie kwadratowa pokrywa 86 x 86 mm z bia\u0142ego tworzywa sztucznego UL94-V0.<\/p>","protected":false},"excerpt":{"rendered":"<p>Listwa zaciskowa do monta\u017cu podtynkowego w puszce aparaturowej z rozstawem otwor\u00f3w 60mm. Przystosowany jest do \u0142atwego pod\u0142\u0105czenia urz\u0105dze\u0144 peryferyjnych takich jak styki magnetyczne, czujniki st\u0142uczenia szyby itp. Dost\u0119pne tak\u017ce jako zewn\u0119trzne mini-boxy, patrz 28120.03 (nr<\/p>","protected":false},"featured_media":142988,"template":"","meta":{"_acf_changed":false},"product_brand":[],"product_cat":[1545],"product_tag":[2217,2222],"class_list":{"0":"post-52204","1":"product","2":"type-product","3":"status-publish","4":"has-post-thumbnail","6":"product_cat-kopplingsdosa-larmdosa","7":"product_tag-dosa-20-polig","8":"product_tag-dosa-for-kopplingsdosa-k-dosa","9":"product_shipping_class-postnord-varubrev","10":"pa_brands-alarmtech","11":"pa_farg-vit","12":"tm-no-options","14":"first","15":"instock","16":"sale","17":"taxable","18":"shipping-taxable","19":"purchasable","20":"product-type-simple"},"acf":[],"_links":{"self":[{"href":"https:\/\/secureus.se\/pl\/wp-json\/wp\/v2\/product\/52204","targetHints":{"allow":["GET"]}}],"collection":[{"href":"https:\/\/secureus.se\/pl\/wp-json\/wp\/v2\/product"}],"about":[{"href":"https:\/\/secureus.se\/pl\/wp-json\/wp\/v2\/types\/product"}],"wp:featuredmedia":[{"embeddable":true,"href":"https:\/\/secureus.se\/pl\/wp-json\/wp\/v2\/media\/142988"}],"wp:attachment":[{"href":"https:\/\/secureus.se\/pl\/wp-json\/wp\/v2\/media?parent=52204"}],"wp:term":[{"taxonomy":"product_brand","embeddable":true,"href":"https:\/\/secureus.se\/pl\/wp-json\/wp\/v2\/product_brand?post=52204"},{"taxonomy":"product_cat","embeddable":true,"href":"https:\/\/secureus.se\/pl\/wp-json\/wp\/v2\/product_cat?post=52204"},{"taxonomy":"product_tag","embeddable":true,"href":"https:\/\/secureus.se\/pl\/wp-json\/wp\/v2\/product_tag?post=52204"}],"curies":[{"name":"wp","href":"https:\/\/api.w.org\/{rel}","templated":true}]}}