{"id":52207,"date":"2022-06-29T12:52:54","date_gmt":"2022-06-29T10:52:54","guid":{"rendered":"https:\/\/secureus.se\/produkt\/kopplingsbox-8-par-ip65\/"},"modified":"2026-04-23T11:07:36","modified_gmt":"2026-04-23T09:07:36","slug":"kopplingsbox-8-par-ip65","status":"publish","type":"product","link":"https:\/\/secureus.se\/pl\/kopplingsbox-8-par-ip65\/","title":{"rendered":"Skrzynka przy\u0142\u0105czeniowa 8 par IP65"},"content":{"rendered":"<p>Plastikowa skrzynka przy\u0142\u0105czeniowa o stopniu ochrony IP 65 z 8 biegunami wej\u015bciowymi i 8 biegunowymi wyj\u015bciowymi, zaciskami \u015brubowymi z funkcj\u0105 windy. Przy\u0142\u0105cze przewodu dla drutu 0,14-1mm2. Puszka posiada 10 przygotowanych przepust\u00f3w kablowych. Rozmiar 87x87x39mm. Maks. napi\u0119cie 60 V, 2 A. Produkt mo\u017cna uzupe\u0142ni\u0107 o zacisk sabota\u017cowy 28102.03 (E-nr 5015209), kt\u00f3ry montowany jest na dystansie do\u0142\u0105czonym do produktu. Do identyfikacji\/podpisu zalecana jest tabliczka \u015bcienna 3132.01 (E-nr 5015560).<\/p>","protected":false},"excerpt":{"rendered":"<p>IP 65-klassad kopplingsbox av plast med 8 poler in, 8 poler ut, skruvterminaler med hissfunktion. Ledaranslutning f\u00f6r 0,14-1mm2 tr\u00e5d. L\u00e5dan har 10 f\u00f6rberedda kabeling\u00e5ngar. Storlek 87x87x39mm. Rek max 60V, 2A.<\/p>","protected":false},"featured_media":142233,"template":"","meta":{"_acf_changed":false},"product_brand":[],"product_cat":[1545],"product_tag":[2215],"class_list":{"0":"post-52207","1":"product","2":"type-product","3":"status-publish","4":"has-post-thumbnail","6":"product_cat-kopplingsdosa-larmdosa","7":"product_tag-dosa-8-polig","8":"product_shipping_class-postnord-varubrev","9":"pa_brands-alarmtech","10":"pa_farg-vit","11":"tm-no-options","13":"first","14":"outofstock","15":"sale","16":"taxable","17":"shipping-taxable","18":"purchasable","19":"product-type-simple"},"acf":[],"_links":{"self":[{"href":"https:\/\/secureus.se\/pl\/wp-json\/wp\/v2\/product\/52207","targetHints":{"allow":["GET"]}}],"collection":[{"href":"https:\/\/secureus.se\/pl\/wp-json\/wp\/v2\/product"}],"about":[{"href":"https:\/\/secureus.se\/pl\/wp-json\/wp\/v2\/types\/product"}],"wp:featuredmedia":[{"embeddable":true,"href":"https:\/\/secureus.se\/pl\/wp-json\/wp\/v2\/media\/142233"}],"wp:attachment":[{"href":"https:\/\/secureus.se\/pl\/wp-json\/wp\/v2\/media?parent=52207"}],"wp:term":[{"taxonomy":"product_brand","embeddable":true,"href":"https:\/\/secureus.se\/pl\/wp-json\/wp\/v2\/product_brand?post=52207"},{"taxonomy":"product_cat","embeddable":true,"href":"https:\/\/secureus.se\/pl\/wp-json\/wp\/v2\/product_cat?post=52207"},{"taxonomy":"product_tag","embeddable":true,"href":"https:\/\/secureus.se\/pl\/wp-json\/wp\/v2\/product_tag?post=52207"}],"curies":[{"name":"wp","href":"https:\/\/api.w.org\/{rel}","templated":true}]}}