{"id":52210,"date":"2022-06-29T12:51:16","date_gmt":"2022-06-29T10:51:16","guid":{"rendered":"https:\/\/secureus.se\/produkt\/sakringsplint-10-30v-dc-ac\/"},"modified":"2026-03-26T11:46:15","modified_gmt":"2026-03-26T10:46:15","slug":"sakringsplint-10-30v-dc-ac","status":"publish","type":"product","link":"https:\/\/secureus.se\/pl\/sakringsplint-10-30v-dc-ac\/","title":{"rendered":"Zacisk bezpiecznikowy 10-30 V DC\/Ac"},"content":{"rendered":"<p>Do rozdzia\u0142u zasilania 10A na 5 sekcji. 2-biegunowy z bezpiecznikiem maks. 2A. Przeka\u017anik po\u0142\u0105czony szeregowo z diod\u0105 LED wskazuj\u0105c\u0105 pe\u0142ny bezpiecznik, dotyczy zar\u00f3wno +, jak i -. Ca\u0142kowity alarm zamkni\u0119cia lub zerwania. Oddzielny terminal do pod\u0142\u0105czenia do ekranu. W komplecie z podzia\u0142k\u0105 do podpisu 3131.01 (Enr 5015386). Cok\u00f3\u0142 ma wymiary 116x80x16mm i mie\u015bci si\u0119 w plastikowym pude\u0142ku 4103.02, 4103.03 lub w nieco wi\u0119kszych metalowych skrzynkach. Dost\u0119pny tak\u017ce jako produkt gotowy w plastikowym pude\u0142ku, patrz nr art. 4103.7103 (nr 5015329).<\/p>","protected":false},"excerpt":{"rendered":"<p>Do rozdzia\u0142u zasilania 10A na 5 sekcji. 2-biegunowy z bezpiecznikiem maks. 2A. Przeka\u017anik po\u0142\u0105czony szeregowo z diod\u0105 LED wskazuj\u0105c\u0105 pe\u0142ny bezpiecznik, dotyczy zar\u00f3wno +, jak i -. Totalny alarm<\/p>","protected":false},"featured_media":142619,"template":"","meta":{"_acf_changed":false},"product_brand":[],"product_cat":[4153,1548],"product_tag":[2427,2232],"class_list":{"0":"post-52210","1":"product","2":"type-product","3":"status-publish","4":"has-post-thumbnail","6":"product_cat-sakringsmodul","7":"product_cat-relaer-elektronik","8":"product_tag-rel-relaelektonik","9":"product_tag-rela-sakringsmodul","10":"product_shipping_class-postnord-varubrev","11":"pa_brands-alarmtech","12":"pa_farg-ovrigt","13":"tm-no-options","15":"first","16":"instock","17":"sale","18":"taxable","19":"shipping-taxable","20":"purchasable","21":"product-type-simple"},"acf":[],"_links":{"self":[{"href":"https:\/\/secureus.se\/pl\/wp-json\/wp\/v2\/product\/52210","targetHints":{"allow":["GET"]}}],"collection":[{"href":"https:\/\/secureus.se\/pl\/wp-json\/wp\/v2\/product"}],"about":[{"href":"https:\/\/secureus.se\/pl\/wp-json\/wp\/v2\/types\/product"}],"wp:featuredmedia":[{"embeddable":true,"href":"https:\/\/secureus.se\/pl\/wp-json\/wp\/v2\/media\/142619"}],"wp:attachment":[{"href":"https:\/\/secureus.se\/pl\/wp-json\/wp\/v2\/media?parent=52210"}],"wp:term":[{"taxonomy":"product_brand","embeddable":true,"href":"https:\/\/secureus.se\/pl\/wp-json\/wp\/v2\/product_brand?post=52210"},{"taxonomy":"product_cat","embeddable":true,"href":"https:\/\/secureus.se\/pl\/wp-json\/wp\/v2\/product_cat?post=52210"},{"taxonomy":"product_tag","embeddable":true,"href":"https:\/\/secureus.se\/pl\/wp-json\/wp\/v2\/product_tag?post=52210"}],"curies":[{"name":"wp","href":"https:\/\/api.w.org\/{rel}","templated":true}]}}