{"id":52211,"date":"2022-06-29T12:50:58","date_gmt":"2022-06-29T10:50:58","guid":{"rendered":"https:\/\/secureus.se\/produkt\/karmoverforing-14mm-rostfri\/"},"modified":"2026-04-08T16:49:18","modified_gmt":"2026-04-08T14:49:18","slug":"karmoverforing-14mm-rostfri","status":"publish","type":"product","link":"https:\/\/secureus.se\/pl\/karmoverforing-14mm-rostfri\/","title":{"rendered":"Transfer ramy 14 mm ze stali nierdzewnej"},"content":{"rendered":"<p>Przenoszenie ram za pomoc\u0105 w\u0119\u017ca ze stali nierdzewnej z zabezpieczeniem kabla na obu ko\u0144cach w celu ochrony kabla podczas przej\u015bcia od drzwi do ramy. D\u0142ugo\u015b\u0107 40 cm, \u015brednica zewn\u0119trzna 14 mm, \u015brednica wewn\u0119trzna 10,5 mm. Maksymalna \u015brednica kabla 8,8 mm. Uchwyty \u015bcienne maj\u0105 wymiary 36 x 36 x 17,7 mm i posiadaj\u0105 rowki, kt\u00f3re blokuj\u0105 w\u0105\u017c, zapewniaj\u0105c bezpieczny monta\u017c. Uchwyt \u015bcienny w kolorze srebrnym i w\u0105\u017c ze stali nierdzewnej. Uchwyt \u015bcienny dost\u0119pny jest r\u00f3wnie\u017c luzem, DL H14 (srebrny). Istnieje mo\u017cliwo\u015b\u0107 zam\u00f3wienia innych kolor\u00f3w (bia\u0142y i br\u0105zowy).<\/p>","protected":false},"excerpt":{"rendered":"<p>Przenoszenie ram za pomoc\u0105 w\u0119\u017ca ze stali nierdzewnej z zabezpieczeniem kabla na obu ko\u0144cach w celu ochrony kabla podczas przej\u015bcia od drzwi do ramy. D\u0142ugo\u015b\u0107 40 cm, \u015brednica zewn\u0119trzna 14 mm, \u015brednica wewn\u0119trzna 10,5 mm. Maksymalna \u015brednica kabla<\/p>","protected":false},"featured_media":142139,"template":"","meta":{"_acf_changed":false},"product_brand":[],"product_cat":[1546],"product_tag":[],"class_list":{"0":"post-52211","1":"product","2":"type-product","3":"status-publish","4":"has-post-thumbnail","6":"product_cat-kabeloverforing","7":"product_shipping_class-postnord-varubrev","8":"tm-no-options","10":"first","11":"instock","12":"sale","13":"taxable","14":"shipping-taxable","15":"purchasable","16":"product-type-simple"},"acf":[],"_links":{"self":[{"href":"https:\/\/secureus.se\/pl\/wp-json\/wp\/v2\/product\/52211","targetHints":{"allow":["GET"]}}],"collection":[{"href":"https:\/\/secureus.se\/pl\/wp-json\/wp\/v2\/product"}],"about":[{"href":"https:\/\/secureus.se\/pl\/wp-json\/wp\/v2\/types\/product"}],"wp:featuredmedia":[{"embeddable":true,"href":"https:\/\/secureus.se\/pl\/wp-json\/wp\/v2\/media\/142139"}],"wp:attachment":[{"href":"https:\/\/secureus.se\/pl\/wp-json\/wp\/v2\/media?parent=52211"}],"wp:term":[{"taxonomy":"product_brand","embeddable":true,"href":"https:\/\/secureus.se\/pl\/wp-json\/wp\/v2\/product_brand?post=52211"},{"taxonomy":"product_cat","embeddable":true,"href":"https:\/\/secureus.se\/pl\/wp-json\/wp\/v2\/product_cat?post=52211"},{"taxonomy":"product_tag","embeddable":true,"href":"https:\/\/secureus.se\/pl\/wp-json\/wp\/v2\/product_tag?post=52211"}],"curies":[{"name":"wp","href":"https:\/\/api.w.org\/{rel}","templated":true}]}}