{"id":52213,"date":"2022-06-29T12:50:17","date_gmt":"2022-06-29T10:50:17","guid":{"rendered":"https:\/\/secureus.se\/produkt\/kopplingsbox-plat-5-plint\/"},"modified":"2026-03-26T11:47:05","modified_gmt":"2026-03-26T10:47:05","slug":"kopplingsbox-plat-5-plint","status":"publish","type":"product","link":"https:\/\/secureus.se\/pl\/kopplingsbox-plat-5-plint\/","title":{"rendered":"Skrzynka przy\u0142\u0105czeniowa P\u0142yta 5 Zacisk"},"content":{"rendered":"<p>Solidna skrzynka z blachy ocynkowanej z lakierowan\u0105 bia\u0142\u0105 pokryw\u0105 i wst\u0119pnie dziurkowanymi wyj\u015bciami kablowymi zakrytymi plastikowymi wtyczkami. Wymiary 128x247x38mm. Pasuje do wszystkich zacisk\u00f3w modu\u0142owych programu Fatum i jest przygotowany na 5 modu\u0142\u00f3w. Pude\u0142ko jest r\u00f3wnie\u017c dost\u0119pne w tym samym rozmiarze, ale z charakterystycznym otworem, patrz 3205.03 (5015263). Do uzupe\u0142nienia tabliczk\u0105 znamionow\u0105 do artyku\u0142u \u015bciennego nr 3132.01 (5015560), dodatkow\u0105 zatyczk\u0105 0905.18 (5015540) i elementami dystansowymi do \u015bciany 2590.04 (5015360)<\/p>","protected":false},"excerpt":{"rendered":"<p>Robust l\u00e5da i f\u00f6rzinkad pl\u00e5t med lackerat vitt lock och f\u00e4rdigstansade kabelutg\u00e5ngar t\u00e4ckt med plastpluggar. M\u00e5tt 128x247x38mm. Passar Fatum-programmets alla modulplintar och \u00e4r f\u00f6rberedd f\u00f6r 5 moduler . L\u00e5dan finns<\/p>","protected":false},"featured_media":142501,"template":"","meta":{"_acf_changed":false},"product_brand":[],"product_cat":[1547],"product_tag":[2210],"class_list":{"0":"post-52213","1":"product","2":"type-product","3":"status-publish","4":"has-post-thumbnail","6":"product_cat-plint-larm-telebox","7":"product_tag-box-plat","8":"product_shipping_class-tunga-paket","9":"pa_brands-alarmtech","10":"tm-no-options","12":"first","13":"instock","14":"sale","15":"taxable","16":"shipping-taxable","17":"purchasable","18":"product-type-simple"},"acf":[],"_links":{"self":[{"href":"https:\/\/secureus.se\/pl\/wp-json\/wp\/v2\/product\/52213","targetHints":{"allow":["GET"]}}],"collection":[{"href":"https:\/\/secureus.se\/pl\/wp-json\/wp\/v2\/product"}],"about":[{"href":"https:\/\/secureus.se\/pl\/wp-json\/wp\/v2\/types\/product"}],"wp:featuredmedia":[{"embeddable":true,"href":"https:\/\/secureus.se\/pl\/wp-json\/wp\/v2\/media\/142501"}],"wp:attachment":[{"href":"https:\/\/secureus.se\/pl\/wp-json\/wp\/v2\/media?parent=52213"}],"wp:term":[{"taxonomy":"product_brand","embeddable":true,"href":"https:\/\/secureus.se\/pl\/wp-json\/wp\/v2\/product_brand?post=52213"},{"taxonomy":"product_cat","embeddable":true,"href":"https:\/\/secureus.se\/pl\/wp-json\/wp\/v2\/product_cat?post=52213"},{"taxonomy":"product_tag","embeddable":true,"href":"https:\/\/secureus.se\/pl\/wp-json\/wp\/v2\/product_tag?post=52213"}],"curies":[{"name":"wp","href":"https:\/\/api.w.org\/{rel}","templated":true}]}}