{"id":52214,"date":"2022-06-29T12:50:04","date_gmt":"2022-06-29T10:50:04","guid":{"rendered":"https:\/\/secureus.se\/produkt\/bygl-plint-glaskrossdet-sk-sk\/"},"modified":"2026-04-08T16:49:38","modified_gmt":"2026-04-08T14:49:38","slug":"bygl-plint-glaskrossdet-sk-sk","status":"publish","type":"product","link":"https:\/\/secureus.se\/pl\/bygl-plint-glaskrossdet-sk-sk\/","title":{"rendered":"Brigl.Plint Glaskrossdet Sk\/Sk"},"content":{"rendered":"<p>Kompletny produkt z zabezpieczeniem przed manipulacj\u0105, w pude\u0142ku Fatum Mini. Zalecany np. do monta\u017cu GD475. Puszka przy\u0142\u0105czeniowa mo\u017ce by\u0107 uzupe\u0142niona o elementy dystansowe \u015bcienne o d\u0142ugo\u015bci 6 mm lub 13 mm, kt\u00f3re mo\u017cna ustawia\u0107 jeden na drugim, patrz 2581.06 (Enr. 5015236) lub 2581.13 (Enr. 5015238) i ma\u0142\u0105 tabliczk\u0119 \u015bcienn\u0105, patrz 3132.01 (Enr. 5015560).<\/p>","protected":false},"excerpt":{"rendered":"<p>Kompletny produkt z zabezpieczeniem przed manipulacj\u0105, w pude\u0142ku Fatum Mini. Zalecany np. do monta\u017cu GD475. Puszka przy\u0142\u0105czeniowa mo\u017ce by\u0107 uzupe\u0142niona o elementy dystansowe do monta\u017cu pi\u0119trowego o d\u0142ugo\u015bci 6 mm lub 13 mm, patrz 2581.06 (nr 5015236) lub 2581.13<\/p>","protected":false},"featured_media":143030,"template":"","meta":{"_acf_changed":false},"product_brand":[],"product_cat":[1545],"product_tag":[2218],"class_list":{"0":"post-52214","1":"product","2":"type-product","3":"status-publish","4":"has-post-thumbnail","6":"product_cat-kopplingsdosa-larmdosa","7":"product_tag-dosa-glaskross","8":"product_shipping_class-postnord-varubrev","9":"pa_brands-alarmtech","10":"pa_farg-vit","11":"tm-no-options","13":"first","14":"instock","15":"sale","16":"taxable","17":"shipping-taxable","18":"purchasable","19":"product-type-simple"},"acf":[],"_links":{"self":[{"href":"https:\/\/secureus.se\/pl\/wp-json\/wp\/v2\/product\/52214","targetHints":{"allow":["GET"]}}],"collection":[{"href":"https:\/\/secureus.se\/pl\/wp-json\/wp\/v2\/product"}],"about":[{"href":"https:\/\/secureus.se\/pl\/wp-json\/wp\/v2\/types\/product"}],"wp:featuredmedia":[{"embeddable":true,"href":"https:\/\/secureus.se\/pl\/wp-json\/wp\/v2\/media\/143030"}],"wp:attachment":[{"href":"https:\/\/secureus.se\/pl\/wp-json\/wp\/v2\/media?parent=52214"}],"wp:term":[{"taxonomy":"product_brand","embeddable":true,"href":"https:\/\/secureus.se\/pl\/wp-json\/wp\/v2\/product_brand?post=52214"},{"taxonomy":"product_cat","embeddable":true,"href":"https:\/\/secureus.se\/pl\/wp-json\/wp\/v2\/product_cat?post=52214"},{"taxonomy":"product_tag","embeddable":true,"href":"https:\/\/secureus.se\/pl\/wp-json\/wp\/v2\/product_tag?post=52214"}],"curies":[{"name":"wp","href":"https:\/\/api.w.org\/{rel}","templated":true}]}}