{"id":52224,"date":"2022-06-29T12:48:07","date_gmt":"2022-06-29T10:48:07","guid":{"rendered":"https:\/\/secureus.se\/produkt\/kopplingsbox-plast-ip55-3\/"},"modified":"2026-04-23T11:07:20","modified_gmt":"2026-04-23T09:07:20","slug":"kopplingsbox-plast-ip55-3","status":"publish","type":"product","link":"https:\/\/secureus.se\/pl\/kopplingsbox-plast-ip55-3\/","title":{"rendered":"Skrzynka przy\u0142\u0105czeniowa Plastikowa Ip55 3"},"content":{"rendered":"<p>Dost\u0119pny w dw\u00f3ch wzorach. Pokrywa ca\u0142kowicie zakrywaj\u0105ca lub z widocznym podpisem przez otw\u00f3r w wieczku. Sygnatura jest zatrzaskiwana na cokole pude\u0142ka i pozostaje po zdj\u0119ciu wieczka. Puszka mo\u017ce by\u0107 uzupe\u0142niona przek\u0142adk\u0105 \u015bcienn\u0105 u\u0142atwiaj\u0105c\u0105 poprowadzenie kabli do dolnej cz\u0119\u015bci puszki. Do uzupe\u0142nienia coko\u0142em, sygnatura.<\/p>","protected":false},"excerpt":{"rendered":"<p>Finns i tv\u00e5 utf\u00f6randen. Helt\u00e4ckande lock eller med synlig signering genom \u00f6ppning i lock. Signering sn\u00e4ppes fast p\u00e5 plinten i boxen och sitter kvar n\u00e4r locket borttages. Boxen kan kompletteras<\/p>","protected":false},"featured_media":142764,"template":"","meta":{"_acf_changed":false},"product_brand":[],"product_cat":[1547],"product_tag":[],"class_list":{"0":"post-52224","1":"product","2":"type-product","3":"status-publish","4":"has-post-thumbnail","6":"product_cat-plint-larm-telebox","7":"product_shipping_class-tunga-paket","8":"pa_brands-alarmtech","9":"tm-no-options","11":"first","12":"instock","13":"sale","14":"taxable","15":"shipping-taxable","16":"purchasable","17":"product-type-simple"},"acf":[],"_links":{"self":[{"href":"https:\/\/secureus.se\/pl\/wp-json\/wp\/v2\/product\/52224","targetHints":{"allow":["GET"]}}],"collection":[{"href":"https:\/\/secureus.se\/pl\/wp-json\/wp\/v2\/product"}],"about":[{"href":"https:\/\/secureus.se\/pl\/wp-json\/wp\/v2\/types\/product"}],"wp:featuredmedia":[{"embeddable":true,"href":"https:\/\/secureus.se\/pl\/wp-json\/wp\/v2\/media\/142764"}],"wp:attachment":[{"href":"https:\/\/secureus.se\/pl\/wp-json\/wp\/v2\/media?parent=52224"}],"wp:term":[{"taxonomy":"product_brand","embeddable":true,"href":"https:\/\/secureus.se\/pl\/wp-json\/wp\/v2\/product_brand?post=52224"},{"taxonomy":"product_cat","embeddable":true,"href":"https:\/\/secureus.se\/pl\/wp-json\/wp\/v2\/product_cat?post=52224"},{"taxonomy":"product_tag","embeddable":true,"href":"https:\/\/secureus.se\/pl\/wp-json\/wp\/v2\/product_tag?post=52224"}],"curies":[{"name":"wp","href":"https:\/\/api.w.org\/{rel}","templated":true}]}}