{"id":52228,"date":"2022-06-29T12:47:37","date_gmt":"2022-06-29T10:47:37","guid":{"rendered":"https:\/\/secureus.se\/produkt\/relabox-mini10-30v-dc-acskruv\/"},"modified":"2026-03-26T11:48:50","modified_gmt":"2026-03-26T10:48:50","slug":"relabox-mini10-30v-dc-acskruv","status":"publish","type":"product","link":"https:\/\/secureus.se\/pl\/relabox-mini10-30v-dc-acskruv\/","title":{"rendered":"Skrzynka przeka\u017anik\u00f3w Mini10-30V DC\/Ac, \u015bruba"},"content":{"rendered":"<p>Do dodatkowych po\u0142\u0105cze\u0144 dost\u0119pne s\u0105 4 dodatkowe, niepod\u0142\u0105czone zaciski \u015brubowe z funkcj\u0105 windy. Dane techniczne: Powierzchnia 0,14 \u2013 1,5 mm2. Minimalne napi\u0119cie przeka\u017anika: 10 V. Zalecane maksymalne obci\u0105\u017cenie: 60 V \/ 2 A. Maksymalne obci\u0105\u017cenie styku sabota\u017cowego: 50 mA. Pob\u00f3r pr\u0105du przy 12 VDC (typ): 11,7 mA. Pob\u00f3r pr\u0105du przy 24 VDC (typ): 23,2 mA.<\/p>","protected":false},"excerpt":{"rendered":"<p>Do dodatkowych po\u0142\u0105cze\u0144 dost\u0119pne s\u0105 4 dodatkowe, niepod\u0142\u0105czone zaciski \u015brubowe z funkcj\u0105 windy. Dane techniczne: Powierzchnia 0,14 \u2013 1,5 mm2. Minimalne napi\u0119cie przeka\u017anika: 10 V. Zalecane maksymalne obci\u0105\u017cenie: 60 V \/ 2 A. Styk sabota\u017cowy<\/p>","protected":false},"featured_media":142647,"template":"","meta":{"_acf_changed":false},"product_brand":[],"product_cat":[1548],"product_tag":[],"class_list":{"0":"post-52228","1":"product","2":"type-product","3":"status-publish","4":"has-post-thumbnail","6":"product_cat-relaer-elektronik","7":"product_shipping_class-postnord-varubrev","8":"pa_farg-vit","9":"tm-no-options","11":"first","12":"instock","13":"sale","14":"taxable","15":"shipping-taxable","16":"purchasable","17":"product-type-simple"},"acf":[],"_links":{"self":[{"href":"https:\/\/secureus.se\/pl\/wp-json\/wp\/v2\/product\/52228","targetHints":{"allow":["GET"]}}],"collection":[{"href":"https:\/\/secureus.se\/pl\/wp-json\/wp\/v2\/product"}],"about":[{"href":"https:\/\/secureus.se\/pl\/wp-json\/wp\/v2\/types\/product"}],"wp:featuredmedia":[{"embeddable":true,"href":"https:\/\/secureus.se\/pl\/wp-json\/wp\/v2\/media\/142647"}],"wp:attachment":[{"href":"https:\/\/secureus.se\/pl\/wp-json\/wp\/v2\/media?parent=52228"}],"wp:term":[{"taxonomy":"product_brand","embeddable":true,"href":"https:\/\/secureus.se\/pl\/wp-json\/wp\/v2\/product_brand?post=52228"},{"taxonomy":"product_cat","embeddable":true,"href":"https:\/\/secureus.se\/pl\/wp-json\/wp\/v2\/product_cat?post=52228"},{"taxonomy":"product_tag","embeddable":true,"href":"https:\/\/secureus.se\/pl\/wp-json\/wp\/v2\/product_tag?post=52228"}],"curies":[{"name":"wp","href":"https:\/\/api.w.org\/{rel}","templated":true}]}}