{"id":52232,"date":"2022-06-29T12:47:06","date_gmt":"2022-06-29T10:47:06","guid":{"rendered":"https:\/\/secureus.se\/produkt\/larmbox-mini-12-pol-skruv\/"},"modified":"2026-02-20T11:53:06","modified_gmt":"2026-02-20T10:53:06","slug":"larmbox-mini-12-pol-skruv","status":"publish","type":"product","link":"https:\/\/secureus.se\/pl\/larmbox-mini-12-pol-skruv\/","title":{"rendered":"Skrzynka alarmowa Mini 12-biegunowa \u015bruba"},"content":{"rendered":"<p>Zacisk \u015brubowy z funkcj\u0105 windy i do przewodu 0,14-1mm2. Kompletny produkt w ma\u0142ej bia\u0142ej skrzynce przy\u0142\u0105czeniowej wykonanej z tworzywa sztucznego UL94-V0 (ognioszczelnego i niezawieraj\u0105cego halogen\u00f3w) o sta\u0142ej grubo\u015bci materia\u0142u. Skrzyni\u0119 przy\u0142\u0105czeniow\u0105 mo\u017cna uzupe\u0142ni\u0107 o elementy dystansowe \u015bcienne o d\u0142ugo\u015bci 6 mm lub 13 mm, kt\u00f3re mo\u017cna ustawia\u0107 jeden na drugim, patrz 2581.06, Enr 5015236 lub 2581.13 Enr 5015238, a tak\u017ce ma\u0142\u0105 tabliczk\u0119 na\u015bcienn\u0105, patrz 3132.01 Enr 5015560.<\/p>","protected":false},"excerpt":{"rendered":"<p>Zacisk \u015brubowy z funkcj\u0105 windy i do przewodu 0,14-1mm2. Kompletny produkt w ma\u0142ej bia\u0142ej skrzynce przy\u0142\u0105czeniowej wykonanej z tworzywa sztucznego UL94-V0 (ognioszczelnego i niezawieraj\u0105cego halogen\u00f3w) o sta\u0142ej grubo\u015bci materia\u0142u. Puszka przy\u0142\u0105czeniowa mo\u017ce by\u0107 uzupe\u0142niona o elementy dystansowe \u015bcienne, kt\u00f3re mo\u017cna ustawia\u0107 jeden na drugim, np<\/p>","protected":false},"featured_media":142776,"template":"","meta":{"_acf_changed":false},"product_brand":[],"product_cat":[1545],"product_tag":[2219],"class_list":{"0":"post-52232","1":"product","2":"type-product","3":"status-publish","4":"has-post-thumbnail","6":"product_cat-kopplingsdosa-larmdosa","7":"product_tag-dosa-10-polig","8":"product_shipping_class-postnord-varubrev","9":"pa_brands-alarmtech","10":"pa_farg-vit","11":"tm-no-options","13":"first","14":"instock","15":"sale","16":"taxable","17":"shipping-taxable","18":"purchasable","19":"product-type-simple"},"acf":[],"_links":{"self":[{"href":"https:\/\/secureus.se\/pl\/wp-json\/wp\/v2\/product\/52232","targetHints":{"allow":["GET"]}}],"collection":[{"href":"https:\/\/secureus.se\/pl\/wp-json\/wp\/v2\/product"}],"about":[{"href":"https:\/\/secureus.se\/pl\/wp-json\/wp\/v2\/types\/product"}],"wp:featuredmedia":[{"embeddable":true,"href":"https:\/\/secureus.se\/pl\/wp-json\/wp\/v2\/media\/142776"}],"wp:attachment":[{"href":"https:\/\/secureus.se\/pl\/wp-json\/wp\/v2\/media?parent=52232"}],"wp:term":[{"taxonomy":"product_brand","embeddable":true,"href":"https:\/\/secureus.se\/pl\/wp-json\/wp\/v2\/product_brand?post=52232"},{"taxonomy":"product_cat","embeddable":true,"href":"https:\/\/secureus.se\/pl\/wp-json\/wp\/v2\/product_cat?post=52232"},{"taxonomy":"product_tag","embeddable":true,"href":"https:\/\/secureus.se\/pl\/wp-json\/wp\/v2\/product_tag?post=52232"}],"curies":[{"name":"wp","href":"https:\/\/api.w.org\/{rel}","templated":true}]}}