{"id":52239,"date":"2022-06-29T12:46:09","date_gmt":"2022-06-29T10:46:09","guid":{"rendered":"https:\/\/secureus.se\/produkt\/larmbox-8-pol-skr-skr\/"},"modified":"2026-03-26T11:49:43","modified_gmt":"2026-03-26T10:49:43","slug":"larmbox-8-pol-skr-skr","status":"publish","type":"product","link":"https:\/\/secureus.se\/pl\/larmbox-8-pol-skr-skr\/","title":{"rendered":"Skrzynka alarmowa 8-Pol Skr\/Skr"},"content":{"rendered":"<p>Przy\u0142\u0105cze przewodu dla przewodu 0,14-1mm2 (\u015bruba). Oddzielna listwa zaciskowa dla kabli przychodz\u0105cych i wychodz\u0105cych. Kompletny produkt w ma\u0142ym bia\u0142ym pude\u0142ku wykonanym z tworzywa sztucznego UL94-V0 (ognioszczelnego i bezhalogenowego) o stabilnej grubo\u015bci. Puszka przy\u0142\u0105czeniowa mo\u017ce by\u0107 uzupe\u0142niona o elementy dystansowe \u015bcienne o d\u0142ugo\u015bci 6 mm lub 13 mm, kt\u00f3re mo\u017cna ustawia\u0107 jeden na drugim, patrz 2581.06 (Enr. 5015236) lub 2581.13 (Enr. 5015238) i ma\u0142\u0105 tabliczk\u0119 \u015bcienn\u0105, patrz 3132.01 (Enr. 5015560).<\/p>","protected":false},"excerpt":{"rendered":"<p>Ledaranslutning f\u00f6r 0,14-1mm2 tr\u00e5d (skruv). Separat anslutningsplint f\u00f6r inkommande respektive utg\u00e5ende kabel. Komplett produkt i en liten vit l\u00e5da av UL94-V0 plast (flams\u00e4ker och halogenfri) i stabil godstjocklek. Kopplingsdosan kan<\/p>","protected":false},"featured_media":142486,"template":"","meta":{"_acf_changed":false},"product_brand":[],"product_cat":[1545],"product_tag":[2215],"class_list":{"0":"post-52239","1":"product","2":"type-product","3":"status-publish","4":"has-post-thumbnail","6":"product_cat-kopplingsdosa-larmdosa","7":"product_tag-dosa-8-polig","8":"product_shipping_class-postnord-varubrev","9":"pa_brands-alarmtech","10":"pa_farg-vit","11":"tm-no-options","13":"first","14":"instock","15":"sale","16":"taxable","17":"shipping-taxable","18":"purchasable","19":"product-type-simple"},"acf":[],"_links":{"self":[{"href":"https:\/\/secureus.se\/pl\/wp-json\/wp\/v2\/product\/52239","targetHints":{"allow":["GET"]}}],"collection":[{"href":"https:\/\/secureus.se\/pl\/wp-json\/wp\/v2\/product"}],"about":[{"href":"https:\/\/secureus.se\/pl\/wp-json\/wp\/v2\/types\/product"}],"wp:featuredmedia":[{"embeddable":true,"href":"https:\/\/secureus.se\/pl\/wp-json\/wp\/v2\/media\/142486"}],"wp:attachment":[{"href":"https:\/\/secureus.se\/pl\/wp-json\/wp\/v2\/media?parent=52239"}],"wp:term":[{"taxonomy":"product_brand","embeddable":true,"href":"https:\/\/secureus.se\/pl\/wp-json\/wp\/v2\/product_brand?post=52239"},{"taxonomy":"product_cat","embeddable":true,"href":"https:\/\/secureus.se\/pl\/wp-json\/wp\/v2\/product_cat?post=52239"},{"taxonomy":"product_tag","embeddable":true,"href":"https:\/\/secureus.se\/pl\/wp-json\/wp\/v2\/product_tag?post=52239"}],"curies":[{"name":"wp","href":"https:\/\/api.w.org\/{rel}","templated":true}]}}