{"id":52489,"date":"2022-06-28T13:16:57","date_gmt":"2022-06-28T11:16:57","guid":{"rendered":"https:\/\/secureus.se\/produkt\/branddorrstang-kit-bdc-1a-kit\/"},"modified":"2026-03-26T11:53:39","modified_gmt":"2026-03-26T10:53:39","slug":"branddorrstangning-kit-bdc-1a-kit","status":"publish","type":"product","link":"https:\/\/secureus.se\/pl\/branddorrstangning-kit-bdc-1a-kit\/","title":{"rendered":"Zestaw do zamykania drzwi przeciwpo\u017carowych - BDC-1A-KIT - Kompletne rozwi\u0105zanie z czujnikami dymu i magnesem na drzwi"},"content":{"rendered":"<p>Zestaw do zamykania drzwi przeciwpo\u017carowych BDC-1A-KIT to kompletne rozwi\u0105zanie umo\u017cliwiaj\u0105ce bezpieczne i niezawodne sterowanie drzwiami przeciwpo\u017carowymi za pomoc\u0105 czujek dymu. Centrala obs\u0142uguje jedno lub dwoje drzwi, a dla drzwi podw\u00f3jnych oferuje op\u00f3\u017anienie czasowe, zapewniaj\u0105ce p\u0142ynne i skuteczne zamkni\u0119cie w przypadku po\u017caru. Zestaw ten zawiera wszystkie elementy niezb\u0119dne do monta\u017cu i obs\u0142ugi, dzi\u0119ki czemu mo\u017cna go \u0142atwo wdro\u017cy\u0107 w r\u00f3\u017cnych typach budynk\u00f3w.<\/p>\n<p><strong>Funkcje i zalety:<\/strong><\/p>\n<ul>\n<li><strong>Sterowanie centralne:<\/strong> Centrala steruj\u0105ca mo\u017ce sterowa\u0107 jednymi lub dwojgiem drzwi z op\u00f3\u017anieniem czasowym w przypadku drzwi podw\u00f3jnych.<\/li>\n<li><strong>Detektory dymu:<\/strong> W zestawie znajduj\u0105 si\u0119 dwie czujki dymu z gniazdami, kt\u00f3re zapewniaj\u0105 niezawodne wykrywanie po\u017caru.<\/li>\n<li><strong>R\u0119czne zamykanie drzwi:<\/strong> Drzwi mo\u017cna zamkn\u0105\u0107 r\u0119cznie za pomoc\u0105 przycisku zamykania drzwi lub zdalnie sterowa\u0107 z innego obiektu, np. centrali sygnalizacji po\u017caru.<\/li>\n<li><strong>Wyj\u015bcia syreny:<\/strong> Centrala posiada wyj\u015bcia syreny na napi\u0119cie sta\u0142e i pulsuj\u0105ce.<\/li>\n<li><strong>Przeka\u017anik alarmowy i przeka\u017anik usterek:<\/strong> Bezpotencja\u0142owe przeka\u017aniki prze\u0142\u0105czaj\u0105ce do sygnalizacji alarm\u00f3w i b\u0142\u0119d\u00f3w.<\/li>\n<li><strong>Bateria zapasowa:<\/strong> Miejsce na akumulator zapasowy w obudowie (akumulatory 2 x 12V\/0,8AH, zamawiane osobno).<\/li>\n<li><strong>Wskazania:<\/strong> Zielona dioda LED sygnalizuj\u0105ca prac\u0119, \u017c\u00f3\u0142ta dioda LED sygnalizuj\u0105ca usterk\u0119 i czerwona dioda sygnalizuj\u0105ca alarm po\u017carowy.<\/li>\n<\/ul>\n<p><strong>Obszary zastosowania:<\/strong> Zestaw samozamykacza przeciwpo\u017carowego BDC-1A-KIT idealnie nadaje si\u0119 do monta\u017cu w budynkach komercyjnych, obiektach przemys\u0142owych, szpitalach i budynkach u\u017cyteczno\u015bci publicznej, gdzie bezpiecze\u0144stwo i niezawodno\u015b\u0107 s\u0105 najwa\u017cniejsze.<\/p>\n<p><strong>Specyfikacja techniczna:<\/strong><\/p>\n<ul>\n<li><strong>Napi\u0119cie w:<\/strong> 230VAC 50-60Hz<\/li>\n<li><strong>Napi\u0119cie wyj\u015bciowe:<\/strong> 24 V pr\u0105du sta\u0142ego<\/li>\n<li><strong>Pob\u00f3r mocy:<\/strong> 25mA<\/li>\n<li><strong>Maksymalny pr\u0105d:<\/strong> 0,6 A<\/li>\n<li><strong>Wymiary:<\/strong> 175 x 125 x 75 mm<\/li>\n<li><strong>Aprobata:<\/strong> CE<\/li>\n<li><strong>Bateria zapasowa:<\/strong> Maks. 2 akumulatory o\u0142owiowe 12 V\/0,8 Ah<\/li>\n<li><strong>Waga:<\/strong> 620 gram\u00f3w<\/li>\n<\/ul>\n<p><strong>Do\u0142\u0105czone komponenty:<\/strong><\/p>\n<ul>\n<li>1 jednostka steruj\u0105ca drzwiami przeciwpo\u017carowymi BDC-1A<\/li>\n<li>1 magnes na drzwi w komplecie z kotwic\u0105<\/li>\n<li>2 czujniki dymu z gniazdami<\/li>\n<li>1 przycisk zamykania drzwi w zestawie naklejka<\/li>\n<\/ul>\n<p><strong>Dodatkowe akcesoria (zamawiane osobno):<\/strong><\/p>\n<ul>\n<li>Przycisk alarmowy z wbudowanym rezystorem<\/li>\n<li>Os\u0142ona ochronna przycisku alarmowego<\/li>\n<li>Budzik po\u017carowy<\/li>\n<li>Naklejka alarm przeciwpo\u017carowy<\/li>\n<li>Syrena i migaj\u0105ce \u015bwiat\u0142a<\/li>\n<\/ul>\n<p><strong>Instalacja:<\/strong><\/p>\n<ol>\n<li>Zamontowa\u0107 jednostk\u0119 steruj\u0105c\u0105 drzwiami przeciwpo\u017carowymi.<\/li>\n<li>Pod\u0142\u0105cz napi\u0119cie sieciowe 230VAC i sprawd\u017a, czy dioda LED napi\u0119cia sieciowego \u015bwieci si\u0119 oraz czy napi\u0119cie wyj\u015bciowe DO i DF wynosi 24VDC.<\/li>\n<li>Od\u0142\u0105czy\u0107 napi\u0119cie sieciowe i pod\u0142\u0105czy\u0107 wszystkie urz\u0105dzenia zewn\u0119trzne (czujniki dymu, przyciski alarmowe, urz\u0105dzenia alarmowe, przyciski otwierania, sterowanie przeka\u017anikami, sterowanie zewn\u0119trzne itp.).<\/li>\n<li>Przesu\u0144 rezystor ko\u0144cowy z wyj\u015bcia p\u0119tli detektora do ostatniego detektora w p\u0119tli.<\/li>\n<li>Pod\u0142\u0105cz napi\u0119cie sieciowe, a nast\u0119pnie ewentualne akumulatory.<\/li>\n<li>Ca\u0142kowite maksymalne obci\u0105\u017cenie 0,5A.<\/li>\n<\/ol>\n<p><strong>Zalety:<\/strong><\/p>\n<ul>\n<li>Zabezpieczone przed przeci\u0105\u017ceniem i zwarciem<\/li>\n<li>Wbudowane zabezpieczenie przed g\u0142\u0119bokim roz\u0142adowaniem akumulator\u00f3w<\/li>\n<li>\u0141atwy w instalacji i utrzymaniu<\/li>\n<\/ul>\n<p>Zestaw zamkni\u0119cia drzwi przeciwpo\u017carowych BDC-1A-KIT to idealne rozwi\u0105zanie zapewniaj\u0105ce bezpiecze\u0144stwo i niezawodno\u015b\u0107 w Twoim budynku. Dzi\u0119ki temu zestawowi otrzymasz wszystko, czego potrzebujesz do skutecznego zamkni\u0119cia drzwi przeciwpo\u017carowych.<\/p>","protected":false},"excerpt":{"rendered":"<p>Centrala przeciwpo\u017carowa z 2 czujnikami dymu w komplecie. coko\u0142y, magnes na drzwi, kotwica i przycisk zamykania drzwi. Centrala steruje jednymi lub dwojgiem drzwi z op\u00f3\u017anieniem w przypadku drzwi podw\u00f3jnych. Zawiera gniazdo na bateri\u0119 zapasow\u0105 (baterie zamawiane osobno).<\/p>","protected":false},"featured_media":142803,"template":"","meta":{"_acf_changed":false},"product_brand":[],"product_cat":[1560],"product_tag":[],"class_list":{"0":"post-52489","1":"product","2":"type-product","3":"status-publish","4":"has-post-thumbnail","6":"product_cat-branddorrstangning","7":"product_shipping_class-tunga-paket","8":"pa_brands-ateco","9":"tm-no-options","11":"first","12":"instock","13":"sale","14":"taxable","15":"shipping-taxable","16":"purchasable","17":"product-type-simple"},"acf":[],"_links":{"self":[{"href":"https:\/\/secureus.se\/pl\/wp-json\/wp\/v2\/product\/52489","targetHints":{"allow":["GET"]}}],"collection":[{"href":"https:\/\/secureus.se\/pl\/wp-json\/wp\/v2\/product"}],"about":[{"href":"https:\/\/secureus.se\/pl\/wp-json\/wp\/v2\/types\/product"}],"wp:featuredmedia":[{"embeddable":true,"href":"https:\/\/secureus.se\/pl\/wp-json\/wp\/v2\/media\/142803"}],"wp:attachment":[{"href":"https:\/\/secureus.se\/pl\/wp-json\/wp\/v2\/media?parent=52489"}],"wp:term":[{"taxonomy":"product_brand","embeddable":true,"href":"https:\/\/secureus.se\/pl\/wp-json\/wp\/v2\/product_brand?post=52489"},{"taxonomy":"product_cat","embeddable":true,"href":"https:\/\/secureus.se\/pl\/wp-json\/wp\/v2\/product_cat?post=52489"},{"taxonomy":"product_tag","embeddable":true,"href":"https:\/\/secureus.se\/pl\/wp-json\/wp\/v2\/product_tag?post=52489"}],"curies":[{"name":"wp","href":"https:\/\/api.w.org\/{rel}","templated":true}]}}