{"id":52490,"date":"2022-06-28T13:16:47","date_gmt":"2022-06-28T11:16:47","guid":{"rendered":"https:\/\/secureus.se\/produkt\/dorrmagnet-cq-komp-24v-490n\/"},"modified":"2026-04-08T16:37:22","modified_gmt":"2026-04-08T14:37:22","slug":"dorrmagnet-cq-komp-24v-490n","status":"publish","type":"product","link":"https:\/\/secureus.se\/pl\/dorrmagnet-cq-komp-24v-490n\/","title":{"rendered":"Magnes na drzwi Cq Comp. 24V\/490N"},"content":{"rendered":"<p>CQ Magnes na drzwi kompletny 24VDC, 490N z otworem \u015brodkowym M8, w komplecie. elastyczna p\u0142yta bazowa kotwy jest dostarczana w opakowaniu oddzielonym od magnesu. Magnes na drzwi dopuszczony do drzwi przeciwpo\u017carowych zgodnie ze zharmonizowan\u0105 norm\u0105 UE EN1155. Zintegrowane diody do obs\u0142ugi skok\u00f3w pr\u0105du. Trzpie\u0144 \u015brodkowy ze spr\u0119\u017cyn\u0105 odpychaj\u0105c\u0105 zapobiega pozostawaniu drzwi w pozycji roz\u0142o\u017conej na skutek magnetyzmu szcz\u0105tkowego. 490N, 24V, 62mA. Wymiary magnesu mm: 50\u00d730. Plastikowa obudowa kabla posiada po obu stronach \u201ewyt\u0142oczenia\u201d umo\u017cliwiaj\u0105ce wprowadzenie kabla z boku. U\u017cywaj\u0105c wspornika k\u0105towego CQ (E6300008), u\u017cyj \u015brub M8 dostarczonych z CQ Komplett i CQ M8, poniewa\u017c maksymalny gwint w magnesie wynosi 8 mm. CQ Komplett jest dostarczany z elastyczn\u0105 kotw\u0105, magnesem na drzwi z otworem \u015brodkowym M8, \u015brub\u0105 M8, p\u0142yt\u0105 doln\u0105 oddzielnie i 3 \u015brubami umo\u017cliwiaj\u0105cymi w razie potrzeby przymocowanie p\u0142yty dolnej do magnesu.<\/p>","protected":false},"excerpt":{"rendered":"<p>CQ Magnes na drzwi kompletny 24VDC, 490N z otworem \u015brodkowym M8, w komplecie. elastyczna p\u0142yta bazowa kotwy jest dostarczana w opakowaniu oddzielonym od magnesu. Magnes na drzwi dopuszczony do drzwi przeciwpo\u017carowych zgodnie ze zharmonizowan\u0105 norm\u0105 UE EN1155. Zintegrowane diody<\/p>","protected":false},"featured_media":142382,"template":"","meta":{"_acf_changed":false},"product_brand":[],"product_cat":[1560],"product_tag":[],"class_list":{"0":"post-52490","1":"product","2":"type-product","3":"status-publish","4":"has-post-thumbnail","6":"product_cat-branddorrstangning","7":"product_shipping_class-tunga-paket","8":"tm-no-options","10":"first","11":"outofstock","12":"sale","13":"taxable","14":"shipping-taxable","15":"purchasable","16":"product-type-simple"},"acf":[],"_links":{"self":[{"href":"https:\/\/secureus.se\/pl\/wp-json\/wp\/v2\/product\/52490","targetHints":{"allow":["GET"]}}],"collection":[{"href":"https:\/\/secureus.se\/pl\/wp-json\/wp\/v2\/product"}],"about":[{"href":"https:\/\/secureus.se\/pl\/wp-json\/wp\/v2\/types\/product"}],"wp:featuredmedia":[{"embeddable":true,"href":"https:\/\/secureus.se\/pl\/wp-json\/wp\/v2\/media\/142382"}],"wp:attachment":[{"href":"https:\/\/secureus.se\/pl\/wp-json\/wp\/v2\/media?parent=52490"}],"wp:term":[{"taxonomy":"product_brand","embeddable":true,"href":"https:\/\/secureus.se\/pl\/wp-json\/wp\/v2\/product_brand?post=52490"},{"taxonomy":"product_cat","embeddable":true,"href":"https:\/\/secureus.se\/pl\/wp-json\/wp\/v2\/product_cat?post=52490"},{"taxonomy":"product_tag","embeddable":true,"href":"https:\/\/secureus.se\/pl\/wp-json\/wp\/v2\/product_tag?post=52490"}],"curies":[{"name":"wp","href":"https:\/\/api.w.org\/{rel}","templated":true}]}}