{"id":52491,"date":"2022-06-28T13:16:43","date_gmt":"2022-06-28T11:16:43","guid":{"rendered":"https:\/\/secureus.se\/produkt\/forsta-hjalpen-vaska-stor\/"},"modified":"2026-04-08T16:39:43","modified_gmt":"2026-04-08T14:39:43","slug":"forsta-hjalpen-vaska-stor","status":"publish","type":"product","link":"https:\/\/secureus.se\/pl\/forsta-hjalpen-vaska-stor\/","title":{"rendered":"Du\u017ca torba pierwszej pomocy"},"content":{"rendered":"<p>\u201ePierwsza pomoc du\u017ca Pro Select\u201d \u2013 kompletna. Pierwsza pomoc w przypadku wyst\u0105pienia urazu. Torba zawiera 65 cz\u0119\u015bci. Torba wykonana jest z trwa\u0142ego materia\u0142u, kt\u00f3ry jest odporny zar\u00f3wno na wilgo\u0107, jak i zabrudzenia. Gumowany uchwyt u\u0142atwia przenoszenie i \u0142atwe zawieszenie na haczyku.<\/p>\n<p><a class=\"produkt-slide-bild produkt-bild-fil\" href=\"https:\/\/www.e-nummersok.se\/infoDocs\/PROD\/PROD_34061_1686455.pdf\" target=\"_blank\" rel=\"noopener\"><img decoding=\"async\" src=\"https:\/\/secureus.se\/wp-content\/uploads\/2023\/05\/pdf-icon.png\" alt=\"PDF\">Karta katalogowa produktu i pe\u0142na zawarto\u015b\u0107<\/a><\/p>","protected":false},"excerpt":{"rendered":"<p>\u201ePierwsza pomoc du\u017ca Pro Select\u201d \u2013 kompletna. Pierwsza pomoc w przypadku wyst\u0105pienia urazu. Torba zawiera 65 cz\u0119\u015bci. Torba wykonana jest z trwa\u0142ego materia\u0142u, kt\u00f3ry jest odporny zar\u00f3wno na wilgo\u0107, jak i zabrudzenia. Gumowany uchwyt<\/p>","protected":false},"featured_media":143251,"template":"","meta":{"_acf_changed":false},"product_brand":[],"product_cat":[1573],"product_tag":[],"class_list":{"0":"post-52491","1":"product","2":"type-product","3":"status-publish","4":"has-post-thumbnail","6":"product_cat-forsta-hjalpen","7":"product_shipping_class-tunga-paket","8":"pa_brands-nexa","9":"tm-no-options","11":"first","12":"instock","13":"sale","14":"taxable","15":"shipping-taxable","16":"purchasable","17":"product-type-simple"},"acf":[],"_links":{"self":[{"href":"https:\/\/secureus.se\/pl\/wp-json\/wp\/v2\/product\/52491","targetHints":{"allow":["GET"]}}],"collection":[{"href":"https:\/\/secureus.se\/pl\/wp-json\/wp\/v2\/product"}],"about":[{"href":"https:\/\/secureus.se\/pl\/wp-json\/wp\/v2\/types\/product"}],"wp:featuredmedia":[{"embeddable":true,"href":"https:\/\/secureus.se\/pl\/wp-json\/wp\/v2\/media\/143251"}],"wp:attachment":[{"href":"https:\/\/secureus.se\/pl\/wp-json\/wp\/v2\/media?parent=52491"}],"wp:term":[{"taxonomy":"product_brand","embeddable":true,"href":"https:\/\/secureus.se\/pl\/wp-json\/wp\/v2\/product_brand?post=52491"},{"taxonomy":"product_cat","embeddable":true,"href":"https:\/\/secureus.se\/pl\/wp-json\/wp\/v2\/product_cat?post=52491"},{"taxonomy":"product_tag","embeddable":true,"href":"https:\/\/secureus.se\/pl\/wp-json\/wp\/v2\/product_tag?post=52491"}],"curies":[{"name":"wp","href":"https:\/\/api.w.org\/{rel}","templated":true}]}}