{"id":52497,"date":"2022-06-28T13:15:40","date_gmt":"2022-06-28T11:15:40","guid":{"rendered":"https:\/\/secureus.se\/produkt\/brandslackarlarm-9v\/"},"modified":"2026-04-23T11:16:41","modified_gmt":"2026-04-23T09:16:41","slug":"brandslackarlarm-9v","status":"publish","type":"product","link":"https:\/\/secureus.se\/pl\/brandslackarlarm-9v\/","title":{"rendered":"Alarm ga\u015bnicy 9V"},"content":{"rendered":"<p>BSA-1 to dobrze widoczny alarm pozwalaj\u0105cy unikn\u0105\u0107 niew\u0142a\u015bciwego u\u017cycia ga\u015bnic. Na jednym ko\u0144cu ga\u015bnicy zamontowany jest przew\u00f3d, a drugi koniec jest w\u0142o\u017cony do alarmu ga\u015bnicy. Je\u015bli przew\u00f3d zostanie wyci\u0105gni\u0119ty z alarmu, rozlegnie si\u0119 g\u0142o\u015bny d\u017awi\u0119k, a otoczenie stanie si\u0119 \u015bwiadome dzia\u0142ania.<\/p>","protected":false},"excerpt":{"rendered":"<p>BSA-1 to dobrze widoczny alarm pozwalaj\u0105cy unikn\u0105\u0107 niew\u0142a\u015bciwego u\u017cycia ga\u015bnic. Na jednym ko\u0144cu ga\u015bnicy zamontowany jest przew\u00f3d, a drugi koniec jest w\u0142o\u017cony do alarmu ga\u015bnicy. Je\u015bli drut zostanie wyci\u0105gni\u0119ty<\/p>","protected":false},"featured_media":142427,"template":"","meta":{"_acf_changed":false},"product_brand":[],"product_cat":[1533],"product_tag":[],"class_list":{"0":"post-52497","1":"product","2":"type-product","3":"status-publish","4":"has-post-thumbnail","6":"product_cat-brandslackare","7":"product_shipping_class-tunga-paket","8":"tm-no-options","10":"first","11":"outofstock","12":"sale","13":"taxable","14":"shipping-taxable","15":"purchasable","16":"product-type-simple"},"acf":[],"_links":{"self":[{"href":"https:\/\/secureus.se\/pl\/wp-json\/wp\/v2\/product\/52497","targetHints":{"allow":["GET"]}}],"collection":[{"href":"https:\/\/secureus.se\/pl\/wp-json\/wp\/v2\/product"}],"about":[{"href":"https:\/\/secureus.se\/pl\/wp-json\/wp\/v2\/types\/product"}],"wp:featuredmedia":[{"embeddable":true,"href":"https:\/\/secureus.se\/pl\/wp-json\/wp\/v2\/media\/142427"}],"wp:attachment":[{"href":"https:\/\/secureus.se\/pl\/wp-json\/wp\/v2\/media?parent=52497"}],"wp:term":[{"taxonomy":"product_brand","embeddable":true,"href":"https:\/\/secureus.se\/pl\/wp-json\/wp\/v2\/product_brand?post=52497"},{"taxonomy":"product_cat","embeddable":true,"href":"https:\/\/secureus.se\/pl\/wp-json\/wp\/v2\/product_cat?post=52497"},{"taxonomy":"product_tag","embeddable":true,"href":"https:\/\/secureus.se\/pl\/wp-json\/wp\/v2\/product_tag?post=52497"}],"curies":[{"name":"wp","href":"https:\/\/api.w.org\/{rel}","templated":true}]}}