{"id":52500,"date":"2022-06-28T13:15:28","date_gmt":"2022-06-28T11:15:28","guid":{"rendered":"https:\/\/secureus.se\/produkt\/brandfilt-silikon-120x180cm\/"},"modified":"2026-04-27T12:53:14","modified_gmt":"2026-04-27T10:53:14","slug":"brandfilt-silikon-120x180cm","status":"publish","type":"product","link":"https:\/\/secureus.se\/pl\/brandfilt-silikon-120x180cm\/","title":{"rendered":"Koc ga\u015bniczy Silikonowy 120X180Cm"},"content":{"rendered":"<h1>Koc ga\u015bniczy Silikonowy 120X180Cm<\/h1>\n<p>Koc ga\u015bniczy silikonowy 120 x 180 cm.<\/p>\n<p>Koc ga\u015bniczy pokryty silikonem gasi po\u017car szybciej i znacznie zmniejsza ryzyko ponownego zap\u0142onu.<\/p>\n<p>Koc ga\u015bniczy jest odporny na przenikanie gazu i wytrzymuje temperatury do 500 stopni, dzi\u0119ki czemu szybko gasi mniejsze po\u017cary, np. ubra\u0144 lub garnk\u00f3w.<\/p>\n<p>Zaleca si\u0119 u\u017cywanie koca ga\u015bniczego jako uzupe\u0142nienia ga\u015bnicy o wadze 6 kg.<\/p>\n<p>Po\u0142\u00f3\u017c koc ga\u015bniczy w widocznym miejscu, w kt\u00f3rym mo\u017ce wyst\u0119powa\u0107 ryzyko po\u017caru, na przyk\u0142ad w kuchni, gara\u017cu lub obok kominka.<\/p>\n<p>Wymiary obudowy (szer. x wys.): 200 x 330 mm.<\/p>\n<p>Ograniczone do minimum prace porz\u0105dkowe po ugaszeniu po\u017caru.<\/p>\n<p>Szybsze gaszenie, mniejsze ryzyko ponownego zap\u0142onu.<\/p>\n<p>Spe\u0142nia wymagania normy EN 1869:2019.<\/p>","protected":false},"excerpt":{"rendered":"<p>Brandfilt Silikon 120X180Cm Brandfilt silikon 120 x 180 cm. En silikonbelagd brandfilt kv\u00e4ver branden snabbare och minskar avsev\u00e4rt risken f\u00f6r \u00e5terant\u00e4ndning. Brandfilten st\u00e5r emot gasgenomtr\u00e4ngning och t\u00e5l temperaturer upp till<\/p>","protected":false},"featured_media":142540,"template":"","meta":{"_acf_changed":false},"product_brand":[],"product_cat":[1533],"product_tag":[],"class_list":{"0":"post-52500","1":"product","2":"type-product","3":"status-publish","4":"has-post-thumbnail","6":"product_cat-brandslackare","7":"product_shipping_class-tunga-paket","8":"tm-no-options","10":"first","11":"outofstock","12":"sale","13":"taxable","14":"shipping-taxable","15":"purchasable","16":"product-type-simple"},"acf":[],"_links":{"self":[{"href":"https:\/\/secureus.se\/pl\/wp-json\/wp\/v2\/product\/52500","targetHints":{"allow":["GET"]}}],"collection":[{"href":"https:\/\/secureus.se\/pl\/wp-json\/wp\/v2\/product"}],"about":[{"href":"https:\/\/secureus.se\/pl\/wp-json\/wp\/v2\/types\/product"}],"wp:featuredmedia":[{"embeddable":true,"href":"https:\/\/secureus.se\/pl\/wp-json\/wp\/v2\/media\/142540"}],"wp:attachment":[{"href":"https:\/\/secureus.se\/pl\/wp-json\/wp\/v2\/media?parent=52500"}],"wp:term":[{"taxonomy":"product_brand","embeddable":true,"href":"https:\/\/secureus.se\/pl\/wp-json\/wp\/v2\/product_brand?post=52500"},{"taxonomy":"product_cat","embeddable":true,"href":"https:\/\/secureus.se\/pl\/wp-json\/wp\/v2\/product_cat?post=52500"},{"taxonomy":"product_tag","embeddable":true,"href":"https:\/\/secureus.se\/pl\/wp-json\/wp\/v2\/product_tag?post=52500"}],"curies":[{"name":"wp","href":"https:\/\/api.w.org\/{rel}","templated":true}]}}