{"id":52501,"date":"2022-06-28T13:15:24","date_gmt":"2022-06-28T11:15:24","guid":{"rendered":"https:\/\/secureus.se\/produkt\/pulverslackare-2-kg-rod-13a\/"},"modified":"2026-04-08T16:46:54","modified_gmt":"2026-04-08T14:46:54","slug":"pulverslackare-2-kg-rod-13a","status":"publish","type":"product","link":"https:\/\/secureus.se\/pl\/pulverslackare-2-kg-rod-13a\/","title":{"rendered":"Ga\u015bnica proszkowa 2 Kg Czerwona 13A"},"content":{"rendered":"<p>Nadaje si\u0119 do mieszkania, domku letniskowego, magazynu, przyczepy kempingowej, domu mobilnego, samochodu, \u0142odzi itp. Klasa mocy 13A 89B C. Jako\u015b\u0107 gwarantowana i certyfikowana przez DNV. Mo\u017cliwo\u015b\u0107 ponownego nape\u0142nienia przez autoryzowanego technika serwisu. W zestawie wspornik \u015bcienny. Ga\u015bnica proszkowa ci\u015bnieniowa, proszek chemiczny. Waga z nape\u0142nieniem: 3,7 kg. \u015arodki ga\u015bnicze: proszek ABC. Gaz p\u0119dny: azot (N2). Ci\u015bnienie robocze: 14 bar przy +20\u00b0C. Funkcjonalno\u015b\u0107 od -30\u00b0C do +60\u00b0C. Odleg\u0142o\u015b\u0107 bezpiecze\u0144stwa: 1 metr. Czas opr\u00f3\u017cniania: 13 sek. Ga\u015bnica posiada homologacj\u0119 typu zgodnie z norm\u0105 SS-EN3-7. Jest zawarta w Pro Select<\/p>","protected":false},"excerpt":{"rendered":"<p>Nadaje si\u0119 do mieszkania, domku letniskowego, magazynu, przyczepy kempingowej, domu mobilnego, samochodu, \u0142odzi itp. Klasa mocy 13A 89B C. Jako\u015b\u0107 potwierdzona i certyfikowana przez DNV. Mo\u017cliwo\u015b\u0107 ponownego nape\u0142nienia przez autoryzowanego technika serwisu. W zestawie wspornik \u015bcienny. Ga\u015bnica proszkowa ci\u015bnieniowa, proszek chemiczny.<\/p>","protected":false},"featured_media":143312,"template":"","meta":{"_acf_changed":false},"product_brand":[],"product_cat":[1533],"product_tag":[],"class_list":{"0":"post-52501","1":"product","2":"type-product","3":"status-publish","4":"has-post-thumbnail","6":"product_cat-brandslackare","7":"product_shipping_class-tunga-paket","8":"tm-no-options","10":"first","11":"outofstock","12":"sale","13":"taxable","14":"shipping-taxable","15":"purchasable","16":"product-type-simple"},"acf":[],"_links":{"self":[{"href":"https:\/\/secureus.se\/pl\/wp-json\/wp\/v2\/product\/52501","targetHints":{"allow":["GET"]}}],"collection":[{"href":"https:\/\/secureus.se\/pl\/wp-json\/wp\/v2\/product"}],"about":[{"href":"https:\/\/secureus.se\/pl\/wp-json\/wp\/v2\/types\/product"}],"wp:featuredmedia":[{"embeddable":true,"href":"https:\/\/secureus.se\/pl\/wp-json\/wp\/v2\/media\/143312"}],"wp:attachment":[{"href":"https:\/\/secureus.se\/pl\/wp-json\/wp\/v2\/media?parent=52501"}],"wp:term":[{"taxonomy":"product_brand","embeddable":true,"href":"https:\/\/secureus.se\/pl\/wp-json\/wp\/v2\/product_brand?post=52501"},{"taxonomy":"product_cat","embeddable":true,"href":"https:\/\/secureus.se\/pl\/wp-json\/wp\/v2\/product_cat?post=52501"},{"taxonomy":"product_tag","embeddable":true,"href":"https:\/\/secureus.se\/pl\/wp-json\/wp\/v2\/product_tag?post=52501"}],"curies":[{"name":"wp","href":"https:\/\/api.w.org\/{rel}","templated":true}]}}