{"id":52502,"date":"2022-06-28T13:15:09","date_gmt":"2022-06-28T11:15:09","guid":{"rendered":"https:\/\/secureus.se\/produkt\/pulverslackare-6-kg-55a-rod\/"},"modified":"2026-04-08T16:44:39","modified_gmt":"2026-04-08T14:44:39","slug":"pulverslackare-6-kg-55a-rod","status":"publish","type":"product","link":"https:\/\/secureus.se\/pl\/pulverslackare-6-kg-55a-rod\/","title":{"rendered":"Ga\u015bnica proszkowa 6 kg 55A czerwona"},"content":{"rendered":"<p>Nadaje si\u0119 do biura, warsztatu, lokalu, willi, mieszkania itp. Klasa mocy 55A 233B C (najwy\u017csza klasa). Mo\u017cliwo\u015b\u0107 ponownego nape\u0142nienia przez autoryzowanego technika serwisu. Pier\u015bcie\u0144 na stop\u0119 Ga\u015bnica proszkowa ci\u015bnieniowa, proszek chemiczny. Waga z nape\u0142nieniem: 17,5 kg. \u015arodki ga\u015bnicze: proszek ABC. Gaz p\u0119dny: azot (N2). Ci\u015bnienie robocze: 14 bar przy +20\u00b0C. Funkcjonalno\u015b\u0107 od -30\u00b0C do +60\u00b0C. Odleg\u0142o\u015b\u0107 bezpiecze\u0144stwa: 1 metr. Czas opr\u00f3\u017cniania: 31 sek. Ga\u015bnica posiada homologacj\u0119 typu zgodnie z SS-EN3-7. Tekst w j\u0119zyku szwedzkim\/norweskim zawarty w Pro Select<\/p>","protected":false},"excerpt":{"rendered":"<p>Nadaje si\u0119 do biura, warsztatu, lokalu, willi, mieszkania itp. Klasa mocy 55A 233B C (najwy\u017csza klasa). Mo\u017cliwo\u015b\u0107 ponownego nape\u0142nienia przez autoryzowanego technika serwisu. Pier\u015bcie\u0144 na stop\u0119 Ga\u015bnica proszkowa ci\u015bnieniowa, proszek chemiczny. Waga z nape\u0142nieniem: 17,5 kg. \u015arodki ga\u015bnicze:<\/p>","protected":false},"featured_media":142550,"template":"","meta":{"_acf_changed":false},"product_brand":[],"product_cat":[1533],"product_tag":[],"class_list":{"0":"post-52502","1":"product","2":"type-product","3":"status-publish","4":"has-post-thumbnail","6":"product_cat-brandslackare","7":"product_shipping_class-tunga-paket","8":"tm-no-options","10":"first","11":"instock","12":"sale","13":"taxable","14":"shipping-taxable","15":"purchasable","16":"product-type-simple"},"acf":[],"_links":{"self":[{"href":"https:\/\/secureus.se\/pl\/wp-json\/wp\/v2\/product\/52502","targetHints":{"allow":["GET"]}}],"collection":[{"href":"https:\/\/secureus.se\/pl\/wp-json\/wp\/v2\/product"}],"about":[{"href":"https:\/\/secureus.se\/pl\/wp-json\/wp\/v2\/types\/product"}],"wp:featuredmedia":[{"embeddable":true,"href":"https:\/\/secureus.se\/pl\/wp-json\/wp\/v2\/media\/142550"}],"wp:attachment":[{"href":"https:\/\/secureus.se\/pl\/wp-json\/wp\/v2\/media?parent=52502"}],"wp:term":[{"taxonomy":"product_brand","embeddable":true,"href":"https:\/\/secureus.se\/pl\/wp-json\/wp\/v2\/product_brand?post=52502"},{"taxonomy":"product_cat","embeddable":true,"href":"https:\/\/secureus.se\/pl\/wp-json\/wp\/v2\/product_cat?post=52502"},{"taxonomy":"product_tag","embeddable":true,"href":"https:\/\/secureus.se\/pl\/wp-json\/wp\/v2\/product_tag?post=52502"}],"curies":[{"name":"wp","href":"https:\/\/api.w.org\/{rel}","templated":true}]}}