{"id":52503,"date":"2022-06-28T13:14:57","date_gmt":"2022-06-28T11:14:57","guid":{"rendered":"https:\/\/secureus.se\/produkt\/brandslackare-6-kg-palmblad\/"},"modified":"2026-03-26T11:56:32","modified_gmt":"2026-03-26T10:56:32","slug":"brandslackare-6-kg-palmblad","status":"publish","type":"product","link":"https:\/\/secureus.se\/pl\/brandslackare-6-kg-palmblad\/","title":{"rendered":"Ga\u015bnica 6 Kg Li\u015bcie palmowe - Stylowy wygl\u0105d"},"content":{"rendered":"<p>Ga\u015bnica Nexa odpowiednia do willi, mieszkania, domku letniskowego, przyczepy kempingowej, samochodu kempingowego, \u0142odzi itp. Klasa efektywno\u015bci 43A 233B C. Ga\u015bnica proszkowa ci\u015bnieniowa, proszek chemiczny. Regularnie sprawdzaj manometr przynajmniej raz w roku. \u015arodki ga\u015bnicze: proszek ABC. Gaz p\u0119dny: azot (N2). Ci\u015bnienie robocze: 14 bar przy +20\u00b0. Funkcjonalno\u015b\u0107 od -30\u00b0 do +60\u00b0. Odleg\u0142o\u015b\u0107 bezpieczna 1 m. W zestawie wspornik \u015bcienny.<\/p>","protected":false},"excerpt":{"rendered":"<p>Ga\u015bnica Nexa odpowiednia do willi, mieszkania, domku letniskowego, przyczepy kempingowej, samochodu kempingowego, \u0142odzi itp. Klasa efektywno\u015bci 43A 233B C. Ga\u015bnica proszkowa ci\u015bnieniowa, proszek chemiczny. Regularnie sprawdzaj manometr przynajmniej raz w roku. \u015arodki ga\u015bnicze: proszek ABC. Gaz p\u0119dny: azot<\/p>","protected":false},"featured_media":142887,"template":"","meta":{"_acf_changed":false},"product_brand":[],"product_cat":[1533],"product_tag":[],"class_list":{"0":"post-52503","1":"product","2":"type-product","3":"status-publish","4":"has-post-thumbnail","6":"product_cat-brandslackare","7":"product_shipping_class-tunga-paket","8":"pa_brands-nexa","9":"tm-no-options","11":"first","12":"instock","13":"sale","14":"taxable","15":"shipping-taxable","16":"purchasable","17":"product-type-simple"},"acf":[],"_links":{"self":[{"href":"https:\/\/secureus.se\/pl\/wp-json\/wp\/v2\/product\/52503","targetHints":{"allow":["GET"]}}],"collection":[{"href":"https:\/\/secureus.se\/pl\/wp-json\/wp\/v2\/product"}],"about":[{"href":"https:\/\/secureus.se\/pl\/wp-json\/wp\/v2\/types\/product"}],"wp:featuredmedia":[{"embeddable":true,"href":"https:\/\/secureus.se\/pl\/wp-json\/wp\/v2\/media\/142887"}],"wp:attachment":[{"href":"https:\/\/secureus.se\/pl\/wp-json\/wp\/v2\/media?parent=52503"}],"wp:term":[{"taxonomy":"product_brand","embeddable":true,"href":"https:\/\/secureus.se\/pl\/wp-json\/wp\/v2\/product_brand?post=52503"},{"taxonomy":"product_cat","embeddable":true,"href":"https:\/\/secureus.se\/pl\/wp-json\/wp\/v2\/product_cat?post=52503"},{"taxonomy":"product_tag","embeddable":true,"href":"https:\/\/secureus.se\/pl\/wp-json\/wp\/v2\/product_tag?post=52503"}],"curies":[{"name":"wp","href":"https:\/\/api.w.org\/{rel}","templated":true}]}}