{"id":53398,"date":"2022-06-23T15:28:53","date_gmt":"2022-06-23T13:28:53","guid":{"rendered":"https:\/\/secureus.se\/produkt\/rwc-trafo-230v-24v-dc-s-1-vit\/"},"modified":"2026-04-08T16:53:19","modified_gmt":"2026-04-08T14:53:19","slug":"rwc-trafo-230v-24v-dc-s-1-vit","status":"publish","type":"product","link":"https:\/\/secureus.se\/pl\/rwc-trafo-230v-24v-dc-s-1-vit\/","title":{"rendered":"Transformator Rwc 230V\/24V DC S.1 Bia\u0142y"},"content":{"rendered":"<p>Transformator g\u0142\u00f3wny z ram\u0105, z\u0142\u0105cze \u015brubowe, pr\u0105d wyj\u015bciowy max 250mA, pr\u0105d wej\u015bciowy max 180, 100-240V~, 50-60Hz, 24V. Seria S.1, bia\u0142a.<\/p>","protected":false},"excerpt":{"rendered":"<p>Transformator g\u0142\u00f3wny z ram\u0105, z\u0142\u0105cze \u015brubowe, pr\u0105d wyj\u015bciowy max 250mA, pr\u0105d wej\u015bciowy max 180, 100-240V~, 50-60Hz, 24V. Seria S.1, bia\u0142a.<\/p>","protected":false},"featured_media":143249,"template":"","meta":{"_acf_changed":false},"product_brand":[],"product_cat":[1604],"product_tag":[],"class_list":{"0":"post-53398","1":"product","2":"type-product","3":"status-publish","4":"has-post-thumbnail","6":"product_cat-stromforsorjning-till-rwc-larm","7":"product_shipping_class-tunga-paket","8":"pa_farg-vit","9":"tm-no-options","11":"first","12":"outofstock","13":"sale","14":"taxable","15":"shipping-taxable","16":"purchasable","17":"product-type-simple"},"acf":[],"_links":{"self":[{"href":"https:\/\/secureus.se\/pl\/wp-json\/wp\/v2\/product\/53398","targetHints":{"allow":["GET"]}}],"collection":[{"href":"https:\/\/secureus.se\/pl\/wp-json\/wp\/v2\/product"}],"about":[{"href":"https:\/\/secureus.se\/pl\/wp-json\/wp\/v2\/types\/product"}],"wp:featuredmedia":[{"embeddable":true,"href":"https:\/\/secureus.se\/pl\/wp-json\/wp\/v2\/media\/143249"}],"wp:attachment":[{"href":"https:\/\/secureus.se\/pl\/wp-json\/wp\/v2\/media?parent=53398"}],"wp:term":[{"taxonomy":"product_brand","embeddable":true,"href":"https:\/\/secureus.se\/pl\/wp-json\/wp\/v2\/product_brand?post=53398"},{"taxonomy":"product_cat","embeddable":true,"href":"https:\/\/secureus.se\/pl\/wp-json\/wp\/v2\/product_cat?post=53398"},{"taxonomy":"product_tag","embeddable":true,"href":"https:\/\/secureus.se\/pl\/wp-json\/wp\/v2\/product_tag?post=53398"}],"curies":[{"name":"wp","href":"https:\/\/api.w.org\/{rel}","templated":true}]}}