{"id":53414,"date":"2022-06-23T15:23:40","date_gmt":"2022-06-23T13:23:40","guid":{"rendered":"https:\/\/secureus.se\/produkt\/rwc-larm-startpaket-s-1-vit\/"},"modified":"2026-03-26T12:15:07","modified_gmt":"2026-03-26T11:15:07","slug":"rwc-larm-startpaket-s-1-vit","status":"publish","type":"product","link":"https:\/\/secureus.se\/pl\/rwc-larm-startpaket-s-1-vit\/","title":{"rendered":"Zestaw startowy Rwc-Alarm S.1 Bia\u0142y"},"content":{"rendered":"<p>Zestaw startowy alarmu RWC, rama, toaleta dla niepe\u0142nosprawnych zgodnie z DIN VDE 0834, z\u0142\u0105cze \u015brubowe, 24 V, seria berker S.1, kolor bia\u0142y.<\/p>\n<ul class=\"\">\n<li><a class=\"produkt-slide-bild produkt-bild-fil\" href=\"https:\/\/www.hager.se\/?artnr=52009909&amp;design=ext99\" target=\"_blank\" rel=\"noopener\">\u00a0Karta danych produktu<\/a><\/li>\n<li><a class=\"produkt-slide-bild produkt-bild-fil\" href=\"https:\/\/www.e-nummersok.se\/infoDocs\/REACH\/REACH_17002_0900122.pdf\" target=\"_blank\" rel=\"noopener\"><img decoding=\"async\" src=\"https:\/\/secureus.se\/wp-content\/uploads\/2023\/05\/pdf-icon.png\" alt=\"PDF\"><i class=\"fa fa-file-o\"><\/i>\u00a0Po\u0142\u0105cz REACH<\/a><\/li>\n<li><a class=\"produkt-slide-bild produkt-bild-fil\" href=\"https:\/\/assets.hager.com\/step-content\/P\/HA_38915065\/Document\/std.lang.all\/DC22-1061.pdf\" target=\"_blank\" rel=\"noopener\"><img decoding=\"async\" src=\"https:\/\/secureus.se\/wp-content\/uploads\/2023\/05\/pdf-icon.png\" alt=\"PDF\"><i class=\"fa fa-file-o\"><\/i>\u00a0Deklaracja w\u0142a\u015bciwo\u015bci u\u017cytkowych (DoP)<\/a><\/li>\n<\/ul>","protected":false},"excerpt":{"rendered":"<p>Zestaw startowy alarmu RWC, rama, toaleta dla os\u00f3b niepe\u0142nosprawnych zgodnie z DIN VDE 0834, z\u0142\u0105cze \u015brubowe, 24 V, seria berker S.1, kolor bia\u0142y.  Karta danych produktu Link Deklaracja w\u0142a\u015bciwo\u015bci u\u017cytkowych REACH (DoP)<\/p>","protected":false},"featured_media":143748,"template":"","meta":{"_acf_changed":false},"product_brand":[],"product_cat":[1606],"product_tag":[],"class_list":{"0":"post-53414","1":"product","2":"type-product","3":"status-publish","4":"has-post-thumbnail","6":"product_cat-rwc-larm","7":"product_shipping_class-tunga-paket","8":"pa_brands-hager","9":"pa_farg-vit","10":"tm-no-options","12":"first","13":"outofstock","14":"sale","15":"taxable","16":"shipping-taxable","17":"purchasable","18":"product-type-simple"},"acf":[],"_links":{"self":[{"href":"https:\/\/secureus.se\/pl\/wp-json\/wp\/v2\/product\/53414","targetHints":{"allow":["GET"]}}],"collection":[{"href":"https:\/\/secureus.se\/pl\/wp-json\/wp\/v2\/product"}],"about":[{"href":"https:\/\/secureus.se\/pl\/wp-json\/wp\/v2\/types\/product"}],"wp:featuredmedia":[{"embeddable":true,"href":"https:\/\/secureus.se\/pl\/wp-json\/wp\/v2\/media\/143748"}],"wp:attachment":[{"href":"https:\/\/secureus.se\/pl\/wp-json\/wp\/v2\/media?parent=53414"}],"wp:term":[{"taxonomy":"product_brand","embeddable":true,"href":"https:\/\/secureus.se\/pl\/wp-json\/wp\/v2\/product_brand?post=53414"},{"taxonomy":"product_cat","embeddable":true,"href":"https:\/\/secureus.se\/pl\/wp-json\/wp\/v2\/product_cat?post=53414"},{"taxonomy":"product_tag","embeddable":true,"href":"https:\/\/secureus.se\/pl\/wp-json\/wp\/v2\/product_tag?post=53414"}],"curies":[{"name":"wp","href":"https:\/\/api.w.org\/{rel}","templated":true}]}}