{"id":53418,"date":"2022-06-23T15:11:42","date_gmt":"2022-06-23T13:11:42","guid":{"rendered":"https:\/\/secureus.se\/produkt\/signaluttag\/"},"modified":"2026-04-08T17:01:43","modified_gmt":"2026-04-08T15:01:43","slug":"signaluttag","status":"publish","type":"product","link":"https:\/\/secureus.se\/pl\/signaluttag\/","title":{"rendered":"Wyj\u015bcie sygna\u0142u"},"content":{"rendered":"<p>Gniazdo sygna\u0142owe to gniazdo \u015bcienne do pod\u0142\u0105czenia Jacka 6,3 mm (stereo). Mo\u017ce by\u0107 stosowany w instalacjach sygnalizacyjnych i alarmowych jako wyj\u015bcie przewodu przy\u0142\u0105czeniowego przycisku steruj\u0105cego, a tak\u017ce wyj\u015bcie s\u0142uchawek lub g\u0142o\u015bnik\u00f3w. Mo\u017cliwo\u015b\u0107 oznaczenia na tabliczce znamionowej.<\/p>","protected":false},"excerpt":{"rendered":"<p>Gniazdo sygna\u0142owe to gniazdo \u015bcienne do pod\u0142\u0105czenia Jacka 6,3 mm (stereo). Mo\u017ce by\u0107 stosowany w instalacjach sygnalizacyjnych i alarmowych jako wyj\u015bcie przewodu przy\u0142\u0105czeniowego przycisku steruj\u0105cego, a tak\u017ce wyj\u015bcie s\u0142uchawek lub g\u0142o\u015bnik\u00f3w. Mo\u017cliwo\u015b\u0107 oznaczenia na tabliczce znamionowej.<\/p>","protected":false},"featured_media":144259,"template":"","meta":{"_acf_changed":false},"product_brand":[],"product_cat":[1608],"product_tag":[],"class_list":{"0":"post-53418","1":"product","2":"type-product","3":"status-publish","4":"has-post-thumbnail","6":"product_cat-larmknappar","7":"product_shipping_class-tunga-paket","8":"pa_farg-vit","9":"tm-no-options","11":"first","12":"outofstock","13":"sale","14":"taxable","15":"shipping-taxable","16":"purchasable","17":"product-type-simple"},"acf":[],"_links":{"self":[{"href":"https:\/\/secureus.se\/pl\/wp-json\/wp\/v2\/product\/53418","targetHints":{"allow":["GET"]}}],"collection":[{"href":"https:\/\/secureus.se\/pl\/wp-json\/wp\/v2\/product"}],"about":[{"href":"https:\/\/secureus.se\/pl\/wp-json\/wp\/v2\/types\/product"}],"wp:featuredmedia":[{"embeddable":true,"href":"https:\/\/secureus.se\/pl\/wp-json\/wp\/v2\/media\/144259"}],"wp:attachment":[{"href":"https:\/\/secureus.se\/pl\/wp-json\/wp\/v2\/media?parent=53418"}],"wp:term":[{"taxonomy":"product_brand","embeddable":true,"href":"https:\/\/secureus.se\/pl\/wp-json\/wp\/v2\/product_brand?post=53418"},{"taxonomy":"product_cat","embeddable":true,"href":"https:\/\/secureus.se\/pl\/wp-json\/wp\/v2\/product_cat?post=53418"},{"taxonomy":"product_tag","embeddable":true,"href":"https:\/\/secureus.se\/pl\/wp-json\/wp\/v2\/product_tag?post=53418"}],"curies":[{"name":"wp","href":"https:\/\/api.w.org\/{rel}","templated":true}]}}