{"id":53422,"date":"2022-06-23T15:28:15","date_gmt":"2022-06-23T13:28:15","guid":{"rendered":"https:\/\/secureus.se\/produkt\/rwc-transformator-infalld\/"},"modified":"2026-04-08T16:42:07","modified_gmt":"2026-04-08T14:42:07","slug":"rwc-transformator-infalld","status":"publish","type":"product","link":"https:\/\/secureus.se\/pl\/rwc-transformator-infalld\/","title":{"rendered":"Transformator Rwc do wbudowania"},"content":{"rendered":"<p>Transformator 230\/12V AC do zasilania urz\u0105dze\u0144 Exxact RWC, zasila maksymalnie jeden pakiet RWC. Do monta\u017cu w puszce urz\u0105dzenia, 1-przedzia\u0142owy produkt RWC mo\u017cna zamontowa\u0107 nad transformatorem za pomoc\u0105 niskiej puszki 21 mm. Do monta\u017cu w puszce o \u015brednicy 60 mm lub monta\u017cu powierzchniowego w puszce o \u015brednicy 35 mm. W komplecie z opcjonaln\u0105 ram\u0105 Exxact.<\/p>","protected":false},"excerpt":{"rendered":"<p>Transformator 230\/12V AC do zasilania urz\u0105dze\u0144 Exxact RWC, zasila maksymalnie jeden pakiet RWC. Do monta\u017cu w puszce urz\u0105dzenia, 1-przedzia\u0142owy produkt RWC mo\u017cna zamontowa\u0107 nad transformatorem za pomoc\u0105 niskiej skrzynki 21<\/p>","protected":false},"featured_media":143513,"template":"","meta":{"_acf_changed":false},"product_brand":[],"product_cat":[1604],"product_tag":[],"class_list":{"0":"post-53422","1":"product","2":"type-product","3":"status-publish","4":"has-post-thumbnail","6":"product_cat-stromforsorjning-till-rwc-larm","7":"product_shipping_class-tunga-paket","8":"pa_brands-schneider-electric","9":"pa_farg-vit","10":"tm-no-options","12":"first","13":"instock","14":"sale","15":"taxable","16":"shipping-taxable","17":"purchasable","18":"product-type-simple"},"acf":[],"_links":{"self":[{"href":"https:\/\/secureus.se\/pl\/wp-json\/wp\/v2\/product\/53422","targetHints":{"allow":["GET"]}}],"collection":[{"href":"https:\/\/secureus.se\/pl\/wp-json\/wp\/v2\/product"}],"about":[{"href":"https:\/\/secureus.se\/pl\/wp-json\/wp\/v2\/types\/product"}],"wp:featuredmedia":[{"embeddable":true,"href":"https:\/\/secureus.se\/pl\/wp-json\/wp\/v2\/media\/143513"}],"wp:attachment":[{"href":"https:\/\/secureus.se\/pl\/wp-json\/wp\/v2\/media?parent=53422"}],"wp:term":[{"taxonomy":"product_brand","embeddable":true,"href":"https:\/\/secureus.se\/pl\/wp-json\/wp\/v2\/product_brand?post=53422"},{"taxonomy":"product_cat","embeddable":true,"href":"https:\/\/secureus.se\/pl\/wp-json\/wp\/v2\/product_cat?post=53422"},{"taxonomy":"product_tag","embeddable":true,"href":"https:\/\/secureus.se\/pl\/wp-json\/wp\/v2\/product_tag?post=53422"}],"curies":[{"name":"wp","href":"https:\/\/api.w.org\/{rel}","templated":true}]}}