{"id":53427,"date":"2022-06-23T15:25:10","date_gmt":"2022-06-23T13:25:10","guid":{"rendered":"https:\/\/secureus.se\/produkt\/rwc-rumslampa-med-summer\/"},"modified":"2026-03-26T12:14:40","modified_gmt":"2026-03-26T11:14:40","slug":"rwc-rumslampa-med-summer","status":"publish","type":"product","link":"https:\/\/secureus.se\/pl\/rwc-rumslampa-med-summer\/","title":{"rendered":"Lampa pokojowa Rwc z brz\u0119czykiem"},"content":{"rendered":"<p>Lamp\u0119 pokojow\u0105 z brz\u0119czykiem mo\u017cna \u0142\u0105czy\u0107 z innymi urz\u0105dzeniami z serii Exxact RWC. Do kompletnego systemu potrzebny jest modu\u0142 pami\u0119ci, przyciski awaryjne i zasilacz. Do monta\u017cu w puszce urz\u0105dzenia c\/c 60 mm lub monta\u017cu powierzchniowego w puszce 21 mm. W komplecie z opcjonaln\u0105 ram\u0105 Exxact. Brz\u0119czyk 3,1 kHz i g\u0142o\u015bno\u015b\u0107 80 dB na jeden metr.<\/p>","protected":false},"excerpt":{"rendered":"<p>Lamp\u0119 pokojow\u0105 z brz\u0119czykiem mo\u017cna \u0142\u0105czy\u0107 z innymi urz\u0105dzeniami z serii Exxact RWC. Do kompletnego systemu potrzebny jest modu\u0142 pami\u0119ci, przyciski awaryjne i zasilacz. Do monta\u017cu w puszce urz\u0105dzenia c\/c 60 mm lub monta\u017cu powierzchniowego w puszce 21 mm.<\/p>","protected":false},"featured_media":144212,"template":"","meta":{"_acf_changed":false},"product_brand":[],"product_cat":[1605],"product_tag":[],"class_list":{"0":"post-53427","1":"product","2":"type-product","3":"status-publish","4":"has-post-thumbnail","6":"product_cat-komponenter-till-rwc-larm","7":"product_shipping_class-tunga-paket","8":"pa_farg-vit","9":"tm-no-options","11":"first","12":"instock","13":"sale","14":"taxable","15":"shipping-taxable","16":"purchasable","17":"product-type-simple"},"acf":[],"_links":{"self":[{"href":"https:\/\/secureus.se\/pl\/wp-json\/wp\/v2\/product\/53427","targetHints":{"allow":["GET"]}}],"collection":[{"href":"https:\/\/secureus.se\/pl\/wp-json\/wp\/v2\/product"}],"about":[{"href":"https:\/\/secureus.se\/pl\/wp-json\/wp\/v2\/types\/product"}],"wp:featuredmedia":[{"embeddable":true,"href":"https:\/\/secureus.se\/pl\/wp-json\/wp\/v2\/media\/144212"}],"wp:attachment":[{"href":"https:\/\/secureus.se\/pl\/wp-json\/wp\/v2\/media?parent=53427"}],"wp:term":[{"taxonomy":"product_brand","embeddable":true,"href":"https:\/\/secureus.se\/pl\/wp-json\/wp\/v2\/product_brand?post=53427"},{"taxonomy":"product_cat","embeddable":true,"href":"https:\/\/secureus.se\/pl\/wp-json\/wp\/v2\/product_cat?post=53427"},{"taxonomy":"product_tag","embeddable":true,"href":"https:\/\/secureus.se\/pl\/wp-json\/wp\/v2\/product_tag?post=53427"}],"curies":[{"name":"wp","href":"https:\/\/api.w.org\/{rel}","templated":true}]}}