{"id":53428,"date":"2022-06-23T15:24:58","date_gmt":"2022-06-23T13:24:58","guid":{"rendered":"https:\/\/secureus.se\/produkt\/rwc-minnesenhet-m-aterst-nod\/"},"modified":"2026-04-23T11:56:24","modified_gmt":"2026-04-23T09:56:24","slug":"rwc-minnesenhet-m-aterst-nod","status":"publish","type":"product","link":"https:\/\/secureus.se\/pl\/rwc-minnesenhet-m-aterst-nod\/","title":{"rendered":"Pozosta\u0142a jednostka pami\u0119ci Rwc M \/ Awaryjna"},"content":{"rendered":"<p>Modu\u0142 pami\u0119ci z przyciskiem resetowania i awaryjnym. Urz\u0105dzenie jest sercem systemu RWC i tutaj mo\u017cesz zresetowa\u0107 alarm, ale tak\u017ce stworzy\u0107 alarm. Aby uzyska\u0107 kompletny system, jednostka pami\u0119ci jest po\u0142\u0105czona z przyciskami awaryjnymi, o\u015bwietleniem pomieszczenia i zasilaczem z gamy Exxact RWC. Napi\u0119cie zasilania 12V AC\/DC (+-15%). Do monta\u017cu w puszce urz\u0105dzenia c\/c 60 mm lub monta\u017cu powierzchniowego w puszce 21 mm. Jednostka pami\u0119ci jest bia\u0142a i uzupe\u0142niona opcjonaln\u0105 ramk\u0105 Exxact.<\/p>","protected":false},"excerpt":{"rendered":"<p>Modu\u0142 pami\u0119ci z przyciskiem resetowania i awaryjnym. Urz\u0105dzenie jest sercem systemu RWC i tutaj mo\u017cesz zresetowa\u0107 alarm, ale tak\u017ce stworzy\u0107 alarm. W przypadku kompletnego systemu jednostka pami\u0119ci jest po\u0142\u0105czona z przyciskami awaryjnymi,<\/p>","protected":false},"featured_media":143290,"template":"","meta":{"_acf_changed":false},"product_brand":[],"product_cat":[1605],"product_tag":[],"class_list":{"0":"post-53428","1":"product","2":"type-product","3":"status-publish","4":"has-post-thumbnail","6":"product_cat-komponenter-till-rwc-larm","7":"product_shipping_class-tunga-paket","8":"pa_farg-vit","9":"tm-no-options","11":"first","12":"instock","13":"sale","14":"taxable","15":"shipping-taxable","16":"purchasable","17":"product-type-simple"},"acf":[],"_links":{"self":[{"href":"https:\/\/secureus.se\/pl\/wp-json\/wp\/v2\/product\/53428","targetHints":{"allow":["GET"]}}],"collection":[{"href":"https:\/\/secureus.se\/pl\/wp-json\/wp\/v2\/product"}],"about":[{"href":"https:\/\/secureus.se\/pl\/wp-json\/wp\/v2\/types\/product"}],"wp:featuredmedia":[{"embeddable":true,"href":"https:\/\/secureus.se\/pl\/wp-json\/wp\/v2\/media\/143290"}],"wp:attachment":[{"href":"https:\/\/secureus.se\/pl\/wp-json\/wp\/v2\/media?parent=53428"}],"wp:term":[{"taxonomy":"product_brand","embeddable":true,"href":"https:\/\/secureus.se\/pl\/wp-json\/wp\/v2\/product_brand?post=53428"},{"taxonomy":"product_cat","embeddable":true,"href":"https:\/\/secureus.se\/pl\/wp-json\/wp\/v2\/product_cat?post=53428"},{"taxonomy":"product_tag","embeddable":true,"href":"https:\/\/secureus.se\/pl\/wp-json\/wp\/v2\/product_tag?post=53428"}],"curies":[{"name":"wp","href":"https:\/\/api.w.org\/{rel}","templated":true}]}}