{"id":53430,"date":"2022-06-23T15:23:29","date_gmt":"2022-06-23T13:23:29","guid":{"rendered":"https:\/\/secureus.se\/produkt\/nodlarm-rwc-paket-gra\/"},"modified":"2026-04-23T11:57:13","modified_gmt":"2026-04-23T09:57:13","slug":"nodlarm-rwc-paket-gra","status":"publish","type":"product","link":"https:\/\/secureus.se\/pl\/nodlarm-rwc-paket-gra\/","title":{"rendered":"Pakiet alarmowy Rwc w kolorze szarym"},"content":{"rendered":"<p>Alarmy aktywuje si\u0119 za pomoc\u0105 przycisku funkcyjnego \u201eSygna\u0142 alarmowy\u201d na urz\u0105dzeniu resetuj\u0105cym lub na jednym z urz\u0105dze\u0144 wywo\u0142uj\u0105cych. W przypadku wyst\u0105pienia alarmu aktywowana jest sygnalizacja akustyczna i optyczna na wy\u015bwietlaczu oraz dioda potwierdzenia w urz\u0105dzeniu kasuj\u0105cym i urz\u0105dzeniach wywo\u0142uj\u0105cych. Resetowanie alarm\u00f3w odbywa si\u0119 za pomoc\u0105 przycisku funkcyjnego \u201eReset\u201d lub zewn\u0119trznego wej\u015bcia resetuj\u0105cego. Alarmy mog\u0105 by\u0107 przekazywane z wyj\u015bcia przeka\u017anikowego w urz\u0105dzeniu resetuj\u0105cym.<\/p>","protected":false},"excerpt":{"rendered":"<p>Alarmy aktywuje si\u0119 za pomoc\u0105 przycisku funkcyjnego \u201eSygna\u0142 alarmowy\u201d na urz\u0105dzeniu resetuj\u0105cym lub na jednym z urz\u0105dze\u0144 wywo\u0142uj\u0105cych. W przypadku wyst\u0105pienia alarmu aktywowana jest sygnalizacja akustyczna i optyczna na wy\u015bwietlaczu oraz dioda potwierdzenia w urz\u0105dzeniu kasuj\u0105cym i urz\u0105dzeniach wywo\u0142uj\u0105cych. Alarm mo\u017cna zresetowa\u0107 za pomoc\u0105 przycisku funkcyjnego<\/p>","protected":false},"featured_media":143552,"template":"","meta":{"_acf_changed":false},"product_brand":[],"product_cat":[1606],"product_tag":[],"class_list":{"0":"post-53430","1":"product","2":"type-product","3":"status-publish","4":"has-post-thumbnail","6":"product_cat-rwc-larm","7":"product_shipping_class-tunga-paket","8":"pa_farg-gra","9":"tm-no-options","11":"first","12":"outofstock","13":"sale","14":"taxable","15":"shipping-taxable","16":"purchasable","17":"product-type-simple"},"acf":[],"_links":{"self":[{"href":"https:\/\/secureus.se\/pl\/wp-json\/wp\/v2\/product\/53430","targetHints":{"allow":["GET"]}}],"collection":[{"href":"https:\/\/secureus.se\/pl\/wp-json\/wp\/v2\/product"}],"about":[{"href":"https:\/\/secureus.se\/pl\/wp-json\/wp\/v2\/types\/product"}],"wp:featuredmedia":[{"embeddable":true,"href":"https:\/\/secureus.se\/pl\/wp-json\/wp\/v2\/media\/143552"}],"wp:attachment":[{"href":"https:\/\/secureus.se\/pl\/wp-json\/wp\/v2\/media?parent=53430"}],"wp:term":[{"taxonomy":"product_brand","embeddable":true,"href":"https:\/\/secureus.se\/pl\/wp-json\/wp\/v2\/product_brand?post=53430"},{"taxonomy":"product_cat","embeddable":true,"href":"https:\/\/secureus.se\/pl\/wp-json\/wp\/v2\/product_cat?post=53430"},{"taxonomy":"product_tag","embeddable":true,"href":"https:\/\/secureus.se\/pl\/wp-json\/wp\/v2\/product_tag?post=53430"}],"curies":[{"name":"wp","href":"https:\/\/api.w.org\/{rel}","templated":true}]}}