{"id":53431,"date":"2022-06-23T15:23:17","date_gmt":"2022-06-23T13:23:17","guid":{"rendered":"https:\/\/secureus.se\/produkt\/rwc-set-impressivo-vit\/"},"modified":"2026-03-26T12:15:22","modified_gmt":"2026-03-26T11:15:22","slug":"rwc-set-impressivo-vit","status":"publish","type":"product","link":"https:\/\/secureus.se\/pl\/rwc-set-impressivo-vit\/","title":{"rendered":"Zestaw Rwc Imponuj\u0105ca biel"},"content":{"rendered":"<div class=\"col-12 col-lg-6\">\n<div class=\"product-description pe-lg-5\">Kompletny zestaw do instalacji RWC (bez transformatora) w efektownym bia\u0142ym kolorze. Zestaw zawiera: 1 modu\u0142 z 1 przyciskiem alarmowym (por. FAP2001), 1 modu\u0142 z przyciskiem alarmowym i stykiem poci\u0105ganym (por. FAP3002), 1 modu\u0142 z 1 przyciskiem resetowania i 1 przyciskiem alarmowym (por. FAP3002). FAP2002), 1 urz\u0105dzenie g\u0142\u00f3wne z urz\u0105dzeniem alarmowym (por. FEH2001) i na koniec pierwszy rezystor 1000 om\u00f3w.<\/div>\n<div class=\"product-description pe-lg-5\">\nW razie potrzeby zestaw ten mo\u017cna uzupe\u0142ni\u0107 o dodatkowe przyciski\/gniazda sygnalizacyjne. W komplecie zielona i czerwona etykieta<br \/>\nNapi\u0119cie robocze 15\u201328 V AC \/ 18\u201335 V DC.<br \/>\nPob\u00f3r mocy 110 mAac\/60 mA DC<\/div>\n<\/div>\n<div class=\"col-12 col-lg-6\">\n<div class=\"product-downloads\">\n<h3 class=\"mb-4\">Pliki do pobrania<\/h3>\n<ul class=\"list-unstyled\">\n<li><a class=\"d-flex mb-3 event-tracking-btn\" href=\"https:\/\/www.installationsprodukter.se\/product\/pdf?pdf_id=2TKA00003573\" target=\"_blank\" rel=\"noopener\" data-tracking-category=\"Product\" data-tracking-action=\"PDF Download\" data-tracking-label=\"2TKA00003573 | Impressivo Vit med larm och reset-knapp i samma enhet\" data-once=\"button\">Karta produktu w formacie PDF<\/a><\/li>\n<li><a class=\"d-flex mb-3 event-tracking-btn\" href=\"https:\/\/search.abb.com\/library\/Download.aspx?DocumentID=9AKK107045A8158&amp;LanguageCode=en&amp;LanguageCode=sv&amp;DocumentPartId=&amp;Action=Launch\" target=\"_blank\" rel=\"noopener\" data-tracking-category=\"Product\" data-tracking-action=\"II Download\" data-tracking-label=\"2TKA00003573 | https:\/\/search.abb.com\/library\/Download.aspx?DocumentID=9AKK107045A8158&amp;LanguageCode=en&amp;LanguageCode=sv&amp;DocumentPartId=&amp;Action=Launch\" data-once=\"button\">Instrukcja monta\u017cu<\/a><\/li>\n<li><a class=\"d-flex mb-3 event-tracking-btn\" href=\"https:\/\/search.abb.com\/library\/Download.aspx?DocumentID=9AKK108466A2494&amp;LanguageCode=sv&amp;DocumentPartId=&amp;Action=Launch\" target=\"_blank\" rel=\"noopener\" data-tracking-category=\"Product\" data-tracking-action=\"CE Download\" data-tracking-label=\"2TKA00003573 | https:\/\/search.abb.com\/library\/Download.aspx?DocumentID=9AKK108466A2494&amp;LanguageCode=sv&amp;DocumentPartId=&amp;Action=Launch\" data-once=\"button\">Deklaracja CE<\/a><\/li>\n<li><a class=\"d-flex mb-3 event-tracking-btn\" href=\"https:\/\/search.abb.com\/library\/Download.aspx?DocumentID=9AKK106713A4634&amp;LanguageCode=en&amp;DocumentPartId=&amp;Action=Launch\" target=\"_blank\" rel=\"noopener\" data-tracking-category=\"Product\" data-tracking-action=\"MD49 Download\" data-tracking-label=\"2TKA00003573 | https:\/\/search.abb.com\/library\/Download.aspx?DocumentID=9AKK106713A4634&amp;LanguageCode=en&amp;DocumentPartId=&amp;Action=Launch\" data-once=\"button\">Deklaracja RoHS<\/a><\/li>\n<li><a class=\"d-flex mb-3 event-tracking-btn\" href=\"https:\/\/search.abb.com\/library\/Download.aspx?DocumentID=9AKK108466A2494&amp;LanguageCode=en&amp;DocumentPartId=&amp;Action=Launch\" target=\"_blank\" rel=\"noopener\" data-tracking-category=\"Product\" data-tracking-action=\"MD52 Download\" data-tracking-label=\"2TKA00003573 | https:\/\/search.abb.com\/library\/Download.aspx?DocumentID=9AKK108466A2494&amp;LanguageCode=en&amp;DocumentPartId=&amp;Action=Launch\" data-once=\"button\">Deklaracja zgodno\u015bci CE<\/a><\/li>\n<li><a class=\"d-flex mb-3 event-tracking-btn\" href=\"https:\/\/search.abb.com\/library\/Download.aspx?DocumentID=9AKK106713A4633&amp;LanguageCode=en&amp;DocumentPartId=&amp;Action=Launch\" target=\"_blank\" rel=\"noopener\" data-tracking-category=\"Product\" data-tracking-action=\"MD05 Download\" data-tracking-label=\"2TKA00003573 | https:\/\/search.abb.com\/library\/Download.aspx?DocumentID=9AKK106713A4633&amp;LanguageCode=en&amp;DocumentPartId=&amp;Action=Launch\" data-once=\"button\">G\u0142\u0119bokie \u0142\u0105cze REACH<\/a><\/li>\n<\/ul>\n<\/div>\n<\/div>","protected":false},"excerpt":{"rendered":"<p>Kompletny zestaw do instalacji RWC (bez transformatora) w efektownym bia\u0142ym kolorze. Zestaw zawiera: 1 modu\u0142 z 1 przyciskiem alarmowym (por. FAP2001), 1 modu\u0142 z przyciskiem alarmowym i stykiem poci\u0105ganym (por. FAP2001).<\/p>","protected":false},"featured_media":143760,"template":"","meta":{"_acf_changed":false},"product_brand":[],"product_cat":[1606],"product_tag":[],"class_list":{"0":"post-53431","1":"product","2":"type-product","3":"status-publish","4":"has-post-thumbnail","6":"product_cat-rwc-larm","7":"product_shipping_class-tunga-paket","8":"pa_brands-abb","9":"pa_farg-vit","10":"tm-no-options","12":"first","13":"outofstock","14":"sale","15":"taxable","16":"shipping-taxable","17":"purchasable","18":"product-type-simple"},"acf":[],"_links":{"self":[{"href":"https:\/\/secureus.se\/pl\/wp-json\/wp\/v2\/product\/53431","targetHints":{"allow":["GET"]}}],"collection":[{"href":"https:\/\/secureus.se\/pl\/wp-json\/wp\/v2\/product"}],"about":[{"href":"https:\/\/secureus.se\/pl\/wp-json\/wp\/v2\/types\/product"}],"wp:featuredmedia":[{"embeddable":true,"href":"https:\/\/secureus.se\/pl\/wp-json\/wp\/v2\/media\/143760"}],"wp:attachment":[{"href":"https:\/\/secureus.se\/pl\/wp-json\/wp\/v2\/media?parent=53431"}],"wp:term":[{"taxonomy":"product_brand","embeddable":true,"href":"https:\/\/secureus.se\/pl\/wp-json\/wp\/v2\/product_brand?post=53431"},{"taxonomy":"product_cat","embeddable":true,"href":"https:\/\/secureus.se\/pl\/wp-json\/wp\/v2\/product_cat?post=53431"},{"taxonomy":"product_tag","embeddable":true,"href":"https:\/\/secureus.se\/pl\/wp-json\/wp\/v2\/product_tag?post=53431"}],"curies":[{"name":"wp","href":"https:\/\/api.w.org\/{rel}","templated":true}]}}