{"id":53436,"date":"2022-06-23T15:22:27","date_gmt":"2022-06-23T13:22:27","guid":{"rendered":"https:\/\/secureus.se\/produkt\/rwc-paket-med-trafo\/"},"modified":"2026-04-08T16:59:41","modified_gmt":"2026-04-08T14:59:41","slug":"rwc-paket-med-trafo","status":"publish","type":"product","link":"https:\/\/secureus.se\/pl\/rwc-paket-med-trafo\/","title":{"rendered":"Pakiet RWC z transformatorem Exxact \u2013 kompletny system sygnalizacji awaryjnej"},"content":{"rendered":"<h4>Pakiet Schneider Electric Exxact RWC z transformatorem \u2014 kompletny system sygnalizacji awaryjnej zapewniaj\u0105cy bezpiecze\u0144stwo i ochron\u0119<\/h4>\n<p>Ten pakiet RWC z serii Schneider Electric Exxact oferuje kompleksowe rozwi\u0105zanie sygnalizacji awaryjnej dla wszystkich typ\u00f3w budynk\u00f3w. Pakiet zawiera wszystko, co potrzebne do zapewnienia szybkiej i skutecznej komunikacji w sytuacjach awaryjnych, m.in. transformator, przyciski alarmowe oraz lampk\u0119 pokojow\u0105 z brz\u0119czykiem. Bia\u0142e jednostki maj\u0105 stopie\u0144 ochrony IP20 i mo\u017cna je \u0142atwo uzupe\u0142ni\u0107 dowoln\u0105 ramk\u0105 Exxact, aby uzyska\u0107 stylow\u0105 instalacj\u0119.<\/p>\n<h3>Funkcje i zalety<\/h3>\n<ul>\n<li><strong>Kompletny pakiet<\/strong>: Zawiera 1 przycisk awaryjny, 1 przycisk awaryjny z gniazdem sygna\u0142owym, 1 modu\u0142 pami\u0119ci z przyciskiem resetowania\/awaryjnym i 1 lamp\u0119 pokojow\u0105 z brz\u0119czykiem.<\/li>\n<li><strong>Pot\u0119\u017cny wska\u017anik akustyczny<\/strong>: Brz\u0119czyk o cz\u0119stotliwo\u015bci d\u017awi\u0119ku 3,1 kHz i poziomie d\u017awi\u0119ku 80 dB w odleg\u0142o\u015bci 1 metra, kt\u00f3ry zapewnia wyra\u017ane us\u0142yszenie alarmu.<\/li>\n<li><strong>Wskazanie wizualne<\/strong>: Czerwone diody LED do wyra\u017anego wizualnego sygnalizowania sytuacji awaryjnych.<\/li>\n<li><strong>Klasyfikacja IP20<\/strong>: Ochrona przed cia\u0142ami sta\u0142ymi o \u015brednicy wi\u0119kszej ni\u017c 12,5 mm, dzi\u0119ki czemu nadaje si\u0119 do u\u017cytku w pomieszczeniach zamkni\u0119tych.<\/li>\n<li><strong>\u0141atwa instalacja<\/strong>: Jednostki s\u0105 montowane podtynkowo i \u0142\u0105czone za pomoc\u0105 po\u0142\u0105cze\u0144 \u015brubowych, dzi\u0119ki czemu instalacja jest szybka i \u0142atwa.<\/li>\n<li><strong>Mo\u017cliwo\u015b\u0107 dostosowania projektu<\/strong>: Mo\u017cna uzupe\u0142ni\u0107 dowoln\u0105 ramk\u0105 Exxact pasuj\u0105c\u0105 do Twojego wystroju.<\/li>\n<\/ul>\n<h3>Specyfikacja techniczna<\/h3>\n<ul>\n<li><strong>Przyciski po\u0142\u0105cze\u0144 alarmowych<\/strong>:\n<ul>\n<li><strong>Napi\u0119cie zasilania<\/strong>: Maks. 20 V pr\u0105du sta\u0142ego<\/li>\n<li><strong>Zu\u017cycie energii<\/strong>: Maks. 25 mA, gdy urz\u0105dzenie jest aktywne, maks. 0,1 mA w stanie spoczynku<\/li>\n<li><strong>Wskazanie optyczne<\/strong>: Czerwona dioda LED<\/li>\n<li><strong>Przycisk sygna\u0142u<\/strong>: 1-biegunowy zako\u0144czony plusem napi\u0119cia systemowego<\/li>\n<\/ul>\n<\/li>\n<li><strong>Lampa pokojowa z brz\u0119czykiem<\/strong>:\n<ul>\n<li><strong>Napi\u0119cie zasilania<\/strong>: Maks. 20 V pr\u0105du sta\u0142ego<\/li>\n<li><strong>Zu\u017cycie energii<\/strong>: Maks. 55 mA w stanie aktywnym, maks. 6 mA w stanie spoczynku<\/li>\n<li><strong>Wskazanie optyczne<\/strong>: Czerwone diody LED pod owaln\u0105 soczewk\u0105<\/li>\n<li><strong>Wskazanie akustyczne<\/strong>: Cz\u0119stotliwo\u015b\u0107 brz\u0119czyka 3,1 kHz \u00b1 0,8 kHz, Poziom d\u017awi\u0119ku oko\u0142o 80 dB w odleg\u0142o\u015bci 1 metra<\/li>\n<\/ul>\n<\/li>\n<li><strong>Transformator<\/strong>:\n<ul>\n<li><strong>Napi\u0119cie pierwotne<\/strong>: 230 V<\/li>\n<li><strong>Napi\u0119cie wt\u00f3rne<\/strong>: 12 V przy obci\u0105\u017ceniu 500 mA<\/li>\n<li><strong>Brak napi\u0119cia obci\u0105\u017cenia<\/strong>: oko\u0142o 16,8 V<\/li>\n<li><strong>Efekt<\/strong>: 6VA<\/li>\n<li><strong>Typ bezpiecznika<\/strong>: Nieresetuj\u0105cy si\u0119 bezpiecznik termiczny<\/li>\n<\/ul>\n<\/li>\n<\/ul>\n<h3>Instalacja i u\u017cytkowanie<\/h3>\n<ol>\n<li><strong>Montowanie<\/strong>: Przymocuj ram\u0119 no\u015bn\u0105 do skrzynki urz\u0105dzenia lub skrzynki UP i pod\u0142\u0105cz urz\u0105dzenia RWC zgodnie ze schematem po\u0142\u0105cze\u0144.<\/li>\n<li><strong>Inwestycja<\/strong>:\n<ul>\n<li>Modu\u0142 pami\u0119ci z przyciskiem resetowania i awaryjnym: 700 mm nad pod\u0142og\u0105<\/li>\n<li>Lampa pokojowa z brz\u0119czykiem: Co najmniej 2200 mm nad pod\u0142og\u0105<\/li>\n<li>Przycisk sygnalizacji awaryjnej z gniazdem sygna\u0142owym: 550 mm nad pod\u0142og\u0105<\/li>\n<li>Przycisk sygna\u0142u awaryjnego: 200 mm nad pod\u0142og\u0105<\/li>\n<\/ul>\n<\/li>\n<li><strong>Uko\u0144czenie<\/strong>: W komplecie z opcjonaln\u0105 ramk\u0105 Exxact zapewniaj\u0105c\u0105 kompletn\u0105 i stylow\u0105 instalacj\u0119.<\/li>\n<\/ol>\n<ul class=\"\">\n<li><a class=\"produkt-slide-bild produkt-bild-fil\" href=\"https:\/\/www.enummerbanken.se\/UserContent\/ArticleDocs\/MILJ%C3%96\/MILJ%C3%96_28030_5506308.pdf\" target=\"_blank\" rel=\"noopener\"><img decoding=\"async\" src=\"https:\/\/secureus.se\/wp-content\/uploads\/2023\/05\/pdf-icon.png\" alt=\"PDF\">\u00a0Dokument \u015brodowiskowy<\/a><\/li>\n<li><a class=\"produkt-slide-bild produkt-bild-fil\" href=\"https:\/\/www.se.com\/se\/sv\/product\/WDE002259\" target=\"_blank\" rel=\"noopener\"><i class=\"fa fa-file-o\"><\/i>\u00a0Link do strony produktu<\/a><\/li>\n<li><a class=\"produkt-slide-bild produkt-bild-fil\" href=\"http:\/\/pdf.schneider-electric.nu\/Generatepdf.aspx?salesorgid=2&amp;dist=653&amp;lang=2&amp;form=no&amp;documenttype=plain&amp;productid=WDE002259&amp;render=eShopV3&amp;TemplateID=1\" target=\"_blank\" rel=\"noopener\"><i class=\"fa fa-file-o\"><\/i>\u00a0Karta danych produktu<\/a><\/li>\n<li><a class=\"produkt-slide-bild produkt-bild-fil\" href=\"https:\/\/download.schneider-electric.com\/files?p_enDocType=Instruction+sheet&amp;p_File_Name=S1A71629.pdf&amp;p_Doc_Ref=S1A71629\" target=\"_blank\" rel=\"noopener\"><i class=\"fa fa-file-o\"><\/i>\u00a0Instrukcja monta\u017cu<\/a><\/li>\n<li><a class=\"produkt-slide-bild produkt-bild-fil\" href=\"https:\/\/checkaproduct.se.com\/DistantRequestDispatcher.aspx?action=exportPdfReach&amp;pid=62044145&amp;lang=en-us\" target=\"_blank\" rel=\"noopener\"><i class=\"fa fa-file-o\"><\/i>\u00a0Po\u0142\u0105cz REACH<\/a><\/li>\n<li><a class=\"produkt-slide-bild produkt-bild-fil\" href=\"https:\/\/www.e-nummersok.se\/infoDocs\/MILJ%C3%96\/MILJ%C3%96_28030_5506308.pdf\" target=\"_blank\" rel=\"noopener\"><img decoding=\"async\" src=\"https:\/\/secureus.se\/wp-content\/uploads\/2023\/05\/pdf-icon.png\" alt=\"PDF\"><i class=\"fa fa-file-o\"><\/i>\u00a0Dokument \u015brodowiskowy<\/a><\/li>\n<\/ul>","protected":false},"excerpt":{"rendered":"<p>Pakiet RWC z transformatorem z serii Schneider Electric Exxact. Zawiera 1 przycisk awaryjny, 1 przycisk awaryjny z gniazdem sygna\u0142owym, 1 modu\u0142 pami\u0119ci z przyciskiem resetowania\/awaryjnym i 1 lamp\u0119 pokojow\u0105 z brz\u0119czykiem. Jednostki o stopniu ochrony IP20 w kolorze bia\u0142ym, kt\u00f3re mo\u017cna uzupe\u0142ni\u0107 dowoln\u0105 ramk\u0105 Exxact.<\/p>","protected":false},"featured_media":143305,"template":"","meta":{"_acf_changed":false},"product_brand":[],"product_cat":[1606],"product_tag":[],"class_list":{"0":"post-53436","1":"product","2":"type-product","3":"status-publish","4":"has-post-thumbnail","6":"product_cat-rwc-larm","7":"product_shipping_class-tunga-paket","8":"pa_brands-schneider-electric","9":"pa_farg-vit","10":"tm-no-options","12":"first","13":"instock","14":"sale","15":"taxable","16":"shipping-taxable","17":"purchasable","18":"product-type-simple"},"acf":[],"_links":{"self":[{"href":"https:\/\/secureus.se\/pl\/wp-json\/wp\/v2\/product\/53436","targetHints":{"allow":["GET"]}}],"collection":[{"href":"https:\/\/secureus.se\/pl\/wp-json\/wp\/v2\/product"}],"about":[{"href":"https:\/\/secureus.se\/pl\/wp-json\/wp\/v2\/types\/product"}],"wp:featuredmedia":[{"embeddable":true,"href":"https:\/\/secureus.se\/pl\/wp-json\/wp\/v2\/media\/143305"}],"wp:attachment":[{"href":"https:\/\/secureus.se\/pl\/wp-json\/wp\/v2\/media?parent=53436"}],"wp:term":[{"taxonomy":"product_brand","embeddable":true,"href":"https:\/\/secureus.se\/pl\/wp-json\/wp\/v2\/product_brand?post=53436"},{"taxonomy":"product_cat","embeddable":true,"href":"https:\/\/secureus.se\/pl\/wp-json\/wp\/v2\/product_cat?post=53436"},{"taxonomy":"product_tag","embeddable":true,"href":"https:\/\/secureus.se\/pl\/wp-json\/wp\/v2\/product_tag?post=53436"}],"curies":[{"name":"wp","href":"https:\/\/api.w.org\/{rel}","templated":true}]}}