{"id":53437,"date":"2022-06-23T15:20:11","date_gmt":"2022-06-23T13:20:11","guid":{"rendered":"https:\/\/secureus.se\/produkt\/undercentral-evaq-2-kn\/"},"modified":"2026-03-26T12:16:09","modified_gmt":"2026-03-26T11:16:09","slug":"undercentral-evaq-2-kn","status":"publish","type":"product","link":"https:\/\/secureus.se\/pl\/undercentral-evaq-2-kn\/","title":{"rendered":"Sub-centralny Evaq 2 Kn"},"content":{"rendered":"<p>Urz\u0105dzenie zawiera wy\u015bwietlacz z 8 czerwono-zielonymi znakami alfanumerycznymi (wysoko\u015b\u0107 znaku 12mm) i 2 zielonymi przyciskami funkcyjnymi. Czerwona dioda potwierdzenia i zielona sygnalizacja pracy pod 2mm \u015bwiat\u0142owodem w pokrywie. Brz\u0119czyk z mo\u017cliwo\u015bci\u0105 regulacji g\u0142o\u015bno\u015bci i wej\u015bciem do funkcji sterowania (aktywacja \u201eOdbioru\u201d). Wyj\u015bcia dla brz\u0119czyka, alarmu ca\u0142kowitego i alarmu awarii. Naci\u015bnij pokryw\u0119: \u201eOdbi\u00f3r\u201d. Pod\u0142\u0105czenie odbywa si\u0119 na zacisku \u015brubowym z zabezpieczeniem przewodu umieszczonym na wtykowej listwie zaciskowej. Szablon programowania jest wype\u0142niany przed dostaw\u0105.<\/p>","protected":false},"excerpt":{"rendered":"<p>Apparaten inneh\u00e5ller display med 8 r\u00f6da\/gr\u00f6na alfanumeriska tecken (teckenh\u00f6jd 12mm)och 2st gr\u00f6na funktionsknappar. R\u00f6d kvitteringsdiod och gr\u00f6n driftindikering under en 2mm ljusledare i locket. Summer med justerbar volym och ing\u00e5ng<\/p>","protected":false},"featured_media":143764,"template":"","meta":{"_acf_changed":false},"product_brand":[],"product_cat":[1609],"product_tag":[],"class_list":{"0":"post-53437","1":"product","2":"type-product","3":"status-publish","4":"has-post-thumbnail","6":"product_cat-nod-evakueringslarm","7":"product_shipping_class-tunga-paket","8":"tm-no-options","10":"first","11":"outofstock","12":"sale","13":"taxable","14":"shipping-taxable","15":"purchasable","16":"product-type-simple"},"acf":[],"_links":{"self":[{"href":"https:\/\/secureus.se\/pl\/wp-json\/wp\/v2\/product\/53437","targetHints":{"allow":["GET"]}}],"collection":[{"href":"https:\/\/secureus.se\/pl\/wp-json\/wp\/v2\/product"}],"about":[{"href":"https:\/\/secureus.se\/pl\/wp-json\/wp\/v2\/types\/product"}],"wp:featuredmedia":[{"embeddable":true,"href":"https:\/\/secureus.se\/pl\/wp-json\/wp\/v2\/media\/143764"}],"wp:attachment":[{"href":"https:\/\/secureus.se\/pl\/wp-json\/wp\/v2\/media?parent=53437"}],"wp:term":[{"taxonomy":"product_brand","embeddable":true,"href":"https:\/\/secureus.se\/pl\/wp-json\/wp\/v2\/product_brand?post=53437"},{"taxonomy":"product_cat","embeddable":true,"href":"https:\/\/secureus.se\/pl\/wp-json\/wp\/v2\/product_cat?post=53437"},{"taxonomy":"product_tag","embeddable":true,"href":"https:\/\/secureus.se\/pl\/wp-json\/wp\/v2\/product_tag?post=53437"}],"curies":[{"name":"wp","href":"https:\/\/api.w.org\/{rel}","templated":true}]}}