{"id":53438,"date":"2022-06-23T15:20:01","date_gmt":"2022-06-23T13:20:01","guid":{"rendered":"https:\/\/secureus.se\/produkt\/omkoppl-nyckel-2pol-18mm-rod\/"},"modified":"2026-04-08T17:01:03","modified_gmt":"2026-04-08T15:01:03","slug":"omkoppl-nyckel-2pol-18mm-rod","status":"publish","type":"product","link":"https:\/\/secureus.se\/pl\/omkoppl-nyckel-2pol-18mm-rod\/","title":{"rendered":"Klucz prze\u0142\u0105czaj\u0105cy 2-biegunowy 1*8 mm czerwony"},"content":{"rendered":"<p>Urz\u0105dzenie zawiera prze\u0142\u0105czniki kluczykowe oraz czerwon\u0105 sygnalizacj\u0119 optyczn\u0105 LED 8mm. Naci\u015bnij pokryw\u0119: \u201eON\u201d i \u201eOFF\u201d. Pod\u0142\u0105czenie odbywa si\u0119 na zacisku \u015brubowym z zabezpieczeniem przewodu. Do monta\u017cu wpuszczanego wok\u00f3\u0142 puszki urz\u0105dzenia c\/c 60 mm lub monta\u017cu powierzchniowego w ramie \u015bciennej 5020090 (wysoko\u015b\u0107 26 mm). Za\u015blepka do mocowania \u015brubowego wykonana z bia\u0142ego tworzywa termoplastycznego.<\/p>","protected":false},"excerpt":{"rendered":"<p>Apparaten inneh\u00e5ller nyckelomkopplare och r\u00f6d optisk indikering, lysdiod 8mm. Tryck p\u00e5locket: \u201cTILL\u201d och \u201cFR\u00c5N\u201d. Inkoppling sker p\u00e5 skruvplint med tr\u00e5dskydd. F\u00f6r inf\u00e4llt montage irund apparatdosa c\/c 60mm eller utanp\u00e5liggande i<\/p>","protected":false},"featured_media":143423,"template":"","meta":{"_acf_changed":false},"product_brand":[],"product_cat":[1609],"product_tag":[],"class_list":{"0":"post-53438","1":"product","2":"type-product","3":"status-publish","4":"has-post-thumbnail","6":"product_cat-nod-evakueringslarm","7":"product_shipping_class-tunga-paket","8":"tm-no-options","10":"first","11":"instock","12":"sale","13":"taxable","14":"shipping-taxable","15":"purchasable","16":"product-type-simple"},"acf":[],"_links":{"self":[{"href":"https:\/\/secureus.se\/pl\/wp-json\/wp\/v2\/product\/53438","targetHints":{"allow":["GET"]}}],"collection":[{"href":"https:\/\/secureus.se\/pl\/wp-json\/wp\/v2\/product"}],"about":[{"href":"https:\/\/secureus.se\/pl\/wp-json\/wp\/v2\/types\/product"}],"wp:featuredmedia":[{"embeddable":true,"href":"https:\/\/secureus.se\/pl\/wp-json\/wp\/v2\/media\/143423"}],"wp:attachment":[{"href":"https:\/\/secureus.se\/pl\/wp-json\/wp\/v2\/media?parent=53438"}],"wp:term":[{"taxonomy":"product_brand","embeddable":true,"href":"https:\/\/secureus.se\/pl\/wp-json\/wp\/v2\/product_brand?post=53438"},{"taxonomy":"product_cat","embeddable":true,"href":"https:\/\/secureus.se\/pl\/wp-json\/wp\/v2\/product_cat?post=53438"},{"taxonomy":"product_tag","embeddable":true,"href":"https:\/\/secureus.se\/pl\/wp-json\/wp\/v2\/product_tag?post=53438"}],"curies":[{"name":"wp","href":"https:\/\/api.w.org\/{rel}","templated":true}]}}