{"id":53439,"date":"2022-06-23T15:19:56","date_gmt":"2022-06-23T13:19:56","guid":{"rendered":"https:\/\/secureus.se\/produkt\/anropsapp-aterstalln-evaq-2-kn\/"},"modified":"2026-03-26T12:16:26","modified_gmt":"2026-03-26T11:16:26","slug":"anropsapp-aterstalln-evaq-2-kn","status":"publish","type":"product","link":"https:\/\/secureus.se\/pl\/anropsapp-aterstalln-evaq-2-kn\/","title":{"rendered":"Tjeders EVAQ 2 Kn Urz\u0105dzenie wywo\u0142uj\u0105ce \/ Resetuj\u0105ce urz\u0105dzenie"},"content":{"rendered":"<p>Urz\u0105dzenie zawiera wy\u015bwietlacz z 8 czerwono-zielonymi znakami alfanumerycznymi (wysoko\u015b\u0107 znaku 12mm), 1 czerwonym i 1 zielonym przyciskiem funkcyjnym. Czerwona dioda potwierdzenia i zielona sygnalizacja pracy pod 2mm \u015bwiat\u0142owodem w pokrywie. Brz\u0119czyk z regulowan\u0105 g\u0142o\u015bno\u015bci\u0105 i wej\u015bciem\/wyj\u015bciem alarmowym. Naci\u015bnij pokryw\u0119: \u201eSygna\u0142 alarmowy\u201d i \u201eReset\u201d. Pod\u0142\u0105czenie odbywa si\u0119 na zacisku \u015brubowym z zabezpieczeniem przewodu umieszczonym na listwie zaciskowej. Nale\u017cy pami\u0119ta\u0107 o wype\u0142nieniu szablonu programowania przy sk\u0142adaniu zam\u00f3wienia, gdy\u017c centrala programowana jest przed dostaw\u0105.<\/p>\n<p>Adres e-mail 5500531<\/p>\n<div id=\"section-c18\" class=\"section row section-1-cells entity-selectable\">\n<div class=\"cells wide\">\n<div id=\"c20\" class=\"cell column is-light twelve span-12 entity-selectable\">\n<div class=\"content\">\n<div class=\"widget html-widget\">\n<div class=\"tinymce\">\n<h2 id=\"ic_toc_link_1\"><strong>Zadzwo\u0144 do aplikacji\/przywr\u00f3\u0107 Evaq 2 Kn C<\/strong><\/h2>\n<\/div>\n<\/div>\n<\/div>\n<\/div>\n<\/div>\n<\/div>\n<div id=\"section-c28\" class=\"section row section-2-cells entity-selectable\">\n<div class=\"cells wide\">\n<div id=\"c34\" class=\"cell column is-light four span-4 entity-selectable\">\n<div class=\"content\">\n<div class=\"widget html-widget\">\n<div class=\"tinymce\">\n<p>Przywo\u0142aj i zresetuj urz\u0105dzenie Evaq z wy\u015bwietlaczem, czerwonym i zielonym przyciskiem funkcyjnym. Tekst \u201eSygna\u0142 awaryjny\u201d i \u201eOdzyskiwanie\u201d.<\/p>\n<\/div>\n<\/div>\n<\/div>\n<\/div>\n<\/div>\n<\/div>\n<h3 class=\"action-buttons\"><strong>Opis funkcjonalny<\/strong><\/h3>\n<div id=\"section-c48\" class=\"section row section-2-cells entity-selectable\">\n<div class=\"cells wide\">\n<div id=\"c50\" class=\"cell column is-light six span-6 entity-selectable\">\n<div class=\"content\">\n<div class=\"widget html-widget\">\n<div class=\"tinymce\">\n<p>Urz\u0105dzenie zawiera wy\u015bwietlacz z 8 czerwono-zielonymi znakami alfanumerycznymi (wysoko\u015b\u0107 znaku 12mm), 1 czerwonym i 1 zielonym przyciskiem funkcyjnym.<\/p>\n<p>Czerwona dioda potwierdzenia i zielona sygnalizacja pracy pod 2mm \u015bwiat\u0142owodem w pokrywie. Brz\u0119czyk z regulowan\u0105 g\u0142o\u015bno\u015bci\u0105 i wej\u015bciem\/wyj\u015bciem alarmowym. Naci\u015bnij pokryw\u0119: \u201eSygna\u0142 alarmowy\u201d i \u201eReset\u201d. Pod\u0142\u0105czenie odbywa si\u0119 na zacisku \u015brubowym z zabezpieczeniem przewodu umieszczonym na listwie zaciskowej.<\/p>\n<p>Do monta\u017cu wpuszczanego w okr\u0105g\u0142ej puszce urz\u0105dzenia c\/c 60 mm lub do monta\u017cu powierzchniowego w ramie \u015bciennej 11060068 (nr E 5020012) (wysoko\u015b\u0107 26 mm). Za\u015blepka do mocowania \u015brubowego wykonana z bia\u0142ego tworzywa termoplastycznego.<\/p>\n<ul>\n<li><strong>Wej\u015bcie alarmowe<\/strong><br \/>\nAktywacja wej\u015bcia (zamkni\u0119cie styku) powoduje wywo\u0142anie alarmu w urz\u0105dzeniu.<\/li>\n<li><strong>Wyj\u015bcie alarmowe 1<\/strong><br \/>\nWyj\u015bcie jest aktywowane w przypadku wyst\u0105pienia alarmu w urz\u0105dzeniu i dezaktywowane po zresetowaniu alarmu.<\/li>\n<li><strong>Wyj\u015bcie alarmowe 2<\/strong><br \/>\nWyj\u015bcie jest aktywowane w przypadku wyst\u0105pienia alarmu w urz\u0105dzeniu i dezaktywowane po potwierdzeniu alarmu.<\/li>\n<\/ul>\n<\/div>\n<\/div>\n<\/div>\n<\/div>\n<div id=\"c54\" class=\"cell column is-light six span-6 entity-selectable\">\n<div class=\"content\">\n<div class=\"widget html-widget callout-widget left\">\n<div class=\"content-toolbar\"><\/div>\n<div class=\"tinymce callout\">\n<h3 id=\"ic_toc_link_4\"><strong>Specyfikacja techniczna<\/strong><\/h3>\n<table class=\"procydoTable\" border=\"1\">\n<tbody>\n<tr>\n<td>Waga<\/td>\n<td>133 gr<\/td>\n<\/tr>\n<tr>\n<td>Czas realizacji<\/td>\n<td>10 dni<\/td>\n<\/tr>\n<tr>\n<td>Napi\u0119cie robocze<\/td>\n<td>12-24 VDC +\/-15%<\/td>\n<\/tr>\n<tr>\n<td>Wej\u015bcie dla styku sygna\u0142owego<\/td>\n<td>Zamykanie\/\u0142amanie<\/td>\n<\/tr>\n<tr>\n<td>Wymiary (urz\u0105dzenie, bez opakowania) (wys.*szer.*g\u0142., mm)<\/td>\n<td>90x90x29<\/td>\n<\/tr>\n<tr>\n<td>Wymiary (urz\u0105dzenie, zapakowane w pude\u0142ko) (wys.*szer.*Dj, mm)<\/td>\n<td>93x93x40<\/td>\n<\/tr>\n<tr>\n<td>Wyj\u015bcie tranzystorowe typu otwarty kolektor (GND)<\/td>\n<td>Wniosek<\/td>\n<\/tr>\n<tr>\n<td>Wyj\u015bcie, maksymalne napi\u0119cie (VDC)<\/td>\n<td>50<\/td>\n<\/tr>\n<tr>\n<td>Wyj\u015bcie, maksymalny pr\u0105d (mA)<\/td>\n<td>500<\/td>\n<\/tr>\n<tr>\n<td>Waga (gramy)<\/td>\n<td>133<\/td>\n<\/tr>\n<tr>\n<td>Maksymalny pob\u00f3r pr\u0105du przy 12 VDC (, mA)<\/td>\n<td>130<\/td>\n<\/tr>\n<tr>\n<td>Maksymalny pob\u00f3r pr\u0105du przy 24 VDC (, mA)<\/td>\n<td>70<\/td>\n<\/tr>\n<\/tbody>\n<\/table>\n<\/div>\n<div class=\"pointer-container\"><\/div>\n<\/div>\n<\/div>\n<\/div>\n<\/div>\n<\/div>\n<div id=\"section-c68\" class=\"section row section-2-cells entity-selectable\">\n<div class=\"cells wide\">\n<div id=\"c74\" class=\"cell column is-light eight span-8 entity-selectable\">\n<div class=\"content\">\n<div class=\"widget html-widget\">\n<div class=\"tinymce\">\n<h4 id=\"ic_toc_link_5\"><strong>Instalacja\/pod\u0142\u0105czenie<\/strong><\/h4>\n<p>Urz\u0105dzenie montowane jest w okr\u0105g\u0142ej puszce aparaturowej o \u015brednicy 60 mm lub na zewn\u0105trz w ramie \u015bciennej.<\/p>\n<p>Dost\u0119pnych jest wiele akcesori\u00f3w umo\u017cliwiaj\u0105cych instalacj\u0119 w r\u00f3\u017cnych \u015brodowiskach.<\/p>\n<p>Pod\u0142\u0105czenie odbywa si\u0119 na zaciskach \u015brubowych z zabezpieczeniem przewodu.<br \/>\nPod\u0142\u0105czenie wej\u015bcia i wyj\u015bcia alarmowego odbywa si\u0119 zgodnie ze schematem zasadniczym.<\/p>\n<p><strong>Zasilanie<\/strong><\/p>\n<p>Urz\u0105dzenie zasilane jest napi\u0119ciem 12 \u2013 24 VDC. Zakres napi\u0119cia wej\u015bciowego urz\u0105dzenia mo\u017ce wytrzyma\u0107 +\/- 15%.<\/p>\n<\/div>\n<\/div>\n<\/div>\n<\/div>\n<\/div>\n<\/div>\n<div id=\"section-c80\" class=\"section row section-1-cells entity-selectable\">\n<div class=\"cells wide\">\n<div id=\"c82\" class=\"cell column is-light twelve span-12 entity-selectable\">\n<div class=\"content\">\n<div class=\"widget html-widget\">\n<div class=\"tinymce\">\n<div class=\"image-cell\"><img decoding=\"async\" src=\"https:\/\/tjeders.infocaption.com\/media\/20210128\/247\/image_3.png\" alt=\"\" \/><\/div>\n<\/div>\n<\/div>\n<\/div>\n<\/div>\n<\/div>\n<\/div>\n<div id=\"section-c88\" class=\"section row section-1-cells entity-selectable\">\n<div class=\"section-sibling\"><\/div>\n<\/div>\n<div id=\"section-c96\" class=\"section row section-2-cells entity-selectable\">\n<div class=\"cells wide\">\n<div id=\"c102\" class=\"cell column is-light eight span-8 entity-selectable\">\n<div class=\"content\">\n<div class=\"widget html-widget\">\n<div class=\"tinymce\">\n<h4 id=\"ic_toc_link_6\"><strong>Monta\u017c \/ Umieszczenie<\/strong><\/h4>\n<p>Do monta\u017cu wpuszczanego w okr\u0105g\u0142ej puszce urz\u0105dzenia c\/c 60 mm lub do monta\u017cu powierzchniowego w ramie \u015bciennej 11060068 (nr E 5020012) (wysoko\u015b\u0107 26 mm). Za\u015blepka do mocowania \u015brubowego wykonana z bia\u0142ego tworzywa termoplastycznego.<\/p>\n<p>Urz\u0105dzenie mo\u017cna umie\u015bci\u0107 w dowolnej pozycji p\u0119tli.<\/p>\n<\/div>\n<\/div>\n<\/div>\n<\/div>\n<\/div>\n<\/div>\n<div id=\"section-c116\" class=\"section row section-2-cells entity-selectable\">\n<div class=\"cells wide\">\n<div id=\"c122\" class=\"cell column is-light eight span-8 entity-selectable\">\n<div class=\"content\">\n<div class=\"widget html-widget\">\n<div class=\"content-toolbar\"><\/div>\n<div class=\"tinymce\">\n<h4 id=\"ic_toc_link_7\"><strong>Programowanie \/ Adresowanie \/ Ustawienia<\/strong><\/h4>\n<p>Adres urz\u0105dzenia ustalany jest zgodnie z konkretn\u0105 dokumentacj\u0105 zak\u0142adu. Ka\u017cdy adres ma sw\u00f3j w\u0142asny, unikalny tekst do wy\u015bwietlania alarm\u00f3w w jednostkach centralnych.<\/p>\n<p>Wszystkie urz\u0105dzenia Call App\/Restore musz\u0105 by\u0107 adresowane w kolejno\u015bci, zaczynaj\u0105c od adresu 1 a\u017c do maksymalnie 50.<\/p>\n<\/div>\n<\/div>\n<\/div>\n<\/div>\n<\/div>\n<\/div>\n<div id=\"section-c128\" class=\"section row section-2-cells entity-selectable\">\n<div class=\"cells wide\">\n<div id=\"c130\" class=\"cell column is-light six span-6 entity-selectable\">\n<div class=\"content\">\n<div class=\"widget html-widget\">\n<div class=\"tinymce\">\n<div class=\"image-cell\"><img decoding=\"async\" src=\"https:\/\/tjeders.infocaption.com\/media\/20210128\/247\/image_1.png\" alt=\"\" \/><\/div>\n<\/div>\n<\/div>\n<\/div>\n<\/div>\n<div id=\"c134\" class=\"cell column is-light six span-6 entity-selectable\">\n<div class=\"action-buttons\"><\/div>\n<div class=\"content-toolbar\"><\/div>\n<div class=\"content\">\n<div class=\"widget html-widget\">\n<div class=\"content-toolbar\"><\/div>\n<div class=\"tinymce\">\n<div class=\"image-cell\"><img decoding=\"async\" src=\"https:\/\/tjeders.infocaption.com\/media\/20210128\/247\/image_2.png\" alt=\"\" \/><\/div>\n<\/div>\n<\/div>\n<\/div>\n<\/div>\n<\/div>\n<\/div>","protected":false},"excerpt":{"rendered":"<p>Urz\u0105dzenie zawiera wy\u015bwietlacz z 8 czerwono-zielonymi znakami alfanumerycznymi (wysoko\u015b\u0107 znaku 12mm), 1 czerwonym i 1 zielonym przyciskiem funkcyjnym. Czerwona dioda potwierdzenia i zielona sygnalizacja pracy pod 2mm \u015bwiat\u0142owodem w pokrywie. Brz\u0119czyk z regulowan\u0105 g\u0142o\u015bno\u015bci\u0105<\/p>","protected":false},"featured_media":143774,"template":"","meta":{"_acf_changed":false},"product_brand":[],"product_cat":[1609],"product_tag":[],"class_list":{"0":"post-53439","1":"product","2":"type-product","3":"status-publish","4":"has-post-thumbnail","6":"product_cat-nod-evakueringslarm","7":"product_shipping_class-tunga-paket","8":"pa_brands-tjeders","9":"pa_farg-vit","10":"tm-no-options","12":"first","13":"instock","14":"sale","15":"taxable","16":"shipping-taxable","17":"purchasable","18":"product-type-simple"},"acf":[],"_links":{"self":[{"href":"https:\/\/secureus.se\/pl\/wp-json\/wp\/v2\/product\/53439","targetHints":{"allow":["GET"]}}],"collection":[{"href":"https:\/\/secureus.se\/pl\/wp-json\/wp\/v2\/product"}],"about":[{"href":"https:\/\/secureus.se\/pl\/wp-json\/wp\/v2\/types\/product"}],"wp:featuredmedia":[{"embeddable":true,"href":"https:\/\/secureus.se\/pl\/wp-json\/wp\/v2\/media\/143774"}],"wp:attachment":[{"href":"https:\/\/secureus.se\/pl\/wp-json\/wp\/v2\/media?parent=53439"}],"wp:term":[{"taxonomy":"product_brand","embeddable":true,"href":"https:\/\/secureus.se\/pl\/wp-json\/wp\/v2\/product_brand?post=53439"},{"taxonomy":"product_cat","embeddable":true,"href":"https:\/\/secureus.se\/pl\/wp-json\/wp\/v2\/product_cat?post=53439"},{"taxonomy":"product_tag","embeddable":true,"href":"https:\/\/secureus.se\/pl\/wp-json\/wp\/v2\/product_tag?post=53439"}],"curies":[{"name":"wp","href":"https:\/\/api.w.org\/{rel}","templated":true}]}}