{"id":53441,"date":"2022-06-23T15:18:33","date_gmt":"2022-06-23T13:18:33","guid":{"rendered":"https:\/\/secureus.se\/produkt\/nodlarm-bfl-paket\/"},"modified":"2026-03-26T12:16:41","modified_gmt":"2026-03-26T11:16:41","slug":"nodlarm-bfl-paket","status":"publish","type":"product","link":"https:\/\/secureus.se\/pl\/nodlarm-bfl-paket\/","title":{"rendered":"Alarm awaryjny Pakiet Bfl"},"content":{"rendered":"<p>Alarm jest aktywowany za pomoc\u0105 przycisku funkcyjnego \u201eSygna\u0142 awaryjny\u201d na urz\u0105dzeniu resetuj\u0105cym. W przypadku wyst\u0105pienia alarmu aktywowana jest sygnalizacja akustyczna i optyczna tablicy sygnalizacyjnej oraz dioda potwierdzenia w urz\u0105dzeniu resetuj\u0105cym. Alarmy resetuje si\u0119 za pomoc\u0105 przycisku funkcyjnego \u201eReset\u201d. Alarmy mog\u0105 by\u0107 przekazywane z wyj\u015bcia przeka\u017anikowego w urz\u0105dzeniu resetuj\u0105cym z pami\u0119ci\u0105.<\/p>","protected":false},"excerpt":{"rendered":"<p>Alarm jest aktywowany za pomoc\u0105 przycisku funkcyjnego \u201eSygna\u0142 awaryjny\u201d na urz\u0105dzeniu resetuj\u0105cym. W przypadku wyst\u0105pienia alarmu aktywowana jest sygnalizacja akustyczna i optyczna tablicy sygnalizacyjnej oraz dioda potwierdzenia w urz\u0105dzeniu resetuj\u0105cym. Alarmy resetuje si\u0119 za pomoc\u0105 przycisku funkcyjnego \u201eReset\u201d. Alarmy mog\u0105 by\u0107 przekazywane z wyj\u015bcia przeka\u017anikowego tj<\/p>","protected":false},"featured_media":144232,"template":"","meta":{"_acf_changed":false},"product_brand":[],"product_cat":[1610],"product_tag":[],"class_list":{"0":"post-53441","1":"product","2":"type-product","3":"status-publish","4":"has-post-thumbnail","6":"product_cat-instangningslarm","7":"product_shipping_class-tunga-paket","8":"tm-no-options","10":"first","11":"outofstock","12":"sale","13":"taxable","14":"shipping-taxable","15":"purchasable","16":"product-type-simple"},"acf":[],"_links":{"self":[{"href":"https:\/\/secureus.se\/pl\/wp-json\/wp\/v2\/product\/53441","targetHints":{"allow":["GET"]}}],"collection":[{"href":"https:\/\/secureus.se\/pl\/wp-json\/wp\/v2\/product"}],"about":[{"href":"https:\/\/secureus.se\/pl\/wp-json\/wp\/v2\/types\/product"}],"wp:featuredmedia":[{"embeddable":true,"href":"https:\/\/secureus.se\/pl\/wp-json\/wp\/v2\/media\/144232"}],"wp:attachment":[{"href":"https:\/\/secureus.se\/pl\/wp-json\/wp\/v2\/media?parent=53441"}],"wp:term":[{"taxonomy":"product_brand","embeddable":true,"href":"https:\/\/secureus.se\/pl\/wp-json\/wp\/v2\/product_brand?post=53441"},{"taxonomy":"product_cat","embeddable":true,"href":"https:\/\/secureus.se\/pl\/wp-json\/wp\/v2\/product_cat?post=53441"},{"taxonomy":"product_tag","embeddable":true,"href":"https:\/\/secureus.se\/pl\/wp-json\/wp\/v2\/product_tag?post=53441"}],"curies":[{"name":"wp","href":"https:\/\/api.w.org\/{rel}","templated":true}]}}