{"id":53442,"date":"2022-06-23T15:16:41","date_gmt":"2022-06-23T13:16:41","guid":{"rendered":"https:\/\/secureus.se\/produkt\/dm-panel-pr0510s\/"},"modified":"2026-04-23T12:01:21","modified_gmt":"2026-04-23T10:01:21","slug":"dm-panel-pr0510s","status":"publish","type":"product","link":"https:\/\/secureus.se\/pl\/dm-panel-pr0510s\/","title":{"rendered":"Panel Dm Pr0510S"},"content":{"rendered":"<p>DM Touch zbiera odczyty temperatury lub inne po\u017c\u0105dane monitorowane punkty. System alarmuje o temperaturze m.in. w ch\u0142odni znajduje si\u0119 poni\u017cej lub powy\u017cej ustalonych limit\u00f3w lub je\u015bli drzwi pozostaj\u0105 otwarte d\u0142u\u017cej ni\u017c dozwolony czas.<br \/>\nSystem nadaje si\u0119 do obiekt\u00f3w wymagaj\u0105cych monitorowania za pomoc\u0105 alarm\u00f3w w przypadku przekroczenia warunk\u00f3w. Na przyk\u0142ad otwarte drzwi lub kuchnie restauracyjne, kuchnie szkolne, ma\u0142e laboratoria i ma\u0142e piekarnie itp. gdzie wa\u017cne jest utrzymanie odpowiednich temperatur w r\u00f3\u017cnych typach pomieszcze\u0144 ch\u0142odniczych, cz\u0119\u015bciowo w celu zapewnienia jako\u015bci produktu, ale tak\u017ce ze wzgl\u0119du na wymagania dotycz\u0105ce \u015brodowiska i zdrowia dotycz\u0105ce samokontroli.<br \/>\nData Manager jest standardowo dostarczany z miejscem na 12 czujnik\u00f3w temperatury lub styk\u00f3w, np.: system mo\u017ce zaalarmowa\u0107, je\u015bli drzwi ch\u0142odni pozostan\u0105 otwarte zbyt d\u0142ugo. Instalator umieszcza czujniki w odpowiednim miejscu. Urz\u0105dzenie mo\u017cna rozbudowa\u0107 maksymalnie do 48 czujnik\u00f3w.<br \/>\nSystem jest \u0142atwy w obs\u0142udze dla ka\u017cdego, menu jest w j\u0119zyku szwedzkim, jedno naci\u015bni\u0119cie na ekranie dotykowym i r\u00f3\u017cne polecenia s\u0105 wy\u015bwietlane jak na iPadzie. System zapisuje tak\u017ce zdarzenia bezpo\u015brednio w urz\u0105dzeniu.<br \/>\nJe\u015bli chcesz wys\u0142a\u0107 alarm do firmy ochroniarskiej, jest ona przygotowana i mo\u017cesz tak\u017ce wys\u0142a\u0107 alarm bezpo\u015brednio z DMTouch na telefon kom\u00f3rkowy.<\/p>","protected":false},"excerpt":{"rendered":"<p>DM Touch zbiera odczyty temperatury lub inne po\u017c\u0105dane monitorowane punkty. System alarmuje o temperaturze m.in. temperatura w ch\u0142odni jest poni\u017cej lub powy\u017cej ustalonych limit\u00f3w lub je\u015bli drzwi s\u0105 otwarte<\/p>","protected":false},"featured_media":144240,"template":"","meta":{"_acf_changed":false},"product_brand":[],"product_cat":[1308,1611],"product_tag":[],"class_list":{"0":"post-53442","1":"product","2":"type-product","3":"status-publish","4":"has-post-thumbnail","6":"product_cat-driftlarm-kyla-vatten-temp","7":"product_cat-kyllarm","8":"product_shipping_class-tunga-paket","9":"tm-no-options","11":"first","12":"outofstock","13":"sale","14":"taxable","15":"shipping-taxable","16":"purchasable","17":"product-type-simple"},"acf":[],"_links":{"self":[{"href":"https:\/\/secureus.se\/pl\/wp-json\/wp\/v2\/product\/53442","targetHints":{"allow":["GET"]}}],"collection":[{"href":"https:\/\/secureus.se\/pl\/wp-json\/wp\/v2\/product"}],"about":[{"href":"https:\/\/secureus.se\/pl\/wp-json\/wp\/v2\/types\/product"}],"wp:featuredmedia":[{"embeddable":true,"href":"https:\/\/secureus.se\/pl\/wp-json\/wp\/v2\/media\/144240"}],"wp:attachment":[{"href":"https:\/\/secureus.se\/pl\/wp-json\/wp\/v2\/media?parent=53442"}],"wp:term":[{"taxonomy":"product_brand","embeddable":true,"href":"https:\/\/secureus.se\/pl\/wp-json\/wp\/v2\/product_brand?post=53442"},{"taxonomy":"product_cat","embeddable":true,"href":"https:\/\/secureus.se\/pl\/wp-json\/wp\/v2\/product_cat?post=53442"},{"taxonomy":"product_tag","embeddable":true,"href":"https:\/\/secureus.se\/pl\/wp-json\/wp\/v2\/product_tag?post=53442"}],"curies":[{"name":"wp","href":"https:\/\/api.w.org\/{rel}","templated":true}]}}