{"id":53444,"date":"2022-06-23T15:14:11","date_gmt":"2022-06-23T13:14:11","guid":{"rendered":"https:\/\/secureus.se\/produkt\/aterstalln-knapp-2slingor\/"},"modified":"2026-04-23T12:01:36","modified_gmt":"2026-04-23T10:01:36","slug":"aterstalln-knapp-2slingor","status":"publish","type":"product","link":"https:\/\/secureus.se\/pl\/aterstalln-knapp-2slingor\/","title":{"rendered":"Przycisk resetowania 2 p\u0119tle"},"content":{"rendered":"<p>P\u0119tla sprawdza si\u0119 pod k\u0105tem zwar\u0107 i przerw. Mo\u017cliwo\u015b\u0107 pod\u0142\u0105czenia zar\u00f3wno styk\u00f3w bezpotencja\u0142owych normalnie otwartych, jak i normalnie zamkni\u0119tych. Mo\u017cliwo\u015b\u0107 wyboru op\u00f3\u017anienia wej\u015bcia 150 ms lub 2,5 s. Mo\u017cliwo\u015b\u0107 aktywacji\/dezaktywacji funkcji pami\u0119ci. Wyj\u015bcie bezpotencja\u0142owe. Przycisk steruj\u0105cy z diod\u0105 LED. Dobre mo\u017cliwo\u015bci znakowania na przycisku i tabliczce znamionowej. Napi\u0119cie robocze: 15 \u2013 28 V AC \/ 18 \u2013 35 V DC. Pob\u00f3r pr\u0105du: 110 mA AC \/ 60 mA DC.<\/p>","protected":false},"excerpt":{"rendered":"<p>P\u0119tla sprawdza si\u0119 pod k\u0105tem zwar\u0107 i przerw. Mo\u017cliwo\u015b\u0107 pod\u0142\u0105czenia zar\u00f3wno styk\u00f3w bezpotencja\u0142owych normalnie otwartych, jak i normalnie zamkni\u0119tych. Mo\u017cliwo\u015b\u0107 wyboru op\u00f3\u017anienia wej\u015bcia 150 ms lub 2,5 s. Mo\u017cliwo\u015b\u0107 aktywacji\/dezaktywacji<\/p>","protected":false},"featured_media":143567,"template":"","meta":{"_acf_changed":false},"product_brand":[],"product_cat":[1612],"product_tag":[],"class_list":{"0":"post-53444","1":"product","2":"type-product","3":"status-publish","4":"has-post-thumbnail","6":"product_cat-aterstallningsenhet","7":"product_shipping_class-tunga-paket","8":"pa_farg-vit","9":"tm-no-options","11":"first","12":"outofstock","13":"sale","14":"taxable","15":"shipping-taxable","16":"purchasable","17":"product-type-simple"},"acf":[],"_links":{"self":[{"href":"https:\/\/secureus.se\/pl\/wp-json\/wp\/v2\/product\/53444","targetHints":{"allow":["GET"]}}],"collection":[{"href":"https:\/\/secureus.se\/pl\/wp-json\/wp\/v2\/product"}],"about":[{"href":"https:\/\/secureus.se\/pl\/wp-json\/wp\/v2\/types\/product"}],"wp:featuredmedia":[{"embeddable":true,"href":"https:\/\/secureus.se\/pl\/wp-json\/wp\/v2\/media\/143567"}],"wp:attachment":[{"href":"https:\/\/secureus.se\/pl\/wp-json\/wp\/v2\/media?parent=53444"}],"wp:term":[{"taxonomy":"product_brand","embeddable":true,"href":"https:\/\/secureus.se\/pl\/wp-json\/wp\/v2\/product_brand?post=53444"},{"taxonomy":"product_cat","embeddable":true,"href":"https:\/\/secureus.se\/pl\/wp-json\/wp\/v2\/product_cat?post=53444"},{"taxonomy":"product_tag","embeddable":true,"href":"https:\/\/secureus.se\/pl\/wp-json\/wp\/v2\/product_tag?post=53444"}],"curies":[{"name":"wp","href":"https:\/\/api.w.org\/{rel}","templated":true}]}}