{"id":53445,"date":"2022-06-23T15:13:59","date_gmt":"2022-06-23T13:13:59","guid":{"rendered":"https:\/\/secureus.se\/produkt\/aterstalln-knapp-1slinga\/"},"modified":"2026-04-08T16:50:40","modified_gmt":"2026-04-08T14:50:40","slug":"aterstalln-knapp-1slinga","status":"publish","type":"product","link":"https:\/\/secureus.se\/pl\/aterstalln-knapp-1slinga\/","title":{"rendered":"Przycisk resetowania 1 p\u0119tla"},"content":{"rendered":"<p>Jednostka g\u0142\u00f3wna z 1 p\u0119tl\u0105. Sygna\u0142 alarmowy mo\u017cna zrealizowa\u0107 za pomoc\u0105 wy\u0142\u0105cznik\u00f3w lub zwieraj\u0105cych styki bezpotencja\u0142owe. P\u0119tli mo\u017cna nada\u0107 op\u00f3\u017anienie wej\u015bciowe 150 ms lub 2,5 s, a tak\u017ce pami\u0119\u0107\/brak pami\u0119ci. P\u0119tla posiada funkcj\u0119 monitorowania zwarcia\/przerwy. Bezpotencja\u0142owy styk prze\u0142\u0105czaj\u0105cy. Mo\u017cliwo\u015b\u0107 oznaczenia na przycisku i tabliczce znamionowej. Napi\u0119cie robocze 15 \u2013 28 V AC \/ 18 \u2013 35 V DC. Pob\u00f3r mocy 70 mA AC \/ 40 mA DC.<\/p>","protected":false},"excerpt":{"rendered":"<p>Jednostka g\u0142\u00f3wna z 1 p\u0119tl\u0105. Sygna\u0142 alarmowy mo\u017cna zrealizowa\u0107 za pomoc\u0105 wy\u0142\u0105cznik\u00f3w lub zwieraj\u0105cych styki bezpotencja\u0142owe. P\u0119tli mo\u017cna nada\u0107 op\u00f3\u017anienie wej\u015bciowe 150 ms lub 2,5 s, a tak\u017ce pami\u0119\u0107\/brak pami\u0119ci. W p\u0119tli wyst\u0119puje zwarcie<\/p>","protected":false},"featured_media":143785,"template":"","meta":{"_acf_changed":false},"product_brand":[],"product_cat":[1612],"product_tag":[],"class_list":{"0":"post-53445","1":"product","2":"type-product","3":"status-publish","4":"has-post-thumbnail","6":"product_cat-aterstallningsenhet","7":"product_shipping_class-tunga-paket","8":"pa_farg-vit","9":"tm-no-options","11":"first","12":"outofstock","13":"sale","14":"taxable","15":"shipping-taxable","16":"purchasable","17":"product-type-simple"},"acf":[],"_links":{"self":[{"href":"https:\/\/secureus.se\/pl\/wp-json\/wp\/v2\/product\/53445","targetHints":{"allow":["GET"]}}],"collection":[{"href":"https:\/\/secureus.se\/pl\/wp-json\/wp\/v2\/product"}],"about":[{"href":"https:\/\/secureus.se\/pl\/wp-json\/wp\/v2\/types\/product"}],"wp:featuredmedia":[{"embeddable":true,"href":"https:\/\/secureus.se\/pl\/wp-json\/wp\/v2\/media\/143785"}],"wp:attachment":[{"href":"https:\/\/secureus.se\/pl\/wp-json\/wp\/v2\/media?parent=53445"}],"wp:term":[{"taxonomy":"product_brand","embeddable":true,"href":"https:\/\/secureus.se\/pl\/wp-json\/wp\/v2\/product_brand?post=53445"},{"taxonomy":"product_cat","embeddable":true,"href":"https:\/\/secureus.se\/pl\/wp-json\/wp\/v2\/product_cat?post=53445"},{"taxonomy":"product_tag","embeddable":true,"href":"https:\/\/secureus.se\/pl\/wp-json\/wp\/v2\/product_tag?post=53445"}],"curies":[{"name":"wp","href":"https:\/\/api.w.org\/{rel}","templated":true}]}}