{"id":53447,"date":"2022-06-23T15:13:37","date_gmt":"2022-06-23T13:13:37","guid":{"rendered":"https:\/\/secureus.se\/produkt\/aterstalln-minne\/"},"modified":"2026-04-23T12:02:14","modified_gmt":"2026-04-23T10:02:14","slug":"aterstalln-minne","status":"publish","type":"product","link":"https:\/\/secureus.se\/pl\/aterstalln-minne\/","title":{"rendered":"Przywr\u00f3\u0107 pami\u0119\u0107"},"content":{"rendered":"<p>Funkcja pami\u0119ci i wej\u015bcia do alarmu i kasowania. Wyj\u015bcia przeka\u017anikowe dla alarm\u00f3w. Pod\u0142\u0105czenie odbywa si\u0119 na zacisku \u015brubowym z zabezpieczeniem przewodu. Do monta\u017cu wpuszczanego w okr\u0105g\u0142ej puszce sprz\u0119towej c\/c 60 mm lub do monta\u017cu powierzchniowego w ramie \u015bciennej 5020012 (wysoko\u015b\u0107 26 mm). Za\u015blepka do mocowania \u015brubowego wykonana z bia\u0142ego tworzywa termoplastycznego.<\/p>","protected":false},"excerpt":{"rendered":"<p>Funkcja pami\u0119ci i wej\u015bcia do alarmu i kasowania. Wyj\u015bcia przeka\u017anikowe dla alarm\u00f3w. Pod\u0142\u0105czenie odbywa si\u0119 na zacisku \u015brubowym z zabezpieczeniem przewodu. Do monta\u017cu wpuszczanego w okr\u0105g\u0142ej puszce AGD c\/c 60 mm lub do monta\u017cu powierzchniowego w ramie \u015bciennej 5020012 (wysoko\u015b\u0107<\/p>","protected":false},"featured_media":144250,"template":"","meta":{"_acf_changed":false},"product_brand":[],"product_cat":[1612],"product_tag":[],"class_list":{"0":"post-53447","1":"product","2":"type-product","3":"status-publish","4":"has-post-thumbnail","6":"product_cat-aterstallningsenhet","7":"product_shipping_class-tunga-paket","8":"pa_farg-vit","9":"tm-no-options","11":"first","12":"outofstock","13":"sale","14":"taxable","15":"shipping-taxable","16":"purchasable","17":"product-type-simple"},"acf":[],"_links":{"self":[{"href":"https:\/\/secureus.se\/pl\/wp-json\/wp\/v2\/product\/53447","targetHints":{"allow":["GET"]}}],"collection":[{"href":"https:\/\/secureus.se\/pl\/wp-json\/wp\/v2\/product"}],"about":[{"href":"https:\/\/secureus.se\/pl\/wp-json\/wp\/v2\/types\/product"}],"wp:featuredmedia":[{"embeddable":true,"href":"https:\/\/secureus.se\/pl\/wp-json\/wp\/v2\/media\/144250"}],"wp:attachment":[{"href":"https:\/\/secureus.se\/pl\/wp-json\/wp\/v2\/media?parent=53447"}],"wp:term":[{"taxonomy":"product_brand","embeddable":true,"href":"https:\/\/secureus.se\/pl\/wp-json\/wp\/v2\/product_brand?post=53447"},{"taxonomy":"product_cat","embeddable":true,"href":"https:\/\/secureus.se\/pl\/wp-json\/wp\/v2\/product_cat?post=53447"},{"taxonomy":"product_tag","embeddable":true,"href":"https:\/\/secureus.se\/pl\/wp-json\/wp\/v2\/product_tag?post=53447"}],"curies":[{"name":"wp","href":"https:\/\/api.w.org\/{rel}","templated":true}]}}