{"id":53450,"date":"2022-06-23T15:13:07","date_gmt":"2022-06-23T13:13:07","guid":{"rendered":"https:\/\/secureus.se\/produkt\/aterst-kapslad-ip65-2kn\/"},"modified":"2026-04-08T16:54:39","modified_gmt":"2026-04-08T14:54:39","slug":"aterst-kapslad-ip65-2kn","status":"publish","type":"product","link":"https:\/\/secureus.se\/pl\/aterst-kapslad-ip65-2kn\/","title":{"rendered":"Reszta w obudowie IP65 2Kn"},"content":{"rendered":"<p>Urz\u0105dzenie posiada 1 czerwony i 1 zielony przycisk funkcyjny oraz czerwon\u0105 diod\u0119 potwierdzaj\u0105c\u0105 w czerwonym przycisku funkcyjnym. Naci\u015bnij pokrywk\u0119: \u201eSYGNA\u0141 AWARYJNY\u201d i \u201ePRZYWR\u00d3\u0106\u201d. Pod\u0142\u0105czenie odbywa si\u0119 na zacisku \u015brubowym. W solidnej obudowie (stopie\u0144 ochrony IP65) przeznaczonej do monta\u017cu natynkowego z mocowaniem \u015brubowym i otworem w dnie do wprowadzenia kabla.<\/p>","protected":false},"excerpt":{"rendered":"<p>Urz\u0105dzenie posiada 1 czerwony i 1 zielony przycisk funkcyjny oraz czerwon\u0105 diod\u0119 potwierdzaj\u0105c\u0105 w czerwonym przycisku funkcyjnym. Naci\u015bnij pokrywk\u0119: \u201eSYGNA\u0141 AWARYJNY\u201d i \u201ePRZYWR\u00d3\u0106\u201d. Pod\u0142\u0105czenie odbywa si\u0119 na zacisku \u015brubowym. W solidnej obudowie (stopie\u0144 ochrony IP65).<\/p>","protected":false},"featured_media":144253,"template":"","meta":{"_acf_changed":false},"product_brand":[],"product_cat":[1612],"product_tag":[],"class_list":{"0":"post-53450","1":"product","2":"type-product","3":"status-publish","4":"has-post-thumbnail","6":"product_cat-aterstallningsenhet","7":"product_shipping_class-tunga-paket","8":"tm-no-options","10":"first","11":"outofstock","12":"sale","13":"taxable","14":"shipping-taxable","15":"purchasable","16":"product-type-simple"},"acf":[],"_links":{"self":[{"href":"https:\/\/secureus.se\/pl\/wp-json\/wp\/v2\/product\/53450","targetHints":{"allow":["GET"]}}],"collection":[{"href":"https:\/\/secureus.se\/pl\/wp-json\/wp\/v2\/product"}],"about":[{"href":"https:\/\/secureus.se\/pl\/wp-json\/wp\/v2\/types\/product"}],"wp:featuredmedia":[{"embeddable":true,"href":"https:\/\/secureus.se\/pl\/wp-json\/wp\/v2\/media\/144253"}],"wp:attachment":[{"href":"https:\/\/secureus.se\/pl\/wp-json\/wp\/v2\/media?parent=53450"}],"wp:term":[{"taxonomy":"product_brand","embeddable":true,"href":"https:\/\/secureus.se\/pl\/wp-json\/wp\/v2\/product_brand?post=53450"},{"taxonomy":"product_cat","embeddable":true,"href":"https:\/\/secureus.se\/pl\/wp-json\/wp\/v2\/product_cat?post=53450"},{"taxonomy":"product_tag","embeddable":true,"href":"https:\/\/secureus.se\/pl\/wp-json\/wp\/v2\/product_tag?post=53450"}],"curies":[{"name":"wp","href":"https:\/\/api.w.org\/{rel}","templated":true}]}}