{"id":53451,"date":"2022-06-23T15:12:59","date_gmt":"2022-06-23T13:12:59","guid":{"rendered":"https:\/\/secureus.se\/produkt\/aterstalln-enkel-kn\/"},"modified":"2026-04-23T12:02:53","modified_gmt":"2026-04-23T10:02:53","slug":"aterstalln-enkel-kn","status":"publish","type":"product","link":"https:\/\/secureus.se\/pl\/aterstalln-enkel-kn\/","title":{"rendered":"Zresetuj proste Kn"},"content":{"rendered":"<p>Urz\u0105dzenie posiada zielony przycisk funkcyjny oraz czerwon\u0105 diod\u0119 potwierdzaj\u0105c\u0105 umieszczon\u0105 pod 2mm \u015bwiat\u0142owodem w pokrywie. Kliknij ok\u0142adk\u0119: \u201eResetuj\u201d. Pod\u0142\u0105czenie odbywa si\u0119 na zacisku \u015brubowym z zabezpieczeniem przewodu. Do monta\u017cu wpuszczanego w okr\u0105g\u0142ej puszce sprz\u0119towej c\/c 60 mm lub do monta\u017cu powierzchniowego w ramie \u015bciennej 5020012 (wysoko\u015b\u0107 26 mm). Za\u015blepka do mocowania \u015brubowego wykonana z bia\u0142ego tworzywa termoplastycznego.<\/p>","protected":false},"excerpt":{"rendered":"<p>Urz\u0105dzenie posiada zielony przycisk funkcyjny oraz czerwon\u0105 diod\u0119 potwierdzaj\u0105c\u0105 umieszczon\u0105 pod 2mm \u015bwiat\u0142owodem w pokrywie. Kliknij ok\u0142adk\u0119: \u201eResetuj\u201d. Pod\u0142\u0105czenie odbywa si\u0119 na zacisku \u015brubowym z zabezpieczeniem przewodu. Do monta\u017cu wpuszczanego w okr\u0105g\u0142ej puszce urz\u0105dzenia<\/p>","protected":false},"featured_media":143437,"template":"","meta":{"_acf_changed":false},"product_brand":[],"product_cat":[1612],"product_tag":[],"class_list":{"0":"post-53451","1":"product","2":"type-product","3":"status-publish","4":"has-post-thumbnail","6":"product_cat-aterstallningsenhet","7":"product_shipping_class-tunga-paket","8":"pa_farg-vit","9":"tm-no-options","11":"first","12":"outofstock","13":"sale","14":"taxable","15":"shipping-taxable","16":"purchasable","17":"product-type-simple"},"acf":[],"_links":{"self":[{"href":"https:\/\/secureus.se\/pl\/wp-json\/wp\/v2\/product\/53451","targetHints":{"allow":["GET"]}}],"collection":[{"href":"https:\/\/secureus.se\/pl\/wp-json\/wp\/v2\/product"}],"about":[{"href":"https:\/\/secureus.se\/pl\/wp-json\/wp\/v2\/types\/product"}],"wp:featuredmedia":[{"embeddable":true,"href":"https:\/\/secureus.se\/pl\/wp-json\/wp\/v2\/media\/143437"}],"wp:attachment":[{"href":"https:\/\/secureus.se\/pl\/wp-json\/wp\/v2\/media?parent=53451"}],"wp:term":[{"taxonomy":"product_brand","embeddable":true,"href":"https:\/\/secureus.se\/pl\/wp-json\/wp\/v2\/product_brand?post=53451"},{"taxonomy":"product_cat","embeddable":true,"href":"https:\/\/secureus.se\/pl\/wp-json\/wp\/v2\/product_cat?post=53451"},{"taxonomy":"product_tag","embeddable":true,"href":"https:\/\/secureus.se\/pl\/wp-json\/wp\/v2\/product_tag?post=53451"}],"curies":[{"name":"wp","href":"https:\/\/api.w.org\/{rel}","templated":true}]}}