{"id":53455,"date":"2022-06-23T15:11:30","date_gmt":"2022-06-23T13:11:30","guid":{"rendered":"https:\/\/secureus.se\/produkt\/anropsapp-drag\/"},"modified":"2026-03-26T12:18:28","modified_gmt":"2026-03-26T11:18:28","slug":"anropsapp-drag","status":"publish","type":"product","link":"https:\/\/secureus.se\/pl\/anropsapp-drag\/","title":{"rendered":"Zadzwo\u0144 do aplikacji Przeci\u0105gnij"},"content":{"rendered":"<p>Urz\u0105dzenie zawiera 2-metrowy sznurek do poci\u0105gania i czerwon\u0105 diod\u0119 potwierdzaj\u0105c\u0105 umieszczon\u0105 pod 2-milimetrow\u0105 \u015bwiat\u0142owodem w pokrywie. Naci\u015bnij pokrywk\u0119: \u201eSygna\u0142\u201d. Pod\u0142\u0105czenie odbywa si\u0119 na zacisku \u015brubowym z zabezpieczeniem przewodu. Do monta\u017cu wpuszczanego w okr\u0105g\u0142ej puszce sprz\u0119towej c\/c 60 mm lub do monta\u017cu powierzchniowego w ramie \u015bciennej 5020012 (wysoko\u015b\u0107 26 mm). Za\u015blepka do mocowania \u015brubowego wykonana z bia\u0142ego tworzywa termoplastycznego.<\/p>","protected":false},"excerpt":{"rendered":"<p>Urz\u0105dzenie zawiera 2-metrowy sznurek do poci\u0105gania i czerwon\u0105 diod\u0119 potwierdzaj\u0105c\u0105 umieszczon\u0105 pod 2-milimetrow\u0105 \u015bwiat\u0142owodem w pokrywie. Naci\u015bnij pokrywk\u0119: \u201eSygna\u0142\u201d. Pod\u0142\u0105czenie odbywa si\u0119 na zacisku \u015brubowym z zabezpieczeniem przewodu. Do monta\u017cu wpuszczanego w kszta\u0142cie okr\u0105g\u0142ym<\/p>","protected":false},"featured_media":143445,"template":"","meta":{"_acf_changed":false},"product_brand":[],"product_cat":[1608],"product_tag":[],"class_list":{"0":"post-53455","1":"product","2":"type-product","3":"status-publish","4":"has-post-thumbnail","6":"product_cat-larmknappar","7":"product_shipping_class-tunga-paket","8":"tm-no-options","10":"first","11":"outofstock","12":"sale","13":"taxable","14":"shipping-taxable","15":"purchasable","16":"product-type-simple"},"acf":[],"_links":{"self":[{"href":"https:\/\/secureus.se\/pl\/wp-json\/wp\/v2\/product\/53455","targetHints":{"allow":["GET"]}}],"collection":[{"href":"https:\/\/secureus.se\/pl\/wp-json\/wp\/v2\/product"}],"about":[{"href":"https:\/\/secureus.se\/pl\/wp-json\/wp\/v2\/types\/product"}],"wp:featuredmedia":[{"embeddable":true,"href":"https:\/\/secureus.se\/pl\/wp-json\/wp\/v2\/media\/143445"}],"wp:attachment":[{"href":"https:\/\/secureus.se\/pl\/wp-json\/wp\/v2\/media?parent=53455"}],"wp:term":[{"taxonomy":"product_brand","embeddable":true,"href":"https:\/\/secureus.se\/pl\/wp-json\/wp\/v2\/product_brand?post=53455"},{"taxonomy":"product_cat","embeddable":true,"href":"https:\/\/secureus.se\/pl\/wp-json\/wp\/v2\/product_cat?post=53455"},{"taxonomy":"product_tag","embeddable":true,"href":"https:\/\/secureus.se\/pl\/wp-json\/wp\/v2\/product_tag?post=53455"}],"curies":[{"name":"wp","href":"https:\/\/api.w.org\/{rel}","templated":true}]}}