{"id":53463,"date":"2022-06-22T11:25:24","date_gmt":"2022-06-22T09:25:24","guid":{"rendered":"https:\/\/secureus.se\/produkt\/radiosandare-s2tr2641e4\/"},"modified":"2026-03-31T11:13:00","modified_gmt":"2026-03-31T09:13:00","slug":"radiosandare-s2tr2641e4","status":"publish","type":"product","link":"https:\/\/secureus.se\/pl\/radiosandare-s2tr2641e4\/","title":{"rendered":"Nadajnik radiowy S2Tr2641E4 \u2013 CDVI 433 MHz, 4 przyciski, KeeLoq\u00ae"},"content":{"rendered":"<h3 data-start=\"1148\" data-end=\"1212\">Nadajnik radiowy z 4 przyciskami \u2013 \u0142atwy w obs\u0142udze, wysoki poziom bezpiecze\u0144stwa<\/h3>\n<p data-start=\"1213\" data-end=\"1484\">CDVI Erone S2TR2641E4 to ergonomiczny nadajnik radiowy z <strong data-start=\"1269\" data-end=\"1303\">cztery du\u017ce i wyra\u017ane przyciski<\/strong>, zaprojektowany tak, aby by\u0142 \u0142atwy w u\u017cyciu, nawet je\u015bli masz nieco s\u0142absze d\u0142onie. Idealny do sterowania np. <strong data-start=\"1413\" data-end=\"1483\">otwieracze drzwi, bramy, drzwi gara\u017cowe, o\u015bwietlenie lub funkcje alarmowe<\/strong>.<\/p>\n<h3 data-start=\"1486\" data-end=\"1526\">Bezpieczny sygna\u0142 z kodem zmiennym KeeLoq<\/h3>\n<p data-start=\"1527\" data-end=\"1711\">Nadajnik wykorzystuje <strong data-start=\"1545\" data-end=\"1576\">Kod skacz\u0105cy\/tocz\u0105cy KeeLoq<\/strong>, co oznacza, \u017ce kod zmienia si\u0119 przy ka\u017cdym naci\u015bni\u0119ciu klawisza, co zmniejsza ryzyko kopiowania.<\/p>\n<h3 data-start=\"1713\" data-end=\"1758\">Pasuje do odbiornik\u00f3w CDVI\/Erone na cz\u0119stotliwo\u015bci 433,92 MHz<\/h3>\n<p data-start=\"1759\" data-end=\"1970\">S2TR2641E4 wsp\u00f3\u0142pracuje ze wszystkimi <strong data-start=\"1783\" data-end=\"1808\">Odbiornik radiowy CDVI<\/strong> kt\u00f3ry wykorzystuje t\u0119 sam\u0105 cz\u0119stotliwo\u015b\u0107 (<strong data-start=\"1838\" data-end=\"1852\">433,92 MHz<\/strong>) i mo\u017ce by\u0107 zaprogramowany w jednym lub wi\u0119kszej liczbie odbiornik\u00f3w, w zale\u017cno\u015bci od instalacji.<\/p>\n<h3 data-start=\"1972\" data-end=\"1998\">Bateria i wskazanie<\/h3>\n<p data-start=\"1999\" data-end=\"2222\">Nadajnik zasilany jest przez <strong data-start=\"2021\" data-end=\"2048\">Akumulator 23A\/L1028 12V<\/strong>Dioda LED sygnalizuje transmisj\u0119, a przy niskim poziomie na\u0142adowania baterii dioda LED mo\u017ce zachowywa\u0107 si\u0119 inaczej (np. miga\u0107), co jest dobrym sygna\u0142em do wymiany baterii.<\/p>\n<p class=\"not-prose mt-0! mb-0! flex-auto truncate\">Instrukcja obs\u0142ugi S2TR2641Ex EN<\/p>\n<hr data-start=\"2224\" data-end=\"2227\" \/>\n<h2 data-start=\"2229\" data-end=\"2253\">Korzy\u015bci<\/h2>\n<ul data-start=\"2254\" data-end=\"2750\">\n<li data-start=\"2254\" data-end=\"2321\">\n<p data-start=\"2256\" data-end=\"2321\"><strong data-start=\"2256\" data-end=\"2281\">4 przyciski \/ 4 kana\u0142y<\/strong><\/p>\n<\/li>\n<li data-start=\"2322\" data-end=\"2387\">\n<p data-start=\"2324\" data-end=\"2387\"><strong data-start=\"2324\" data-end=\"2338\">433,92 MHz<\/strong> (AM\/ZAPYTAJ)<\/p>\n<\/li>\n<li data-start=\"2388\" data-end=\"2470\">\n<p data-start=\"2390\" data-end=\"2470\"><strong data-start=\"2390\" data-end=\"2413\">Kod tocz\u0105cy si\u0119 KeeLoq<\/strong> (wysokie bezpiecze\u0144stwo)<\/p>\n<\/li>\n<li data-start=\"2471\" data-end=\"2553\">\n<p data-start=\"2473\" data-end=\"2553\"><strong data-start=\"2473\" data-end=\"2511\">Zasi\u0119g w terenie otwartym ok. 150\u2013250 m<\/strong><\/p>\n<\/li>\n<li data-start=\"2554\" data-end=\"2594\">\n<p data-start=\"2556\" data-end=\"2594\"><strong data-start=\"2556\" data-end=\"2592\">Ergonomiczna konstrukcja, du\u017ce przyciski<\/strong><\/p>\n<\/li>\n<li data-start=\"2595\" data-end=\"2639\">\n<p data-start=\"2597\" data-end=\"2639\">Pasuje <strong data-start=\"2604\" data-end=\"2627\">uchwyt \u015bcienny SESMT03<\/strong> (fakultatywny)<\/p>\n<\/li>\n<li data-start=\"2640\" data-end=\"2750\">\n<p data-start=\"2642\" data-end=\"2750\">Bateria: <strong data-start=\"2651\" data-end=\"2672\">23A \/ L1028 (12V)<\/strong>, typowa d\u0142ugo\u015b\u0107 \u017cycia <strong data-start=\"2691\" data-end=\"2708\">12\u201318 miesi\u0119cy<\/strong><\/p>\n<\/li>\n<\/ul>","protected":false},"excerpt":{"rendered":"<p>Ergonomiczny, 4-przyciskowy nadajnik radiowy (433,92 MHz) z szyfrowaniem KeeLoq do bezpiecznego sterowania np. nap\u0119dami drzwi, bramami, o\u015bwietleniem i alarmami. Pasuje do odbiornik\u00f3w CDVI\/Erone na tej samej cz\u0119stotliwo\u015bci i wsp\u00f3\u0142pracuje z naszym uchwytem \u015bciennym.<\/p>","protected":false},"featured_media":143400,"template":"","meta":{"_acf_changed":false},"product_brand":[],"product_cat":[1616],"product_tag":[2273],"class_list":{"0":"post-53463","1":"product","2":"type-product","3":"status-publish","4":"has-post-thumbnail","6":"product_cat-radiosandare-mottagare","7":"product_tag-radio-sandare-erone","8":"product_shipping_class-postnord-varubrev","9":"pa_brands-cdvi","10":"tm-no-options","12":"first","13":"instock","14":"sale","15":"taxable","16":"shipping-taxable","17":"purchasable","18":"product-type-simple"},"acf":[],"_links":{"self":[{"href":"https:\/\/secureus.se\/pl\/wp-json\/wp\/v2\/product\/53463","targetHints":{"allow":["GET"]}}],"collection":[{"href":"https:\/\/secureus.se\/pl\/wp-json\/wp\/v2\/product"}],"about":[{"href":"https:\/\/secureus.se\/pl\/wp-json\/wp\/v2\/types\/product"}],"wp:featuredmedia":[{"embeddable":true,"href":"https:\/\/secureus.se\/pl\/wp-json\/wp\/v2\/media\/143400"}],"wp:attachment":[{"href":"https:\/\/secureus.se\/pl\/wp-json\/wp\/v2\/media?parent=53463"}],"wp:term":[{"taxonomy":"product_brand","embeddable":true,"href":"https:\/\/secureus.se\/pl\/wp-json\/wp\/v2\/product_brand?post=53463"},{"taxonomy":"product_cat","embeddable":true,"href":"https:\/\/secureus.se\/pl\/wp-json\/wp\/v2\/product_cat?post=53463"},{"taxonomy":"product_tag","embeddable":true,"href":"https:\/\/secureus.se\/pl\/wp-json\/wp\/v2\/product_tag?post=53463"}],"curies":[{"name":"wp","href":"https:\/\/api.w.org\/{rel}","templated":true}]}}