{"id":53465,"date":"2022-06-22T11:25:07","date_gmt":"2022-06-22T09:25:07","guid":{"rendered":"https:\/\/secureus.se\/produkt\/radiosandare-ernp\/"},"modified":"2026-03-26T12:14:19","modified_gmt":"2026-03-26T11:14:19","slug":"radiosandare-ernp","status":"publish","type":"product","link":"https:\/\/secureus.se\/pl\/radiosandare-ernp\/","title":{"rendered":"Nadajnik radiowy Ernp"},"content":{"rendered":"<p>Nadajnik radiowy z czterema przyciskami o nowoczesnym wygl\u0105dzie z wbudowan\u0105 tac\u0105 prox. Pasuje do wszystkich odbiornik\u00f3w radiowych CDVI pracuj\u0105cych na tej samej cz\u0119stotliwo\u015bci (433,92 MHz). Doskona\u0142y do sterowania automatycznymi nap\u0119dami do drzwi, o\u015bwietleniem, alarmami itp.<\/p>","protected":false},"excerpt":{"rendered":"<p>Nadajnik radiowy z czterema przyciskami o nowoczesnym wygl\u0105dzie z wbudowan\u0105 tac\u0105 prox. Pasuje do wszystkich odbiornik\u00f3w radiowych CDVI pracuj\u0105cych na tej samej cz\u0119stotliwo\u015bci (433,92 MHz). Doskona\u0142y do sterowania automatycznymi nap\u0119dami do drzwi, o\u015bwietleniem, alarmami itp.<\/p>","protected":false},"featured_media":143512,"template":"","meta":{"_acf_changed":false},"product_brand":[],"product_cat":[1616],"product_tag":[2273],"class_list":{"0":"post-53465","1":"product","2":"type-product","3":"status-publish","4":"has-post-thumbnail","6":"product_cat-radiosandare-mottagare","7":"product_tag-radio-sandare-erone","8":"product_shipping_class-tunga-paket","9":"tm-no-options","11":"first","12":"outofstock","13":"sale","14":"taxable","15":"shipping-taxable","16":"purchasable","17":"product-type-simple"},"acf":[],"_links":{"self":[{"href":"https:\/\/secureus.se\/pl\/wp-json\/wp\/v2\/product\/53465","targetHints":{"allow":["GET"]}}],"collection":[{"href":"https:\/\/secureus.se\/pl\/wp-json\/wp\/v2\/product"}],"about":[{"href":"https:\/\/secureus.se\/pl\/wp-json\/wp\/v2\/types\/product"}],"wp:featuredmedia":[{"embeddable":true,"href":"https:\/\/secureus.se\/pl\/wp-json\/wp\/v2\/media\/143512"}],"wp:attachment":[{"href":"https:\/\/secureus.se\/pl\/wp-json\/wp\/v2\/media?parent=53465"}],"wp:term":[{"taxonomy":"product_brand","embeddable":true,"href":"https:\/\/secureus.se\/pl\/wp-json\/wp\/v2\/product_brand?post=53465"},{"taxonomy":"product_cat","embeddable":true,"href":"https:\/\/secureus.se\/pl\/wp-json\/wp\/v2\/product_cat?post=53465"},{"taxonomy":"product_tag","embeddable":true,"href":"https:\/\/secureus.se\/pl\/wp-json\/wp\/v2\/product_tag?post=53465"}],"curies":[{"name":"wp","href":"https:\/\/api.w.org\/{rel}","templated":true}]}}