{"id":53471,"date":"2022-06-22T11:21:27","date_gmt":"2022-06-22T09:21:27","guid":{"rendered":"https:\/\/secureus.se\/produkt\/radiosandare-s3tr2641t4\/"},"modified":"2026-04-08T16:42:08","modified_gmt":"2026-04-08T14:42:08","slug":"radiosandare-s3tr2641t4","status":"publish","type":"product","link":"https:\/\/secureus.se\/pl\/radiosandare-s3tr2641t4\/","title":{"rendered":"Nadajnik radiowy S3Tr2641T4"},"content":{"rendered":"<p>Nadajnik radiowy z czterema przyciskami o nowoczesnym wygl\u0105dzie, pasuj\u0105cy do naszego uchwytu na pasek SESMT1527. Pasuje do wszystkich odbiornik\u00f3w radiowych CDVI pracuj\u0105cych na tej samej cz\u0119stotliwo\u015bci (433,92 MHz). Doskona\u0142y do sterowania automatycznymi drzwiami, o\u015bwietleniem, alarmami itp.<\/p>","protected":false},"excerpt":{"rendered":"<p>Radios\u00e4ndare med fyra knappar i modern design, som passar till v\u00e5ran b\u00e4ltesh\u00e5llare SESMT1527. Passar till alla CDVI:s radiomottagare som arbetar p\u00e5 samma frekvens (433.92MHz). Utm\u00e4rkt f\u00f6r att styra d\u00f6rrautomatiker, belysning,<\/p>","protected":false},"featured_media":143669,"template":"","meta":{"_acf_changed":false},"product_brand":[],"product_cat":[1616],"product_tag":[2273],"class_list":{"0":"post-53471","1":"product","2":"type-product","3":"status-publish","4":"has-post-thumbnail","6":"product_cat-radiosandare-mottagare","7":"product_tag-radio-sandare-erone","8":"product_shipping_class-postnord-varubrev","9":"pa_brands-cdvi","10":"tm-no-options","12":"first","13":"outofstock","14":"sale","15":"taxable","16":"shipping-taxable","17":"purchasable","18":"product-type-simple"},"acf":[],"_links":{"self":[{"href":"https:\/\/secureus.se\/pl\/wp-json\/wp\/v2\/product\/53471","targetHints":{"allow":["GET"]}}],"collection":[{"href":"https:\/\/secureus.se\/pl\/wp-json\/wp\/v2\/product"}],"about":[{"href":"https:\/\/secureus.se\/pl\/wp-json\/wp\/v2\/types\/product"}],"wp:featuredmedia":[{"embeddable":true,"href":"https:\/\/secureus.se\/pl\/wp-json\/wp\/v2\/media\/143669"}],"wp:attachment":[{"href":"https:\/\/secureus.se\/pl\/wp-json\/wp\/v2\/media?parent=53471"}],"wp:term":[{"taxonomy":"product_brand","embeddable":true,"href":"https:\/\/secureus.se\/pl\/wp-json\/wp\/v2\/product_brand?post=53471"},{"taxonomy":"product_cat","embeddable":true,"href":"https:\/\/secureus.se\/pl\/wp-json\/wp\/v2\/product_cat?post=53471"},{"taxonomy":"product_tag","embeddable":true,"href":"https:\/\/secureus.se\/pl\/wp-json\/wp\/v2\/product_tag?post=53471"}],"curies":[{"name":"wp","href":"https:\/\/api.w.org\/{rel}","templated":true}]}}