{"id":53474,"date":"2022-06-22T11:19:51","date_gmt":"2022-06-22T09:19:51","guid":{"rendered":"https:\/\/secureus.se\/produkt\/vagghallare-sesmt03\/"},"modified":"2026-03-26T12:17:27","modified_gmt":"2026-03-26T11:17:27","slug":"vagghallare-sesmt03","status":"publish","type":"product","link":"https:\/\/secureus.se\/pl\/vagghallare-sesmt03\/","title":{"rendered":"Uchwyt \u015bcienny Sesmt03"},"content":{"rendered":"<p>Uchwyt do nadajnik\u00f3w radiowych modeli S2TR2641Ex. Dost\u0119pny w kilku kolorach.<\/p>","protected":false},"excerpt":{"rendered":"<p>Uchwyt do nadajnik\u00f3w radiowych modeli S2TR2641Ex. Dost\u0119pny w kilku kolorach.<\/p>","protected":false},"featured_media":143429,"template":"","meta":{"_acf_changed":false},"product_brand":[],"product_cat":[1616],"product_tag":[2273],"class_list":{"0":"post-53474","1":"product","2":"type-product","3":"status-publish","4":"has-post-thumbnail","6":"product_cat-radiosandare-mottagare","7":"product_tag-radio-sandare-erone","8":"product_shipping_class-postnord-varubrev","9":"pa_brands-cdvi","10":"tm-no-options","12":"first","13":"instock","14":"sale","15":"taxable","16":"shipping-taxable","17":"purchasable","18":"product-type-simple"},"acf":[],"_links":{"self":[{"href":"https:\/\/secureus.se\/pl\/wp-json\/wp\/v2\/product\/53474","targetHints":{"allow":["GET"]}}],"collection":[{"href":"https:\/\/secureus.se\/pl\/wp-json\/wp\/v2\/product"}],"about":[{"href":"https:\/\/secureus.se\/pl\/wp-json\/wp\/v2\/types\/product"}],"wp:featuredmedia":[{"embeddable":true,"href":"https:\/\/secureus.se\/pl\/wp-json\/wp\/v2\/media\/143429"}],"wp:attachment":[{"href":"https:\/\/secureus.se\/pl\/wp-json\/wp\/v2\/media?parent=53474"}],"wp:term":[{"taxonomy":"product_brand","embeddable":true,"href":"https:\/\/secureus.se\/pl\/wp-json\/wp\/v2\/product_brand?post=53474"},{"taxonomy":"product_cat","embeddable":true,"href":"https:\/\/secureus.se\/pl\/wp-json\/wp\/v2\/product_cat?post=53474"},{"taxonomy":"product_tag","embeddable":true,"href":"https:\/\/secureus.se\/pl\/wp-json\/wp\/v2\/product_tag?post=53474"}],"curies":[{"name":"wp","href":"https:\/\/api.w.org\/{rel}","templated":true}]}}