{"id":53475,"date":"2022-06-22T11:19:37","date_gmt":"2022-06-22T09:19:37","guid":{"rendered":"https:\/\/secureus.se\/produkt\/radiosandare-setr2641am2-c\/"},"modified":"2026-03-26T12:17:32","modified_gmt":"2026-03-26T11:17:32","slug":"radiosandare-setr2641am2-c","status":"publish","type":"product","link":"https:\/\/secureus.se\/pl\/radiosandare-setr2641am2-c\/","title":{"rendered":"Nadajnik radiowy Setr2641Am2.C"},"content":{"rendered":"<p>Ma\u0142y nadajnik radiowy z dwoma przyciskami o stylowym wygl\u0105dzie, dost\u0119pny w kilku r\u00f3\u017cnych kolorach. Pasuje do wszystkich odbiornik\u00f3w radiowych CDVI pracuj\u0105cych na tej samej cz\u0119stotliwo\u015bci (433,92 MHz). Doskona\u0142y do sterowania automatycznymi nap\u0119dami do drzwi, o\u015bwietleniem, alarmami itp.<\/p>","protected":false},"excerpt":{"rendered":"<p>Ma\u0142y nadajnik radiowy z dwoma przyciskami o stylowym wygl\u0105dzie, dost\u0119pny w kilku r\u00f3\u017cnych kolorach. Pasuje do wszystkich odbiornik\u00f3w radiowych CDVI pracuj\u0105cych na tej samej cz\u0119stotliwo\u015bci (433,92 MHz). Doskona\u0142y do sterowania automatycznymi nap\u0119dami do drzwi, o\u015bwietleniem,<\/p>","protected":false},"featured_media":144352,"template":"","meta":{"_acf_changed":false},"product_brand":[],"product_cat":[1616],"product_tag":[2273],"class_list":{"0":"post-53475","1":"product","2":"type-product","3":"status-publish","4":"has-post-thumbnail","6":"product_cat-radiosandare-mottagare","7":"product_tag-radio-sandare-erone","8":"product_shipping_class-postnord-varubrev","9":"pa_brands-cdvi","10":"tm-no-options","12":"first","13":"outofstock","14":"sale","15":"taxable","16":"shipping-taxable","17":"purchasable","18":"product-type-simple"},"acf":[],"_links":{"self":[{"href":"https:\/\/secureus.se\/pl\/wp-json\/wp\/v2\/product\/53475","targetHints":{"allow":["GET"]}}],"collection":[{"href":"https:\/\/secureus.se\/pl\/wp-json\/wp\/v2\/product"}],"about":[{"href":"https:\/\/secureus.se\/pl\/wp-json\/wp\/v2\/types\/product"}],"wp:featuredmedia":[{"embeddable":true,"href":"https:\/\/secureus.se\/pl\/wp-json\/wp\/v2\/media\/144352"}],"wp:attachment":[{"href":"https:\/\/secureus.se\/pl\/wp-json\/wp\/v2\/media?parent=53475"}],"wp:term":[{"taxonomy":"product_brand","embeddable":true,"href":"https:\/\/secureus.se\/pl\/wp-json\/wp\/v2\/product_brand?post=53475"},{"taxonomy":"product_cat","embeddable":true,"href":"https:\/\/secureus.se\/pl\/wp-json\/wp\/v2\/product_cat?post=53475"},{"taxonomy":"product_tag","embeddable":true,"href":"https:\/\/secureus.se\/pl\/wp-json\/wp\/v2\/product_tag?post=53475"}],"curies":[{"name":"wp","href":"https:\/\/api.w.org\/{rel}","templated":true}]}}