{"id":53476,"date":"2022-06-22T11:19:30","date_gmt":"2022-06-22T09:19:30","guid":{"rendered":"https:\/\/secureus.se\/produkt\/radiosandare-setr2641am2-n\/"},"modified":"2026-04-08T16:43:55","modified_gmt":"2026-04-08T14:43:55","slug":"radiosandare-setr2641am2-n","status":"publish","type":"product","link":"https:\/\/secureus.se\/pl\/radiosandare-setr2641am2-n\/","title":{"rendered":"Nadajnik radiowy SETR2641AM2.N \u2013 CDVI 433 MHz, 2 przyciski, KeeLoq\u00ae"},"content":{"rendered":"<h3 data-start=\"593\" data-end=\"661\">Nadajnik radiowy SETR2641AM2.N \u2013 CDVI 433 MHz, 2 przyciski, KeeLoq\u00ae<\/h3>\n<p data-start=\"662\" data-end=\"954\"><strong data-start=\"662\" data-end=\"679\">SETR2641AM2.N<\/strong> jest jeden <strong data-start=\"686\" data-end=\"710\">kompaktowy nadajnik radiowy<\/strong> z dwoma przyciskami funkcyjnymi, zaprojektowanymi do bezpiecznego i niezawodnego sterowania <strong data-start=\"782\" data-end=\"839\">drzwi automatyczne, bramy, o\u015bwietlenie i systemy alarmowe<\/strong>.<br data-start=\"840\" data-end=\"843\" \/>Nadajnik jest cz\u0119\u015bci\u0105 <strong data-start=\"865\" data-end=\"889\">Seria 433 MHz firmy CDVI<\/strong> i jest w pe\u0142ni kompatybilny z odbiornikami dzia\u0142aj\u0105cymi w tym samym pa\u015bmie cz\u0119stotliwo\u015bci.<\/p>\n<p data-start=\"956\" data-end=\"1137\">U\u017cywa <strong data-start=\"969\" data-end=\"993\">Kod przeskokowy KeeLoq\u00ae<\/strong>, zaawansowana technologia szyfrowania, kt\u00f3ra generuje nowy kod przy ka\u017cdej transmisji, skutecznie chroni\u0105c przed skanowaniem i kopiowaniem sygna\u0142u.<\/p>\n<hr data-start=\"1139\" data-end=\"1142\" \/>\n<h3 data-start=\"1144\" data-end=\"1170\">Dane techniczne<\/h3>\n<ul data-start=\"1171\" data-end=\"1544\">\n<li data-start=\"1171\" data-end=\"1199\">\n<p data-start=\"1173\" data-end=\"1199\"><strong data-start=\"1173\" data-end=\"1186\">Cz\u0119stotliwo\u015b\u0107:<\/strong> 433,92 MHz<\/p>\n<\/li>\n<li data-start=\"1200\" data-end=\"1224\">\n<p data-start=\"1202\" data-end=\"1224\"><strong data-start=\"1202\" data-end=\"1220\">Liczba przycisk\u00f3w:<\/strong> 2<\/p>\n<\/li>\n<li data-start=\"1225\" data-end=\"1268\">\n<p data-start=\"1227\" data-end=\"1268\"><strong data-start=\"1227\" data-end=\"1240\">Zakres:<\/strong> do 200 m (w linii wzroku)<\/p>\n<\/li>\n<li data-start=\"1269\" data-end=\"1309\">\n<p data-start=\"1271\" data-end=\"1309\"><strong data-start=\"1271\" data-end=\"1286\">Szyfrowanie:<\/strong> Kod przeskokowy KeeLoq\u00ae<\/p>\n<\/li>\n<li data-start=\"1310\" data-end=\"1344\">\n<p data-start=\"1312\" data-end=\"1344\"><strong data-start=\"1312\" data-end=\"1324\">Bateria:<\/strong> 2 \u00d7 CR2016 litowe<\/p>\n<\/li>\n<li data-start=\"1345\" data-end=\"1371\">\n<p data-start=\"1347\" data-end=\"1371\"><strong data-start=\"1347\" data-end=\"1365\">Napi\u0119cie robocze:<\/strong> 3 V<\/p>\n<\/li>\n<li data-start=\"1372\" data-end=\"1417\">\n<p data-start=\"1374\" data-end=\"1417\"><strong data-start=\"1374\" data-end=\"1383\">Farba:<\/strong> Szary (dost\u0119pny r\u00f3wnie\u017c w kilku kolorach)<\/p>\n<\/li>\n<li data-start=\"1418\" data-end=\"1476\">\n<p data-start=\"1420\" data-end=\"1476\"><strong data-start=\"1420\" data-end=\"1429\">Mierzy\u0107:<\/strong> Kompaktowa konstrukcja \u2013 \u0142atwa do noszenia na breloku<\/p>\n<\/li>\n<li data-start=\"1477\" data-end=\"1544\">\n<p data-start=\"1479\" data-end=\"1544\"><strong data-start=\"1479\" data-end=\"1498\">Zgodno\u015b\u0107:<\/strong> Pasuje do wszystkich odbiornik\u00f3w CDVI z serii 433 MHz<\/p>\n<\/li>\n<\/ul>\n<hr data-start=\"1546\" data-end=\"1549\" \/>\n<h3 data-start=\"1551\" data-end=\"1581\">Funkcja i zastosowanie<\/h3>\n<p data-start=\"1582\" data-end=\"1819\">Ka\u017cdemu nadajnikowi przypisany jest unikalny numer seryjny, a on sam automatycznie synchronizuje si\u0119 z odbiornikiem.<br data-start=\"1673\" data-end=\"1676\" \/>System przechowuje identyfikatory i klucze szyfruj\u0105ce w pami\u0119ci EEPROM, umo\u017cliwiaj\u0105c obs\u0142ug\u0119 wielu nadajnik\u00f3w na odbiornik \u2013 idealne rozwi\u0105zanie dla <strong data-start=\"1794\" data-end=\"1816\">system wielodost\u0119pny<\/strong>.<\/p>\n<p data-start=\"1821\" data-end=\"1861\">Nadajnik mo\u017ce by\u0107 u\u017cywany do sterowania:<\/p>\n<ul data-start=\"1862\" data-end=\"2007\">\n<li data-start=\"1862\" data-end=\"1890\">\n<p data-start=\"1864\" data-end=\"1890\">Bramy i drzwi gara\u017cowe<\/p>\n<\/li>\n<li data-start=\"1891\" data-end=\"1923\">\n<p data-start=\"1893\" data-end=\"1923\">Drzwi i rolety automatyczne<\/p>\n<\/li>\n<li data-start=\"1924\" data-end=\"1956\">\n<p data-start=\"1926\" data-end=\"1956\">Sterowanie alarmem i o\u015bwietleniem<\/p>\n<\/li>\n<li data-start=\"1957\" data-end=\"2007\">\n<p data-start=\"1959\" data-end=\"2007\">Funkcje bezpiecze\u0144stwa w przemy\u015ble i nieruchomo\u015bciach<\/p>\n<\/li>\n<\/ul>\n<hr data-start=\"2009\" data-end=\"2012\" \/>\n<h3 data-start=\"2014\" data-end=\"2029\">Korzy\u015bci<\/h3>\n<ul data-start=\"2030\" data-end=\"2237\">\n<li data-start=\"2030\" data-end=\"2069\">\n<p data-start=\"2032\" data-end=\"2069\">Wysokie bezpiecze\u0144stwo dzi\u0119ki szyfrowaniu KeeLoq\u00ae<\/p>\n<\/li>\n<li data-start=\"2070\" data-end=\"2109\">\n<p data-start=\"2072\" data-end=\"2109\">Kompatybilny z ca\u0142\u0105 seri\u0105 CDVI 433<\/p>\n<\/li>\n<li data-start=\"2110\" data-end=\"2141\">\n<p data-start=\"2112\" data-end=\"2141\">Zasi\u0119g do 200 metr\u00f3w<\/p>\n<\/li>\n<li data-start=\"2142\" data-end=\"2196\">\n<p data-start=\"2144\" data-end=\"2196\">Ma\u0142a i wytrzyma\u0142a konstrukcja \u2013 idealna na brelok<\/p>\n<\/li>\n<li data-start=\"2197\" data-end=\"2237\">\n<p data-start=\"2199\" data-end=\"2237\">\u0141atwa instalacja i programowanie<\/p>\n<\/li>\n<\/ul>\n<hr data-start=\"2239\" data-end=\"2242\" \/>\n<h3 data-start=\"2244\" data-end=\"2259\">Tre\u015b\u0107<\/h3>\n<ul data-start=\"2260\" data-end=\"2359\">\n<li data-start=\"2260\" data-end=\"2294\">\n<p data-start=\"2262\" data-end=\"2294\">1 \u00d7 Nadajnik radiowy SETR2641AM2.N<\/p>\n<\/li>\n<li data-start=\"2295\" data-end=\"2340\">\n<p data-start=\"2297\" data-end=\"2340\">2 baterie litowe CR2016 (w zestawie)<\/p>\n<\/li>\n<li data-start=\"2341\" data-end=\"2359\">\n<p data-start=\"2343\" data-end=\"2359\">Instrukcje u\u017cytkowania<\/p>\n<\/li>\n<\/ul>","protected":false},"excerpt":{"rendered":"<p>Kompaktowy <strong data-start=\"282\" data-end=\"303\">Nadajnik radiowy CDVI<\/strong> z <strong data-start=\"308\" data-end=\"323\">dwa przyciski<\/strong> i do <strong data-start=\"337\" data-end=\"355\">Zasi\u0119g 200m<\/strong>.<br data-start=\"356\" data-end=\"359\" \/>Zastosowania <strong data-start=\"368\" data-end=\"392\">Kod przeskokowy KeeLoq\u00ae<\/strong> dla zapewnienia wysokiego poziomu bezpiecze\u0144stwa.<br data-start=\"410\" data-end=\"413\" \/>Kompatybilny ze wszystkimi <strong data-start=\"433\" data-end=\"462\">Odbiornik CDVI 433,92 MHz<\/strong> \u2013 idealny do sterowania <strong data-start=\"490\" data-end=\"529\">bramy, drzwi, o\u015bwietlenie i alarmy<\/strong>.<\/p>","protected":false},"featured_media":143924,"template":"","meta":{"_acf_changed":false},"product_brand":[],"product_cat":[1616],"product_tag":[2273],"class_list":{"0":"post-53476","1":"product","2":"type-product","3":"status-publish","4":"has-post-thumbnail","6":"product_cat-radiosandare-mottagare","7":"product_tag-radio-sandare-erone","8":"product_shipping_class-postnord-varubrev","9":"pa_brands-cdvi","10":"tm-has-options","12":"first","13":"instock","14":"taxable","15":"shipping-taxable","16":"purchasable","17":"product-type-simple"},"acf":[],"_links":{"self":[{"href":"https:\/\/secureus.se\/pl\/wp-json\/wp\/v2\/product\/53476","targetHints":{"allow":["GET"]}}],"collection":[{"href":"https:\/\/secureus.se\/pl\/wp-json\/wp\/v2\/product"}],"about":[{"href":"https:\/\/secureus.se\/pl\/wp-json\/wp\/v2\/types\/product"}],"wp:featuredmedia":[{"embeddable":true,"href":"https:\/\/secureus.se\/pl\/wp-json\/wp\/v2\/media\/143924"}],"wp:attachment":[{"href":"https:\/\/secureus.se\/pl\/wp-json\/wp\/v2\/media?parent=53476"}],"wp:term":[{"taxonomy":"product_brand","embeddable":true,"href":"https:\/\/secureus.se\/pl\/wp-json\/wp\/v2\/product_brand?post=53476"},{"taxonomy":"product_cat","embeddable":true,"href":"https:\/\/secureus.se\/pl\/wp-json\/wp\/v2\/product_cat?post=53476"},{"taxonomy":"product_tag","embeddable":true,"href":"https:\/\/secureus.se\/pl\/wp-json\/wp\/v2\/product_tag?post=53476"}],"curies":[{"name":"wp","href":"https:\/\/api.w.org\/{rel}","templated":true}]}}