{"id":53497,"date":"2022-06-22T11:34:33","date_gmt":"2022-06-22T09:34:33","guid":{"rendered":"https:\/\/secureus.se\/produkt\/digitag-sandare-dtxt5434mp\/"},"modified":"2026-04-23T11:59:14","modified_gmt":"2026-04-23T09:59:14","slug":"digitag-sandare-dtxt5434mp","status":"publish","type":"product","link":"https:\/\/secureus.se\/pl\/digitag-sandare-dtxt5434mp\/","title":{"rendered":"Nadajnik Digitag Dtxt5434Mp"},"content":{"rendered":"<p>Nadajniki bezdotykowe DigiTag LR to unikalna seria tzw. aktywnych znacznik\u00f3w zbli\u017ceniowych lub znacznik\u00f3w dalekiego zasi\u0119gu do prawdziwie bezkontaktowego przejazdu, nadajnik posiada wbudowany czujnik ruchu, co oznacza, \u017ce je\u017celi nadajnik jest nieruchomy, przechodzi w tryb u\u015bpienia i przestaje wysy\u0142a\u0107 sygna\u0142y, aby wyd\u0142u\u017cy\u0107 \u017cywotno\u015b\u0107 baterii. \u015awietnie sprawdza si\u0119 w szpitalach, gara\u017cach, magazynach\/sklepach i innych obiektach wymagaj\u0105cych bezdotykowego przej\u015bcia przez chronione przestrzenie. Sygna\u0142 pomi\u0119dzy nadajnikiem a odbiornikiem jest szyfrowany za pomoc\u0105 Kelloq\u00ae \u201eRolling code\u201d, co znacznie utrudnia jego skopiowanie. Karta ma r\u00f3wnie\u017c wbudowany uk\u0142ad EM 125 kHz. Certyfikat CE i certyfikat R&amp;TTE. Pob\u00f3r mocy: 4mA podczas transmisji. Cz\u0119stotliwo\u015b\u0107: 433,92 MHz AM.<\/p>","protected":false},"excerpt":{"rendered":"<p>Nadajnik bezdotykowy DigiTag LR to unikalna seria tzw. aktywnych znacznik\u00f3w zbli\u017ceniowych lub znacznik\u00f3w d\u0142ugodystansowych do prawdziwie bezkontaktowego przemieszczania si\u0119, nadajnik posiada wbudowany czujnik ruchu, co oznacza, \u017ce w przypadku<\/p>","protected":false},"featured_media":144271,"template":"","meta":{"_acf_changed":false},"product_brand":[],"product_cat":[1616],"product_tag":[2277],"class_list":{"0":"post-53497","1":"product","2":"type-product","3":"status-publish","4":"has-post-thumbnail","6":"product_cat-radiosandare-mottagare","7":"product_tag-radio-sandare-digitag","8":"product_shipping_class-tunga-paket","9":"tm-no-options","11":"first","12":"outofstock","13":"sale","14":"taxable","15":"shipping-taxable","16":"purchasable","17":"product-type-simple"},"acf":[],"_links":{"self":[{"href":"https:\/\/secureus.se\/pl\/wp-json\/wp\/v2\/product\/53497","targetHints":{"allow":["GET"]}}],"collection":[{"href":"https:\/\/secureus.se\/pl\/wp-json\/wp\/v2\/product"}],"about":[{"href":"https:\/\/secureus.se\/pl\/wp-json\/wp\/v2\/types\/product"}],"wp:featuredmedia":[{"embeddable":true,"href":"https:\/\/secureus.se\/pl\/wp-json\/wp\/v2\/media\/144271"}],"wp:attachment":[{"href":"https:\/\/secureus.se\/pl\/wp-json\/wp\/v2\/media?parent=53497"}],"wp:term":[{"taxonomy":"product_brand","embeddable":true,"href":"https:\/\/secureus.se\/pl\/wp-json\/wp\/v2\/product_brand?post=53497"},{"taxonomy":"product_cat","embeddable":true,"href":"https:\/\/secureus.se\/pl\/wp-json\/wp\/v2\/product_cat?post=53497"},{"taxonomy":"product_tag","embeddable":true,"href":"https:\/\/secureus.se\/pl\/wp-json\/wp\/v2\/product_tag?post=53497"}],"curies":[{"name":"wp","href":"https:\/\/api.w.org\/{rel}","templated":true}]}}