{"id":53507,"date":"2022-06-22T11:28:50","date_gmt":"2022-06-22T09:28:50","guid":{"rendered":"https:\/\/secureus.se\/produkt\/radiomottagare-sel2641r433-xpl-7\/"},"modified":"2026-04-08T16:53:40","modified_gmt":"2026-04-08T14:53:40","slug":"radiomottagare-sel2641r433-xpl-7","status":"publish","type":"product","link":"https:\/\/secureus.se\/pl\/radiomottagare-sel2641r433-xpl-7\/","title":{"rendered":"Odbiornik radiowy Sel2641R433-Xpl"},"content":{"rendered":"<p>Bezprzewodowy odbiornik radiowy z miejscem na 500 nadajnik\u00f3w. Doskona\u0142y do sterowania bramami, furtkami, o\u015bwietleniem, alarmami itp. Cztery wyj\u015bcia przeka\u017anikowe programowalne jako impulsowe, przemienne lub sterowane czasowo. Odbiornik radiowy posiada pod\u015bwietlany wy\u015bwietlacz LCD u\u0142atwiaj\u0105cy programowanie. Istnieje mo\u017cliwo\u015b\u0107 wsadowego \u0142adowania nadajnik\u00f3w w kolejno\u015bci numer\u00f3w seryjnych i tworzenia kopii zapasowych w pami\u0119ci (MXPL) oraz mo\u017cliwo\u015b\u0107 zwi\u0119kszenia zasi\u0119gu za pomoc\u0105 anteny zewn\u0119trznej (SEA433). Szyfrowanie: kod zmienny KeeLoq\u00ae. Cz\u0119stotliwo\u015b\u0107: 433,92 MHz.<\/p>","protected":false},"excerpt":{"rendered":"<p>Bezprzewodowy odbiornik radiowy z miejscem na 500 nadajnik\u00f3w. Doskona\u0142y do sterowania bramami, furtkami, o\u015bwietleniem, alarmami itp. Cztery wyj\u015bcia przeka\u017anikowe programowalne jako impulsowe, przemienne lub sterowane czasowo. Odbiornik radiowy posiada pod\u015bwietlany wy\u015bwietlacz LCD<\/p>","protected":false},"featured_media":143633,"template":"","meta":{"_acf_changed":false},"product_brand":[],"product_cat":[1616],"product_tag":[2272],"class_list":{"0":"post-53507","1":"product","2":"type-product","3":"status-publish","4":"has-post-thumbnail","6":"product_cat-radiosandare-mottagare","7":"product_tag-radio-mottagare-erone","8":"product_shipping_class-tunga-paket","9":"tm-no-options","11":"first","12":"outofstock","13":"sale","14":"taxable","15":"shipping-taxable","16":"purchasable","17":"product-type-simple"},"acf":[],"_links":{"self":[{"href":"https:\/\/secureus.se\/pl\/wp-json\/wp\/v2\/product\/53507","targetHints":{"allow":["GET"]}}],"collection":[{"href":"https:\/\/secureus.se\/pl\/wp-json\/wp\/v2\/product"}],"about":[{"href":"https:\/\/secureus.se\/pl\/wp-json\/wp\/v2\/types\/product"}],"wp:featuredmedia":[{"embeddable":true,"href":"https:\/\/secureus.se\/pl\/wp-json\/wp\/v2\/media\/143633"}],"wp:attachment":[{"href":"https:\/\/secureus.se\/pl\/wp-json\/wp\/v2\/media?parent=53507"}],"wp:term":[{"taxonomy":"product_brand","embeddable":true,"href":"https:\/\/secureus.se\/pl\/wp-json\/wp\/v2\/product_brand?post=53507"},{"taxonomy":"product_cat","embeddable":true,"href":"https:\/\/secureus.se\/pl\/wp-json\/wp\/v2\/product_cat?post=53507"},{"taxonomy":"product_tag","embeddable":true,"href":"https:\/\/secureus.se\/pl\/wp-json\/wp\/v2\/product_tag?post=53507"}],"curies":[{"name":"wp","href":"https:\/\/api.w.org\/{rel}","templated":true}]}}